{"id":1022,"date":"2025-02-03T10:20:35","date_gmt":"2025-02-03T10:20:35","guid":{"rendered":"https:\/\/www.deixalles81.cat\/?page_id=1022"},"modified":"2025-02-03T10:20:35","modified_gmt":"2025-02-03T10:20:35","slug":"la-filla-del-mar","status":"publish","type":"page","link":"https:\/\/www.deixalles81.cat\/index.php\/la-filla-del-mar\/","title":{"rendered":"&#8220;La filla del mar&#8221;"},"content":{"rendered":"\n<h4 class=\"wp-block-heading has-text-align-right\">d&#8217;\u00c0ngel Guimer\u00e0<\/h4>\n\n\n\n<p class=\"has-large-font-size\"><strong>SINOPSI:<\/strong><\/p>\n\n\n\n<p>L\u2019\u00c0gata, una jove rescatada del mar quan era una nena, ha crescut en un petit poble de la costa, que la va acollir com si fos una \udbc0\udcd1lla m\u00e9s. Per\u00f2 sempre ser\u00e0 l\u2019estranya, la diferent, l\u2019acollida\u2026 I \u00e9s per aquest motiu que la Mariona i el Pere M\u00e0rtir, per consumar el seu amor secret, la utilitzaran com si d\u2019un objecte es tract\u00e9s, segons la seva conveni\u00e8ncia. Aquest triangle Amor\u00f3s, tot i n\u00e9ixer com un engany, la portar\u00e0 a viure un amor rom\u00e0ntic, extrem, purament instintiu i boig, que desencadenar\u00e0 tr\u00e0giques conseq\u00fc\u00e8ncies.<\/p>\n\n\n\n<p class=\"has-large-font-size\"><strong>REPARTIMENT:<\/strong><\/p>\n\n\n\n<p>\u00c0gata &#8212;&#8212;&#8212;&#8212;&#8211; Carla Canet<br>Pere M\u00e0rtir &#8212;&#8212;&#8212;&#8212;&#8211; Oriol Torres<br>Mariona &#8212;&#8212;&#8212;&#8212;&#8211; J\u00falia Palau<br>Catarina &#8212;&#8212;&#8212;&#8212;&#8211; Queralt D\u00edaz<br>Gregori &#8212;&#8212;&#8212;&#8212;&#8211; Brian Petitb\u00f2<br>Llu\u00efseta &#8212;&#8212;&#8212;&#8212;&#8211; Joana Obradors<br>Rufet &#8212;&#8212;&#8212;&#8212;&#8211; Eloi Canet<br>Filomena &#8212;&#8212;&#8212;&#8212;&#8211; Nina Claveria<br>M\u00f2llera &#8212;&#8212;&#8212;&#8212;&#8211; Marc Serrats<br>Aina &#8212;&#8212;&#8212;&#8212;&#8211; Cl\u00e0udia Mir<br>Pescadors\/es &#8212;&#8212;&#8212;&#8212;&#8211; Albert Serrats, Mireia Fern\u00e1ndez, Adri\u00e0 Capdevila, Lluna Verge, Martina Baqu\u00e9s, Anna Fern\u00e1ndez, J\u00falia Falguera, Luna Sorribas, Martina L\u00f3pez<\/p>\n\n\n\n<p class=\"has-large-font-size\"><strong>FITXA T\u00c8CNICA:<\/strong><\/p>\n\n\n\n<p>Escenografia: Deixalles 81<br>Tramoies: Climent Codina, Pepe D\u00edaz, Joan Petitb\u00f2, Pere Segal\u00e9s, Manel Abengozar<br>Vestuari: Rosa Figueras, Conxita Torras<br>Il\u00b7luminaci\u00f3: Pau Arissa<br>So: Marc Jim\u00e9nez<br>Interpretaci\u00f3 i t\u00e8cnica vocal: N\u00faria Dardiny\u00e0<br>DIRECCI\u00d3: Pau Arissa i Josep Canet<\/p>\n\n\n\n<p>Podeu visualitzar l\u2019obra clicant\u00a0<a href=\"https:\/\/www.youtube.com\/watch?v=Fl9yy-yqwy8\">aqu\u00ed<\/a>.<\/p>\n\n\n\n<p class=\"has-large-font-size\"><strong>L&#8217;OBRA:<\/strong><\/p>\n\n\n\n<p>Us proposem una platja, o un port, \u00e9s igual; un indret on es troben pescadors i cosidores, treballadors i amos, rics i pobres. Un espai on totes les mirades es centren en qui festeja amb qui, en qui segueix una vida honorable o al contrari, qui viu m\u00e9s al l\u00edmit de la deshonra.<\/p>\n\n\n\n<p>Feia temps que vol\u00edem tornar a interpretar un cl\u00e0ssic. Un cl\u00e0ssic dels que no passen de moda, dels que emocionen al p\u00fablic. Aprofitant la celebraci\u00f3 de l\u2019any Guimer\u00e0, vol\u00edem portar a escena una de les seves obres, de les grans, de les de \u201csang\u201d, que en diuen. Tamb\u00e9 busc\u00e0vem una obra que s\u2019adapt\u00e9s a les edats dels int\u00e8rprets, que permet\u00e9s una proximitat als personatges que els fes m\u00e9s verdaders.<\/p>\n\n\n\n<p>\u201cLa filla del mar\u201d compleix amb escreix aquestes premisses. \u00c9s una obra punyent, molt \u201cGuimer\u00e0\u201d, molt universal en el temps i la situaci\u00f3: El rebuig al que v\u00e9 de fora, l\u2019avar\u00edcia de la riquesa, l\u00b4enamorament pur i sense aturador. Una adaptaci\u00f3 que ens centra en el cor de l\u2019obra, el triangle amor\u00f3s que formen l\u00b4\u00c0gata, el Pere M\u00e0rtir i la Mariona. Un d\u2019aquells triangles que tant i tant s\u2019han utilitzat en la literatura i en la ficci\u00f3, i que nom\u00e9s pot acabar malament.<\/p>\n\n\n\n<figure class=\"wp-block-gallery has-nested-images columns-default is-cropped wp-block-gallery-1 is-layout-flex wp-block-gallery-is-layout-flex\">\n<figure class=\"wp-block-image size-large\"><img loading=\"lazy\" decoding=\"async\" width=\"1024\" height=\"683\" data-id=\"1025\" src=\"https:\/\/www.deixalles81.cat\/wp-content\/uploads\/2025\/02\/16-20241103-DSC_2897-2-1024x683.jpg\" alt=\"\" class=\"wp-image-1025\" srcset=\"https:\/\/www.deixalles81.cat\/wp-content\/uploads\/2025\/02\/16-20241103-DSC_2897-2-1024x683.jpg 1024w, https:\/\/www.deixalles81.cat\/wp-content\/uploads\/2025\/02\/16-20241103-DSC_2897-2-300x200.jpg 300w, https:\/\/www.deixalles81.cat\/wp-content\/uploads\/2025\/02\/16-20241103-DSC_2897-2-768x512.jpg 768w, https:\/\/www.deixalles81.cat\/wp-content\/uploads\/2025\/02\/16-20241103-DSC_2897-2-1536x1024.jpg 1536w, https:\/\/www.deixalles81.cat\/wp-content\/uploads\/2025\/02\/16-20241103-DSC_2897-2-2048x1365.jpg 2048w, https:\/\/www.deixalles81.cat\/wp-content\/uploads\/2025\/02\/16-20241103-DSC_2897-2-360x240.jpg 360w\" sizes=\"auto, (max-width: 1024px) 100vw, 1024px\" \/><\/figure>\n\n\n\n<figure class=\"wp-block-image size-large\"><img loading=\"lazy\" decoding=\"async\" width=\"1024\" height=\"683\" data-id=\"1038\" src=\"https:\/\/www.deixalles81.cat\/wp-content\/uploads\/2025\/02\/18-20241103-DSC_2905_2-2-1024x683.jpg\" alt=\"\" class=\"wp-image-1038\" srcset=\"https:\/\/www.deixalles81.cat\/wp-content\/uploads\/2025\/02\/18-20241103-DSC_2905_2-2-1024x683.jpg 1024w, https:\/\/www.deixalles81.cat\/wp-content\/uploads\/2025\/02\/18-20241103-DSC_2905_2-2-300x200.jpg 300w, https:\/\/www.deixalles81.cat\/wp-content\/uploads\/2025\/02\/18-20241103-DSC_2905_2-2-768x512.jpg 768w, https:\/\/www.deixalles81.cat\/wp-content\/uploads\/2025\/02\/18-20241103-DSC_2905_2-2-1536x1024.jpg 1536w, https:\/\/www.deixalles81.cat\/wp-content\/uploads\/2025\/02\/18-20241103-DSC_2905_2-2-2048x1365.jpg 2048w, https:\/\/www.deixalles81.cat\/wp-content\/uploads\/2025\/02\/18-20241103-DSC_2905_2-2-360x240.jpg 360w\" sizes=\"auto, (max-width: 1024px) 100vw, 1024px\" \/><\/figure>\n\n\n\n<figure class=\"wp-block-image size-large\"><img loading=\"lazy\" decoding=\"async\" width=\"1024\" height=\"683\" data-id=\"1036\" src=\"https:\/\/www.deixalles81.cat\/wp-content\/uploads\/2025\/02\/21-20241103-AGAFAR-RAWDSC_2924_3-2-1024x683.jpg\" alt=\"\" class=\"wp-image-1036\" srcset=\"https:\/\/www.deixalles81.cat\/wp-content\/uploads\/2025\/02\/21-20241103-AGAFAR-RAWDSC_2924_3-2-1024x683.jpg 1024w, https:\/\/www.deixalles81.cat\/wp-content\/uploads\/2025\/02\/21-20241103-AGAFAR-RAWDSC_2924_3-2-300x200.jpg 300w, https:\/\/www.deixalles81.cat\/wp-content\/uploads\/2025\/02\/21-20241103-AGAFAR-RAWDSC_2924_3-2-768x512.jpg 768w, https:\/\/www.deixalles81.cat\/wp-content\/uploads\/2025\/02\/21-20241103-AGAFAR-RAWDSC_2924_3-2-1536x1024.jpg 1536w, https:\/\/www.deixalles81.cat\/wp-content\/uploads\/2025\/02\/21-20241103-AGAFAR-RAWDSC_2924_3-2-2048x1365.jpg 2048w, https:\/\/www.deixalles81.cat\/wp-content\/uploads\/2025\/02\/21-20241103-AGAFAR-RAWDSC_2924_3-2-360x240.jpg 360w\" sizes=\"auto, (max-width: 1024px) 100vw, 1024px\" \/><\/figure>\n\n\n\n<figure class=\"wp-block-image size-large\"><img loading=\"lazy\" decoding=\"async\" width=\"1024\" height=\"683\" data-id=\"1040\" src=\"https:\/\/www.deixalles81.cat\/wp-content\/uploads\/2025\/02\/22-20241103-DSC_2942_2-1024x683.jpg\" alt=\"\" class=\"wp-image-1040\" srcset=\"https:\/\/www.deixalles81.cat\/wp-content\/uploads\/2025\/02\/22-20241103-DSC_2942_2-1024x683.jpg 1024w, https:\/\/www.deixalles81.cat\/wp-content\/uploads\/2025\/02\/22-20241103-DSC_2942_2-300x200.jpg 300w, https:\/\/www.deixalles81.cat\/wp-content\/uploads\/2025\/02\/22-20241103-DSC_2942_2-768x512.jpg 768w, https:\/\/www.deixalles81.cat\/wp-content\/uploads\/2025\/02\/22-20241103-DSC_2942_2-1536x1024.jpg 1536w, https:\/\/www.deixalles81.cat\/wp-content\/uploads\/2025\/02\/22-20241103-DSC_2942_2-2048x1365.jpg 2048w, https:\/\/www.deixalles81.cat\/wp-content\/uploads\/2025\/02\/22-20241103-DSC_2942_2-360x240.jpg 360w\" sizes=\"auto, (max-width: 1024px) 100vw, 1024px\" \/><\/figure>\n\n\n\n<figure class=\"wp-block-image size-large\"><img loading=\"lazy\" decoding=\"async\" width=\"1024\" height=\"683\" data-id=\"1041\" src=\"https:\/\/www.deixalles81.cat\/wp-content\/uploads\/2025\/02\/26-20241103-DSC_2972-2-1024x683.jpg\" alt=\"\" class=\"wp-image-1041\" srcset=\"https:\/\/www.deixalles81.cat\/wp-content\/uploads\/2025\/02\/26-20241103-DSC_2972-2-1024x683.jpg 1024w, https:\/\/www.deixalles81.cat\/wp-content\/uploads\/2025\/02\/26-20241103-DSC_2972-2-300x200.jpg 300w, https:\/\/www.deixalles81.cat\/wp-content\/uploads\/2025\/02\/26-20241103-DSC_2972-2-768x512.jpg 768w, https:\/\/www.deixalles81.cat\/wp-content\/uploads\/2025\/02\/26-20241103-DSC_2972-2-1536x1024.jpg 1536w, https:\/\/www.deixalles81.cat\/wp-content\/uploads\/2025\/02\/26-20241103-DSC_2972-2-2048x1365.jpg 2048w, https:\/\/www.deixalles81.cat\/wp-content\/uploads\/2025\/02\/26-20241103-DSC_2972-2-360x240.jpg 360w\" sizes=\"auto, (max-width: 1024px) 100vw, 1024px\" \/><\/figure>\n\n\n\n<figure class=\"wp-block-image size-large\"><img loading=\"lazy\" decoding=\"async\" width=\"1024\" height=\"683\" data-id=\"1030\" src=\"https:\/\/www.deixalles81.cat\/wp-content\/uploads\/2025\/02\/38-20241103-DSC_3033_2-1024x683.jpg\" alt=\"\" class=\"wp-image-1030\" srcset=\"https:\/\/www.deixalles81.cat\/wp-content\/uploads\/2025\/02\/38-20241103-DSC_3033_2-1024x683.jpg 1024w, https:\/\/www.deixalles81.cat\/wp-content\/uploads\/2025\/02\/38-20241103-DSC_3033_2-300x200.jpg 300w, https:\/\/www.deixalles81.cat\/wp-content\/uploads\/2025\/02\/38-20241103-DSC_3033_2-768x512.jpg 768w, https:\/\/www.deixalles81.cat\/wp-content\/uploads\/2025\/02\/38-20241103-DSC_3033_2-1536x1024.jpg 1536w, https:\/\/www.deixalles81.cat\/wp-content\/uploads\/2025\/02\/38-20241103-DSC_3033_2-2048x1365.jpg 2048w, https:\/\/www.deixalles81.cat\/wp-content\/uploads\/2025\/02\/38-20241103-DSC_3033_2-360x240.jpg 360w\" sizes=\"auto, (max-width: 1024px) 100vw, 1024px\" \/><\/figure>\n\n\n\n<figure class=\"wp-block-image size-large\"><img loading=\"lazy\" decoding=\"async\" width=\"1024\" height=\"683\" data-id=\"1039\" src=\"https:\/\/www.deixalles81.cat\/wp-content\/uploads\/2025\/02\/48-20241103-DSC_3098-1024x683.jpg\" alt=\"\" class=\"wp-image-1039\" srcset=\"https:\/\/www.deixalles81.cat\/wp-content\/uploads\/2025\/02\/48-20241103-DSC_3098-1024x683.jpg 1024w, https:\/\/www.deixalles81.cat\/wp-content\/uploads\/2025\/02\/48-20241103-DSC_3098-300x200.jpg 300w, https:\/\/www.deixalles81.cat\/wp-content\/uploads\/2025\/02\/48-20241103-DSC_3098-768x512.jpg 768w, https:\/\/www.deixalles81.cat\/wp-content\/uploads\/2025\/02\/48-20241103-DSC_3098-1536x1024.jpg 1536w, https:\/\/www.deixalles81.cat\/wp-content\/uploads\/2025\/02\/48-20241103-DSC_3098-2048x1365.jpg 2048w, https:\/\/www.deixalles81.cat\/wp-content\/uploads\/2025\/02\/48-20241103-DSC_3098-360x240.jpg 360w\" sizes=\"auto, (max-width: 1024px) 100vw, 1024px\" \/><\/figure>\n\n\n\n<figure class=\"wp-block-image size-large\"><img loading=\"lazy\" decoding=\"async\" width=\"1024\" height=\"683\" data-id=\"1027\" src=\"https:\/\/www.deixalles81.cat\/wp-content\/uploads\/2025\/02\/53-20241103-DSC_3126-1024x683.jpg\" alt=\"\" class=\"wp-image-1027\" srcset=\"https:\/\/www.deixalles81.cat\/wp-content\/uploads\/2025\/02\/53-20241103-DSC_3126-1024x683.jpg 1024w, https:\/\/www.deixalles81.cat\/wp-content\/uploads\/2025\/02\/53-20241103-DSC_3126-300x200.jpg 300w, https:\/\/www.deixalles81.cat\/wp-content\/uploads\/2025\/02\/53-20241103-DSC_3126-768x512.jpg 768w, https:\/\/www.deixalles81.cat\/wp-content\/uploads\/2025\/02\/53-20241103-DSC_3126-1536x1024.jpg 1536w, https:\/\/www.deixalles81.cat\/wp-content\/uploads\/2025\/02\/53-20241103-DSC_3126-2048x1365.jpg 2048w, https:\/\/www.deixalles81.cat\/wp-content\/uploads\/2025\/02\/53-20241103-DSC_3126-360x240.jpg 360w\" sizes=\"auto, (max-width: 1024px) 100vw, 1024px\" \/><\/figure>\n\n\n\n<figure class=\"wp-block-image size-large\"><img loading=\"lazy\" decoding=\"async\" width=\"1024\" height=\"683\" data-id=\"1032\" src=\"https:\/\/www.deixalles81.cat\/wp-content\/uploads\/2025\/02\/58-20241103-DSC_3151-1024x683.jpg\" alt=\"\" class=\"wp-image-1032\" srcset=\"https:\/\/www.deixalles81.cat\/wp-content\/uploads\/2025\/02\/58-20241103-DSC_3151-1024x683.jpg 1024w, https:\/\/www.deixalles81.cat\/wp-content\/uploads\/2025\/02\/58-20241103-DSC_3151-300x200.jpg 300w, https:\/\/www.deixalles81.cat\/wp-content\/uploads\/2025\/02\/58-20241103-DSC_3151-768x512.jpg 768w, https:\/\/www.deixalles81.cat\/wp-content\/uploads\/2025\/02\/58-20241103-DSC_3151-1536x1024.jpg 1536w, https:\/\/www.deixalles81.cat\/wp-content\/uploads\/2025\/02\/58-20241103-DSC_3151-2048x1365.jpg 2048w, https:\/\/www.deixalles81.cat\/wp-content\/uploads\/2025\/02\/58-20241103-DSC_3151-360x240.jpg 360w\" sizes=\"auto, (max-width: 1024px) 100vw, 1024px\" \/><\/figure>\n\n\n\n<figure class=\"wp-block-image size-large\"><img loading=\"lazy\" decoding=\"async\" width=\"1024\" height=\"683\" data-id=\"1026\" src=\"https:\/\/www.deixalles81.cat\/wp-content\/uploads\/2025\/02\/65-DSC_2674_2-1024x683.jpg\" alt=\"\" class=\"wp-image-1026\" srcset=\"https:\/\/www.deixalles81.cat\/wp-content\/uploads\/2025\/02\/65-DSC_2674_2-1024x683.jpg 1024w, https:\/\/www.deixalles81.cat\/wp-content\/uploads\/2025\/02\/65-DSC_2674_2-300x200.jpg 300w, https:\/\/www.deixalles81.cat\/wp-content\/uploads\/2025\/02\/65-DSC_2674_2-768x512.jpg 768w, https:\/\/www.deixalles81.cat\/wp-content\/uploads\/2025\/02\/65-DSC_2674_2-1536x1024.jpg 1536w, https:\/\/www.deixalles81.cat\/wp-content\/uploads\/2025\/02\/65-DSC_2674_2-2048x1365.jpg 2048w, https:\/\/www.deixalles81.cat\/wp-content\/uploads\/2025\/02\/65-DSC_2674_2-360x240.jpg 360w\" sizes=\"auto, (max-width: 1024px) 100vw, 1024px\" \/><\/figure>\n\n\n\n<figure class=\"wp-block-image size-large\"><img loading=\"lazy\" decoding=\"async\" width=\"1024\" height=\"683\" data-id=\"1035\" src=\"https:\/\/www.deixalles81.cat\/wp-content\/uploads\/2025\/02\/66-DSC_2684_3-1024x683.jpg\" alt=\"\" class=\"wp-image-1035\" srcset=\"https:\/\/www.deixalles81.cat\/wp-content\/uploads\/2025\/02\/66-DSC_2684_3-1024x683.jpg 1024w, https:\/\/www.deixalles81.cat\/wp-content\/uploads\/2025\/02\/66-DSC_2684_3-300x200.jpg 300w, https:\/\/www.deixalles81.cat\/wp-content\/uploads\/2025\/02\/66-DSC_2684_3-768x512.jpg 768w, https:\/\/www.deixalles81.cat\/wp-content\/uploads\/2025\/02\/66-DSC_2684_3-1536x1024.jpg 1536w, https:\/\/www.deixalles81.cat\/wp-content\/uploads\/2025\/02\/66-DSC_2684_3-2048x1365.jpg 2048w, https:\/\/www.deixalles81.cat\/wp-content\/uploads\/2025\/02\/66-DSC_2684_3-360x240.jpg 360w\" sizes=\"auto, (max-width: 1024px) 100vw, 1024px\" \/><\/figure>\n\n\n\n<figure class=\"wp-block-image size-large\"><img loading=\"lazy\" decoding=\"async\" width=\"1024\" height=\"683\" data-id=\"1028\" src=\"https:\/\/www.deixalles81.cat\/wp-content\/uploads\/2025\/02\/68-DSC_2701-1024x683.jpg\" alt=\"\" class=\"wp-image-1028\" srcset=\"https:\/\/www.deixalles81.cat\/wp-content\/uploads\/2025\/02\/68-DSC_2701-1024x683.jpg 1024w, https:\/\/www.deixalles81.cat\/wp-content\/uploads\/2025\/02\/68-DSC_2701-300x200.jpg 300w, https:\/\/www.deixalles81.cat\/wp-content\/uploads\/2025\/02\/68-DSC_2701-768x512.jpg 768w, https:\/\/www.deixalles81.cat\/wp-content\/uploads\/2025\/02\/68-DSC_2701-1536x1024.jpg 1536w, https:\/\/www.deixalles81.cat\/wp-content\/uploads\/2025\/02\/68-DSC_2701-2048x1365.jpg 2048w, https:\/\/www.deixalles81.cat\/wp-content\/uploads\/2025\/02\/68-DSC_2701-360x240.jpg 360w\" sizes=\"auto, (max-width: 1024px) 100vw, 1024px\" \/><\/figure>\n\n\n\n<figure class=\"wp-block-image size-large\"><img loading=\"lazy\" decoding=\"async\" width=\"1024\" height=\"683\" data-id=\"1029\" src=\"https:\/\/www.deixalles81.cat\/wp-content\/uploads\/2025\/02\/69-DSC_2707_2-1024x683.jpg\" alt=\"\" class=\"wp-image-1029\" srcset=\"https:\/\/www.deixalles81.cat\/wp-content\/uploads\/2025\/02\/69-DSC_2707_2-1024x683.jpg 1024w, https:\/\/www.deixalles81.cat\/wp-content\/uploads\/2025\/02\/69-DSC_2707_2-300x200.jpg 300w, https:\/\/www.deixalles81.cat\/wp-content\/uploads\/2025\/02\/69-DSC_2707_2-768x512.jpg 768w, https:\/\/www.deixalles81.cat\/wp-content\/uploads\/2025\/02\/69-DSC_2707_2-1536x1024.jpg 1536w, https:\/\/www.deixalles81.cat\/wp-content\/uploads\/2025\/02\/69-DSC_2707_2-2048x1365.jpg 2048w, https:\/\/www.deixalles81.cat\/wp-content\/uploads\/2025\/02\/69-DSC_2707_2-360x240.jpg 360w\" sizes=\"auto, (max-width: 1024px) 100vw, 1024px\" \/><\/figure>\n\n\n\n<figure class=\"wp-block-image size-large\"><img loading=\"lazy\" decoding=\"async\" width=\"1024\" height=\"683\" data-id=\"1033\" src=\"https:\/\/www.deixalles81.cat\/wp-content\/uploads\/2025\/02\/70-DSC_2717_2-1024x683.jpg\" alt=\"\" class=\"wp-image-1033\" srcset=\"https:\/\/www.deixalles81.cat\/wp-content\/uploads\/2025\/02\/70-DSC_2717_2-1024x683.jpg 1024w, https:\/\/www.deixalles81.cat\/wp-content\/uploads\/2025\/02\/70-DSC_2717_2-300x200.jpg 300w, https:\/\/www.deixalles81.cat\/wp-content\/uploads\/2025\/02\/70-DSC_2717_2-768x512.jpg 768w, https:\/\/www.deixalles81.cat\/wp-content\/uploads\/2025\/02\/70-DSC_2717_2-1536x1024.jpg 1536w, https:\/\/www.deixalles81.cat\/wp-content\/uploads\/2025\/02\/70-DSC_2717_2-2048x1365.jpg 2048w, https:\/\/www.deixalles81.cat\/wp-content\/uploads\/2025\/02\/70-DSC_2717_2-360x240.jpg 360w\" sizes=\"auto, (max-width: 1024px) 100vw, 1024px\" \/><\/figure>\n\n\n\n<figure class=\"wp-block-image size-large\"><img loading=\"lazy\" decoding=\"async\" width=\"1024\" height=\"683\" data-id=\"1037\" src=\"https:\/\/www.deixalles81.cat\/wp-content\/uploads\/2025\/02\/72-DSC_2735_3-1024x683.jpg\" alt=\"\" class=\"wp-image-1037\" srcset=\"https:\/\/www.deixalles81.cat\/wp-content\/uploads\/2025\/02\/72-DSC_2735_3-1024x683.jpg 1024w, https:\/\/www.deixalles81.cat\/wp-content\/uploads\/2025\/02\/72-DSC_2735_3-300x200.jpg 300w, https:\/\/www.deixalles81.cat\/wp-content\/uploads\/2025\/02\/72-DSC_2735_3-768x512.jpg 768w, https:\/\/www.deixalles81.cat\/wp-content\/uploads\/2025\/02\/72-DSC_2735_3-1536x1024.jpg 1536w, https:\/\/www.deixalles81.cat\/wp-content\/uploads\/2025\/02\/72-DSC_2735_3-2048x1365.jpg 2048w, https:\/\/www.deixalles81.cat\/wp-content\/uploads\/2025\/02\/72-DSC_2735_3-360x240.jpg 360w\" sizes=\"auto, (max-width: 1024px) 100vw, 1024px\" \/><\/figure>\n\n\n\n<figure class=\"wp-block-image size-large\"><img loading=\"lazy\" decoding=\"async\" width=\"1024\" height=\"683\" data-id=\"1031\" src=\"https:\/\/www.deixalles81.cat\/wp-content\/uploads\/2025\/02\/83-DSC_2846_3-1024x683.jpg\" alt=\"\" class=\"wp-image-1031\" srcset=\"https:\/\/www.deixalles81.cat\/wp-content\/uploads\/2025\/02\/83-DSC_2846_3-1024x683.jpg 1024w, https:\/\/www.deixalles81.cat\/wp-content\/uploads\/2025\/02\/83-DSC_2846_3-300x200.jpg 300w, https:\/\/www.deixalles81.cat\/wp-content\/uploads\/2025\/02\/83-DSC_2846_3-768x512.jpg 768w, https:\/\/www.deixalles81.cat\/wp-content\/uploads\/2025\/02\/83-DSC_2846_3-1536x1024.jpg 1536w, https:\/\/www.deixalles81.cat\/wp-content\/uploads\/2025\/02\/83-DSC_2846_3-2048x1365.jpg 2048w, https:\/\/www.deixalles81.cat\/wp-content\/uploads\/2025\/02\/83-DSC_2846_3-360x240.jpg 360w\" sizes=\"auto, (max-width: 1024px) 100vw, 1024px\" \/><\/figure>\n\n\n\n<figure class=\"wp-block-image size-large\"><img loading=\"lazy\" decoding=\"async\" width=\"1024\" height=\"683\" data-id=\"1046\" src=\"https:\/\/www.deixalles81.cat\/wp-content\/uploads\/2025\/02\/42-20241103-DSC_3055_2-1-1024x683.jpg\" alt=\"\" class=\"wp-image-1046\" srcset=\"https:\/\/www.deixalles81.cat\/wp-content\/uploads\/2025\/02\/42-20241103-DSC_3055_2-1-1024x683.jpg 1024w, https:\/\/www.deixalles81.cat\/wp-content\/uploads\/2025\/02\/42-20241103-DSC_3055_2-1-300x200.jpg 300w, https:\/\/www.deixalles81.cat\/wp-content\/uploads\/2025\/02\/42-20241103-DSC_3055_2-1-768x512.jpg 768w, https:\/\/www.deixalles81.cat\/wp-content\/uploads\/2025\/02\/42-20241103-DSC_3055_2-1-1536x1024.jpg 1536w, https:\/\/www.deixalles81.cat\/wp-content\/uploads\/2025\/02\/42-20241103-DSC_3055_2-1-2048x1365.jpg 2048w, https:\/\/www.deixalles81.cat\/wp-content\/uploads\/2025\/02\/42-20241103-DSC_3055_2-1-360x240.jpg 360w\" sizes=\"auto, (max-width: 1024px) 100vw, 1024px\" \/><\/figure>\n\n\n\n<figure class=\"wp-block-image size-large\"><img loading=\"lazy\" decoding=\"async\" width=\"1024\" height=\"683\" data-id=\"1034\" src=\"https:\/\/www.deixalles81.cat\/wp-content\/uploads\/2025\/02\/84-DSC_2863-1024x683.jpg\" alt=\"\" class=\"wp-image-1034\" srcset=\"https:\/\/www.deixalles81.cat\/wp-content\/uploads\/2025\/02\/84-DSC_2863-1024x683.jpg 1024w, https:\/\/www.deixalles81.cat\/wp-content\/uploads\/2025\/02\/84-DSC_2863-300x200.jpg 300w, https:\/\/www.deixalles81.cat\/wp-content\/uploads\/2025\/02\/84-DSC_2863-768x512.jpg 768w, https:\/\/www.deixalles81.cat\/wp-content\/uploads\/2025\/02\/84-DSC_2863-1536x1024.jpg 1536w, https:\/\/www.deixalles81.cat\/wp-content\/uploads\/2025\/02\/84-DSC_2863-2048x1365.jpg 2048w, https:\/\/www.deixalles81.cat\/wp-content\/uploads\/2025\/02\/84-DSC_2863-360x240.jpg 360w\" sizes=\"auto, (max-width: 1024px) 100vw, 1024px\" \/><\/figure>\n\n\n\n<figure class=\"wp-block-image size-large\"><img loading=\"lazy\" decoding=\"async\" width=\"1024\" height=\"683\" data-id=\"1045\" src=\"https:\/\/www.deixalles81.cat\/wp-content\/uploads\/2025\/02\/6-20241103-DSC_3207_2-1-1024x683.jpg\" alt=\"\" class=\"wp-image-1045\" srcset=\"https:\/\/www.deixalles81.cat\/wp-content\/uploads\/2025\/02\/6-20241103-DSC_3207_2-1-1024x683.jpg 1024w, https:\/\/www.deixalles81.cat\/wp-content\/uploads\/2025\/02\/6-20241103-DSC_3207_2-1-300x200.jpg 300w, https:\/\/www.deixalles81.cat\/wp-content\/uploads\/2025\/02\/6-20241103-DSC_3207_2-1-768x512.jpg 768w, https:\/\/www.deixalles81.cat\/wp-content\/uploads\/2025\/02\/6-20241103-DSC_3207_2-1-1536x1024.jpg 1536w, https:\/\/www.deixalles81.cat\/wp-content\/uploads\/2025\/02\/6-20241103-DSC_3207_2-1-2048x1365.jpg 2048w, https:\/\/www.deixalles81.cat\/wp-content\/uploads\/2025\/02\/6-20241103-DSC_3207_2-1-360x240.jpg 360w\" sizes=\"auto, (max-width: 1024px) 100vw, 1024px\" \/><\/figure>\n<\/figure>\n\n\n\n<p><\/p>\n","protected":false},"excerpt":{"rendered":"<p>d&#8217;\u00c0ngel Guimer\u00e0 SINOPSI: L\u2019\u00c0gata, una jove rescatada del mar quan era una nena, ha crescut en un petit poble de la costa, que la va acollir com si fos una \udbc0\udcd1lla m\u00e9s. Per\u00f2 sempre ser\u00e0 l\u2019estranya, la diferent, l\u2019acollida\u2026 I \u00e9s per aquest motiu que la Mariona i el Pere [&hellip;]<\/p>\n","protected":false},"author":2,"featured_media":0,"parent":0,"menu_order":0,"comment_status":"closed","ping_status":"closed","template":"","meta":{"footnotes":""},"class_list":["post-1022","page","type-page","status-publish","hentry"],"_links":{"self":[{"href":"https:\/\/www.deixalles81.cat\/index.php\/wp-json\/wp\/v2\/pages\/1022","targetHints":{"allow":["GET"]}}],"collection":[{"href":"https:\/\/www.deixalles81.cat\/index.php\/wp-json\/wp\/v2\/pages"}],"about":[{"href":"https:\/\/www.deixalles81.cat\/index.php\/wp-json\/wp\/v2\/types\/page"}],"author":[{"embeddable":true,"href":"https:\/\/www.deixalles81.cat\/index.php\/wp-json\/wp\/v2\/users\/2"}],"replies":[{"embeddable":true,"href":"https:\/\/www.deixalles81.cat\/index.php\/wp-json\/wp\/v2\/comments?post=1022"}],"version-history":[{"count":1,"href":"https:\/\/www.deixalles81.cat\/index.php\/wp-json\/wp\/v2\/pages\/1022\/revisions"}],"predecessor-version":[{"id":1047,"href":"https:\/\/www.deixalles81.cat\/index.php\/wp-json\/wp\/v2\/pages\/1022\/revisions\/1047"}],"wp:attachment":[{"href":"https:\/\/www.deixalles81.cat\/index.php\/wp-json\/wp\/v2\/media?parent=1022"}],"curies":[{"name":"wp","href":"https:\/\/api.w.org\/{rel}","templated":true}]}}