{"id":1049,"date":"2025-02-12T09:29:16","date_gmt":"2025-02-12T09:29:16","guid":{"rendered":"https:\/\/www.deixalles81.cat\/?page_id=1049"},"modified":"2025-02-13T10:27:19","modified_gmt":"2025-02-13T10:27:19","slug":"transparencia","status":"publish","type":"page","link":"https:\/\/www.deixalles81.cat\/index.php\/transparencia\/","title":{"rendered":"Transpar\u00e8ncia"},"content":{"rendered":"\n<p>La&nbsp;<strong>Llei 19\/2014,&nbsp;de 29 de desembre&nbsp;de transpar\u00e8ncia, acc\u00e9s a la informaci\u00f3 p\u00fablica i bon govern<\/strong>, neix de la necessitat de regular a nivell auton\u00f2mic conceptes b\u00e0sics com s\u00f3n la transpar\u00e8ncia, l\u2019acc\u00e9s a la informaci\u00f3, el bon govern i el govern obert per poder parlar d\u2019una administraci\u00f3 que dona compliment al principi de legalitat i de qualitat en els seves actuacions.<\/p>\n\n\n\n<p>Tot i que la Llei de transpar\u00e8ncia \u00e9s una llei pensada i redactada per a l\u2019Administraci\u00f3, i no per a les&nbsp;entitats del tercer sector, dels seus preceptes tamb\u00e9 es deriven obligacions aplicables a totes aquelles entitats vinculades i a les persones f\u00edsiques i jur\u00eddiques que tenen relacions de manera directa amb l\u2019Administraci\u00f3 p\u00fablica.<\/p>\n\n\n\n<p>Aix\u00ed les&nbsp;<strong>entitats sense \u00e0nim de lucre<\/strong>&nbsp;obligades per aquesta llei s\u00f3n les que segueixen:<\/p>\n\n\n\n<ul class=\"wp-block-list\">\n<li>Aquelles entitats que presten serveis p\u00fablics.<\/li>\n\n\n\n<li><strong>Aquelles que reben subvencions o ajuts p\u00fablics.<\/strong><\/li>\n\n\n\n<li>Aquelles entitats adjudicat\u00e0ries de contractes amb l\u2019Administraci\u00f3 p\u00fablica.<\/li>\n<\/ul>\n\n\n\n<p>El&nbsp;<strong>concepte transpar\u00e8ncia<\/strong>&nbsp;a les organitzacions vol dir:<\/p>\n\n\n\n<ul class=\"wp-block-list\">\n<li>La claredat en tot all\u00f2 que l\u2019organitzaci\u00f3 fa o no fa.<\/li>\n\n\n\n<li>La qualitat que permet a tothom que es relacioni amb ella con\u00e8ixer i descobrir el funcionament i identitat de l\u2019entitat.<\/li>\n<\/ul>\n\n\n\n<p>La Federaci\u00f3 de Grups Amateurs de Teatre de Catalunya creu que \u00e9s important&nbsp;<strong>garantir la transpar\u00e8ncia a les entitats sense \u00e0nim de lucre<\/strong>, perqu\u00e8:<\/p>\n\n\n\n<ul class=\"wp-block-list\">\n<li>Genera confian\u00e7a, interna i externa.<\/li>\n\n\n\n<li>Dona legitimitat.<\/li>\n\n\n\n<li>Ajuda a complir amb la missi\u00f3 de l\u2019entitat.<\/li>\n\n\n\n<li>Dona coher\u00e8ncia com a organitzaci\u00f3.<\/li>\n<\/ul>\n\n\n\n<p>\u00c9s per aix\u00f2 que coneixem la llei de transpar\u00e8ncia, l\u2019hem treballada, la tenim present i \u00e9s present a la nostra p\u00e0gina web.<\/p>\n\n\n\n<h4 class=\"wp-block-heading\">Documents relacionats<\/h4>\n\n\n\n<div class=\"wp-block-group has-text-color has-link-color wp-elements-1cc39756f50e71b89a87ffff62e8cac7\" style=\"color:#1f1ff4\"><div class=\"wp-block-group__inner-container is-layout-constrained wp-block-group-is-layout-constrained\">\n<details class=\"wp-block-details has-header-gradient-color has-text-color has-link-color wp-elements-925f22e3cc78983d823ae4088ca27b22 is-layout-flow wp-block-details-is-layout-flow\"><summary>Estatuts Deixalles&#8217;81.pdf<\/summary>\n<div class=\"wp-block-group\"><div class=\"wp-block-group__inner-container is-layout-constrained wp-block-group-is-layout-constrained\">\n<div data-wp-interactive=\"core\/file\" class=\"wp-block-file\"><object data-wp-bind--hidden=\"!state.hasPdfPreview\" hidden class=\"wp-block-file__embed\" data=\"https:\/\/www.deixalles81.cat\/wp-content\/uploads\/2025\/02\/Estatuts-Deixalles81-2022.pdf\" type=\"application\/pdf\" style=\"width:100%;height:600px\" aria-label=\"Incrustaci\u00f3 del fitxer Estatuts Deixalles81 2022.\"><\/object><a id=\"wp-block-file--media-5758a41a-c595-4ec7-925a-a8da37ecc6a0\" href=\"https:\/\/www.deixalles81.cat\/wp-content\/uploads\/2025\/02\/Estatuts-Deixalles81-2022.pdf\">Estatuts Deixalles81 2022<\/a><a href=\"https:\/\/www.deixalles81.cat\/wp-content\/uploads\/2025\/02\/Estatuts-Deixalles81-2022.pdf\" class=\"wp-block-file__button wp-element-button\" download aria-describedby=\"wp-block-file--media-5758a41a-c595-4ec7-925a-a8da37ecc6a0\">Baixa<\/a><\/div>\n<\/div><\/div>\n<\/details>\n<\/div><\/div>\n\n\n\n<div class=\"wp-block-group\"><div class=\"wp-block-group__inner-container is-layout-constrained wp-block-group-is-layout-constrained\">\n<details class=\"wp-block-details has-header-gradient-color has-text-color has-link-color wp-elements-1f6d5fdeac8f704f54bec990bec55b26 is-layout-flow wp-block-details-is-layout-flow\"><summary>Calendari execuci\u00f3 2024.pdf<\/summary>\n<div data-wp-interactive=\"core\/file\" class=\"wp-block-file\"><object data-wp-bind--hidden=\"!state.hasPdfPreview\" hidden class=\"wp-block-file__embed\" data=\"https:\/\/www.deixalles81.cat\/wp-content\/uploads\/2025\/02\/CALENDARI-EXECUCIO-2024.pdf\" type=\"application\/pdf\" style=\"width:100%;height:600px\" aria-label=\"Incrustaci\u00f3 del fitxer CALENDARI EXECUCI\u00d3 2024.\"><\/object><a id=\"wp-block-file--media-817cef13-fed2-490b-8d84-d0900ac7bfd2\" href=\"https:\/\/www.deixalles81.cat\/wp-content\/uploads\/2025\/02\/CALENDARI-EXECUCIO-2024.pdf\">CALENDARI EXECUCI\u00d3 2024<\/a><a href=\"https:\/\/www.deixalles81.cat\/wp-content\/uploads\/2025\/02\/CALENDARI-EXECUCIO-2024.pdf\" class=\"wp-block-file__button wp-element-button\" download aria-describedby=\"wp-block-file--media-817cef13-fed2-490b-8d84-d0900ac7bfd2\">Baixa<\/a><\/div>\n<\/details>\n<\/div><\/div>\n\n\n\n<div class=\"wp-block-group has-header-gradient-color has-text-color has-link-color wp-elements-7b123f562782d5abe537b24f1d5fd9c7\"><div class=\"wp-block-group__inner-container is-layout-constrained wp-block-group-is-layout-constrained\">\n<details class=\"wp-block-details is-layout-flow wp-block-details-is-layout-flow\"><summary>Projecte Festival Jove &#8211; Codines a Escena.pdf<\/summary>\n<div data-wp-interactive=\"core\/file\" class=\"wp-block-file\"><object data-wp-bind--hidden=\"!state.hasPdfPreview\" hidden class=\"wp-block-file__embed\" data=\"https:\/\/www.deixalles81.cat\/wp-content\/uploads\/2025\/02\/projecte-festival-jove-subvencio.pdf\" type=\"application\/pdf\" style=\"width:100%;height:600px\" aria-label=\"Incrustaci\u00f3 del fitxer projecte festival jove subvencio.\"><\/object><a id=\"wp-block-file--media-fa607791-975a-4153-8b5c-6b60994f6c09\" href=\"https:\/\/www.deixalles81.cat\/wp-content\/uploads\/2025\/02\/projecte-festival-jove-subvencio.pdf\">projecte festival jove subvencio<\/a><a href=\"https:\/\/www.deixalles81.cat\/wp-content\/uploads\/2025\/02\/projecte-festival-jove-subvencio.pdf\" class=\"wp-block-file__button wp-element-button\" download aria-describedby=\"wp-block-file--media-fa607791-975a-4153-8b5c-6b60994f6c09\">Baixa<\/a><\/div>\n<\/details>\n<\/div><\/div>\n\n\n\n<div class=\"wp-block-group\"><div class=\"wp-block-group__inner-container is-layout-constrained wp-block-group-is-layout-constrained\">\n<details class=\"wp-block-details has-header-gradient-color has-text-color has-link-color wp-elements-c15b3e32c7119de0c0f6f85ce0875add is-layout-flow wp-block-details-is-layout-flow\"><summary>Protocol de g\u00e8nere i punt lila.pdf<\/summary>\n<div data-wp-interactive=\"core\/file\" class=\"wp-block-file\"><object data-wp-bind--hidden=\"!state.hasPdfPreview\" hidden class=\"wp-block-file__embed\" data=\"https:\/\/www.deixalles81.cat\/wp-content\/uploads\/2025\/02\/Protocol_genere-Punt-lila_Deixalles-2.pdf\" type=\"application\/pdf\" style=\"width:100%;height:600px\" aria-label=\"Incrustaci\u00f3 del fitxer Protocol_g\u00e8nere-Punt lila_Deixalles.\"><\/object><a id=\"wp-block-file--media-57dc8c07-6526-4af1-a4af-ba0084ab885c\" href=\"https:\/\/www.deixalles81.cat\/wp-content\/uploads\/2025\/02\/Protocol_genere-Punt-lila_Deixalles-2.pdf\">Protocol_g\u00e8nere-Punt lila_Deixalles<\/a><a href=\"https:\/\/www.deixalles81.cat\/wp-content\/uploads\/2025\/02\/Protocol_genere-Punt-lila_Deixalles-2.pdf\" class=\"wp-block-file__button wp-element-button\" download aria-describedby=\"wp-block-file--media-57dc8c07-6526-4af1-a4af-ba0084ab885c\">Baixa<\/a><\/div>\n<\/details>\n<\/div><\/div>\n\n\n\n<p><\/p>\n","protected":false},"excerpt":{"rendered":"<p>La&nbsp;Llei 19\/2014,&nbsp;de 29 de desembre&nbsp;de transpar\u00e8ncia, acc\u00e9s a la informaci\u00f3 p\u00fablica i bon govern, neix de la necessitat de regular a nivell auton\u00f2mic conceptes b\u00e0sics com s\u00f3n la transpar\u00e8ncia, l\u2019acc\u00e9s a la informaci\u00f3, el bon govern i el govern obert per poder parlar d\u2019una administraci\u00f3 que dona compliment al principi [&hellip;]<\/p>\n","protected":false},"author":2,"featured_media":0,"parent":0,"menu_order":0,"comment_status":"closed","ping_status":"closed","template":"","meta":{"footnotes":""},"class_list":["post-1049","page","type-page","status-publish","hentry"],"_links":{"self":[{"href":"https:\/\/www.deixalles81.cat\/index.php\/wp-json\/wp\/v2\/pages\/1049","targetHints":{"allow":["GET"]}}],"collection":[{"href":"https:\/\/www.deixalles81.cat\/index.php\/wp-json\/wp\/v2\/pages"}],"about":[{"href":"https:\/\/www.deixalles81.cat\/index.php\/wp-json\/wp\/v2\/types\/page"}],"author":[{"embeddable":true,"href":"https:\/\/www.deixalles81.cat\/index.php\/wp-json\/wp\/v2\/users\/2"}],"replies":[{"embeddable":true,"href":"https:\/\/www.deixalles81.cat\/index.php\/wp-json\/wp\/v2\/comments?post=1049"}],"version-history":[{"count":8,"href":"https:\/\/www.deixalles81.cat\/index.php\/wp-json\/wp\/v2\/pages\/1049\/revisions"}],"predecessor-version":[{"id":1066,"href":"https:\/\/www.deixalles81.cat\/index.php\/wp-json\/wp\/v2\/pages\/1049\/revisions\/1066"}],"wp:attachment":[{"href":"https:\/\/www.deixalles81.cat\/index.php\/wp-json\/wp\/v2\/media?parent=1049"}],"curies":[{"name":"wp","href":"https:\/\/api.w.org\/{rel}","templated":true}]}}