{"id":60,"date":"2020-02-24T21:45:06","date_gmt":"2020-02-24T21:45:06","guid":{"rendered":"http:\/\/www.deixalles81.cat\/?page_id=60"},"modified":"2020-03-07T17:39:29","modified_gmt":"2020-03-07T17:39:29","slug":"confessions-dun-vampir","status":"publish","type":"page","link":"https:\/\/www.deixalles81.cat\/index.php\/confessions-dun-vampir\/","title":{"rendered":"&#8220;Confessions d&#8217;un vampir&#8221;"},"content":{"rendered":"\n<h4 class=\"has-text-align-right wp-block-heading\">de CREACI\u00d3 PR\u00d2PIA<\/h4>\n\n\n\n<p class=\"has-large-font-size\"><strong>SINOPSI:<\/strong><\/p>\n\n\n\n<p>Una periodista col\u00b7lecciona hist\u00f2ries, avui n\u2019ha trobat una de bona, un vampir, potser l\u2019\u00fanic que conserva la seva \u00e0nima humana. De la seva ma s\u2019endinsa en la hist\u00f2ria, coneix la seva vida, des de la Nova Orleans del segle XVIII, passant pel Par\u00eds del XIX fins als nostres dies. La hist\u00f2ria d\u2019un condemnat que busca, al llarg dels segles quin \u00e9s l\u2019origen d\u2019aquest mal, quina \u00e9s la realitat de la mort, quin \u00e9s el sentit de la vida.<\/p>\n\n\n\n<p class=\"has-large-font-size\"><strong>REPARTIMENT:<\/strong><\/p>\n\n\n\n<p>Louis &#8212;&#8212; Xavi Capdevila <br>\nLestat &#8212;&#8212; Sergi Capdevila<br>\nClaudia &#8212;&#8212; Carla Canet<br>\nPeriodista &#8212;&#8212; Silvia Tortosa <br>\nArmand &#8212;&#8212; Josep Canet<br>\nMagnus, Jugador, Home &#8212;&#8212; Llu\u00eds Torras<br>\nViuda, Madelaine, Meuca &#8212;- Anna Segal\u00e9s<br>\nNoia, Dem\u00e8ter, Meuca &#8212;&#8212; Maria Mas<br>\nTavernera, Eugenie, Meuca &#8212;&#8212; Maria Colom <br>\nIvet, Casandra, Meuca &#8212;&#8212; Judit Meya<br>\nNeboda, Eleni, Meuca &#8212;&#8212; Alba Lloveras<br>\nServenta, Noia, Meuca &#8212;&#8212; Mariona Tura Cos<br>\nViolinistes &#8212;&#8212; Pau Ibars, Alba Baulenas,<\/p>\n\n\n\n<p class=\"has-large-font-size\"><strong>FITXA T\u00c8CNICA:<\/strong><\/p>\n\n\n\n<p>Escenografia: Deixalles 81<br>\nTramoies: Climent Codina, Francesc Ventura. <br>\nIl\u00b7luminaci\u00f3: Pau Ibars<br>\nSo: Pol Pueyo <br>\nTraspunt: Eva Miralda, Rosa Figueras<br>\nDirecci\u00f3: Josep Canet<\/p>\n\n\n\n<p class=\"has-large-font-size\"><strong>L&#8217;OBRA:<\/strong><\/p>\n\n\n\n<p>Els nostres plantejaments a l\u2019hora d\u2019escollir aquesta obra, eren fer una obra diferent, i vam optar pel g\u00e8nere de terror. El terror, la por, \u00e9s un g\u00e8nere poc utilitzat en el teatre. Per\u00f2 aquesta vegada no volem fer por, tan sols volem inquietar amb la hist\u00f2ria d\u2019un vampir que pensa com un mortal. Els tons ocres envairan l\u2019escenari, els ambients s\u00f2rdids i decadents de la Nova Orleans del segle XIII, la foscor\u2026 els vampirs, implacables, deixen un degotall de morts a l\u2019escenari \u2026 Per\u00f2 ell t\u00e9 remordiments, quin \u00e9s l\u2019origen de tot aquest mal? Per la proposta esc\u00e8nica, \u00e9s b\u00e0sic el to de la il\u00b7luminaci\u00f3, el ocre envaeix l\u2019escenari, el decorat auster pren vida amb elements triats, les coreografies de grup hi destaquen per la seva plasticitat. Tot \u00e9s inquietant, la pres\u00e8ncia dels condemnats es palpa a l\u2019escenari. <\/p>\n\n\n\n<figure class=\"wp-block-gallery columns-4 is-cropped wp-block-gallery-1 is-layout-flex wp-block-gallery-is-layout-flex\"><ul class=\"blocks-gallery-grid\"><li class=\"blocks-gallery-item\"><figure><img loading=\"lazy\" decoding=\"async\" width=\"1024\" height=\"785\" src=\"https:\/\/www.deixalles81.cat\/wp-content\/uploads\/2020\/03\/vampirs06-1024x785.jpg\" alt=\"\" data-id=\"319\" data-full-url=\"https:\/\/www.deixalles81.cat\/wp-content\/uploads\/2020\/03\/vampirs06.jpg\" data-link=\"https:\/\/www.deixalles81.cat\/index.php\/confessions-dun-vampir\/vampirs06\/\" class=\"wp-image-319\" srcset=\"https:\/\/www.deixalles81.cat\/wp-content\/uploads\/2020\/03\/vampirs06-1024x785.jpg 1024w, https:\/\/www.deixalles81.cat\/wp-content\/uploads\/2020\/03\/vampirs06-300x230.jpg 300w, https:\/\/www.deixalles81.cat\/wp-content\/uploads\/2020\/03\/vampirs06-768x588.jpg 768w, https:\/\/www.deixalles81.cat\/wp-content\/uploads\/2020\/03\/vampirs06-1536x1177.jpg 1536w, https:\/\/www.deixalles81.cat\/wp-content\/uploads\/2020\/03\/vampirs06-2048x1569.jpg 2048w\" sizes=\"auto, (max-width: 1024px) 100vw, 1024px\" \/><\/figure><\/li><li class=\"blocks-gallery-item\"><figure><img loading=\"lazy\" decoding=\"async\" width=\"1024\" height=\"788\" src=\"https:\/\/www.deixalles81.cat\/wp-content\/uploads\/2020\/03\/vampirs013-1024x788.jpg\" alt=\"\" data-id=\"326\" data-full-url=\"https:\/\/www.deixalles81.cat\/wp-content\/uploads\/2020\/03\/vampirs013.jpg\" data-link=\"https:\/\/www.deixalles81.cat\/index.php\/confessions-dun-vampir\/vampirs013\/\" class=\"wp-image-326\" srcset=\"https:\/\/www.deixalles81.cat\/wp-content\/uploads\/2020\/03\/vampirs013-1024x788.jpg 1024w, https:\/\/www.deixalles81.cat\/wp-content\/uploads\/2020\/03\/vampirs013-300x231.jpg 300w, https:\/\/www.deixalles81.cat\/wp-content\/uploads\/2020\/03\/vampirs013-768x591.jpg 768w, https:\/\/www.deixalles81.cat\/wp-content\/uploads\/2020\/03\/vampirs013-1536x1181.jpg 1536w, https:\/\/www.deixalles81.cat\/wp-content\/uploads\/2020\/03\/vampirs013-2048x1575.jpg 2048w\" sizes=\"auto, (max-width: 1024px) 100vw, 1024px\" \/><\/figure><\/li><li class=\"blocks-gallery-item\"><figure><img loading=\"lazy\" decoding=\"async\" width=\"1024\" height=\"786\" src=\"https:\/\/www.deixalles81.cat\/wp-content\/uploads\/2020\/03\/vampirs05-1024x786.jpg\" alt=\"\" data-id=\"318\" data-full-url=\"https:\/\/www.deixalles81.cat\/wp-content\/uploads\/2020\/03\/vampirs05.jpg\" data-link=\"https:\/\/www.deixalles81.cat\/index.php\/confessions-dun-vampir\/vampirs05\/\" class=\"wp-image-318\" srcset=\"https:\/\/www.deixalles81.cat\/wp-content\/uploads\/2020\/03\/vampirs05-1024x786.jpg 1024w, https:\/\/www.deixalles81.cat\/wp-content\/uploads\/2020\/03\/vampirs05-300x230.jpg 300w, https:\/\/www.deixalles81.cat\/wp-content\/uploads\/2020\/03\/vampirs05-768x590.jpg 768w, https:\/\/www.deixalles81.cat\/wp-content\/uploads\/2020\/03\/vampirs05-1536x1179.jpg 1536w, https:\/\/www.deixalles81.cat\/wp-content\/uploads\/2020\/03\/vampirs05-2048x1572.jpg 2048w\" sizes=\"auto, (max-width: 1024px) 100vw, 1024px\" \/><\/figure><\/li><li class=\"blocks-gallery-item\"><figure><img loading=\"lazy\" decoding=\"async\" width=\"1024\" height=\"784\" src=\"https:\/\/www.deixalles81.cat\/wp-content\/uploads\/2020\/03\/vampirs03-1024x784.jpg\" alt=\"\" data-id=\"316\" data-full-url=\"https:\/\/www.deixalles81.cat\/wp-content\/uploads\/2020\/03\/vampirs03.jpg\" data-link=\"https:\/\/www.deixalles81.cat\/index.php\/confessions-dun-vampir\/vampirs03\/\" class=\"wp-image-316\" srcset=\"https:\/\/www.deixalles81.cat\/wp-content\/uploads\/2020\/03\/vampirs03-1024x784.jpg 1024w, https:\/\/www.deixalles81.cat\/wp-content\/uploads\/2020\/03\/vampirs03-300x230.jpg 300w, https:\/\/www.deixalles81.cat\/wp-content\/uploads\/2020\/03\/vampirs03-768x588.jpg 768w, https:\/\/www.deixalles81.cat\/wp-content\/uploads\/2020\/03\/vampirs03-1536x1176.jpg 1536w, https:\/\/www.deixalles81.cat\/wp-content\/uploads\/2020\/03\/vampirs03-2048x1568.jpg 2048w\" sizes=\"auto, (max-width: 1024px) 100vw, 1024px\" \/><\/figure><\/li><li class=\"blocks-gallery-item\"><figure><img loading=\"lazy\" decoding=\"async\" width=\"1024\" height=\"786\" src=\"https:\/\/www.deixalles81.cat\/wp-content\/uploads\/2020\/03\/vampirs011-1024x786.jpg\" alt=\"\" data-id=\"324\" data-full-url=\"https:\/\/www.deixalles81.cat\/wp-content\/uploads\/2020\/03\/vampirs011.jpg\" data-link=\"https:\/\/www.deixalles81.cat\/index.php\/confessions-dun-vampir\/vampirs011\/\" class=\"wp-image-324\" srcset=\"https:\/\/www.deixalles81.cat\/wp-content\/uploads\/2020\/03\/vampirs011-1024x786.jpg 1024w, https:\/\/www.deixalles81.cat\/wp-content\/uploads\/2020\/03\/vampirs011-300x230.jpg 300w, https:\/\/www.deixalles81.cat\/wp-content\/uploads\/2020\/03\/vampirs011-768x590.jpg 768w, https:\/\/www.deixalles81.cat\/wp-content\/uploads\/2020\/03\/vampirs011-1536x1179.jpg 1536w, https:\/\/www.deixalles81.cat\/wp-content\/uploads\/2020\/03\/vampirs011-2048x1572.jpg 2048w\" sizes=\"auto, (max-width: 1024px) 100vw, 1024px\" \/><\/figure><\/li><li class=\"blocks-gallery-item\"><figure><img loading=\"lazy\" decoding=\"async\" width=\"1024\" height=\"785\" src=\"https:\/\/www.deixalles81.cat\/wp-content\/uploads\/2020\/03\/vampirs02-1024x785.jpg\" alt=\"\" data-id=\"315\" data-full-url=\"https:\/\/www.deixalles81.cat\/wp-content\/uploads\/2020\/03\/vampirs02.jpg\" data-link=\"https:\/\/www.deixalles81.cat\/index.php\/confessions-dun-vampir\/vampirs02\/\" class=\"wp-image-315\" srcset=\"https:\/\/www.deixalles81.cat\/wp-content\/uploads\/2020\/03\/vampirs02-1024x785.jpg 1024w, https:\/\/www.deixalles81.cat\/wp-content\/uploads\/2020\/03\/vampirs02-300x230.jpg 300w, https:\/\/www.deixalles81.cat\/wp-content\/uploads\/2020\/03\/vampirs02-768x589.jpg 768w, https:\/\/www.deixalles81.cat\/wp-content\/uploads\/2020\/03\/vampirs02-1536x1178.jpg 1536w, https:\/\/www.deixalles81.cat\/wp-content\/uploads\/2020\/03\/vampirs02-2048x1570.jpg 2048w\" sizes=\"auto, (max-width: 1024px) 100vw, 1024px\" \/><\/figure><\/li><li class=\"blocks-gallery-item\"><figure><img loading=\"lazy\" decoding=\"async\" width=\"1024\" height=\"785\" src=\"https:\/\/www.deixalles81.cat\/wp-content\/uploads\/2020\/03\/vampirs07-1024x785.jpg\" alt=\"\" data-id=\"320\" data-full-url=\"https:\/\/www.deixalles81.cat\/wp-content\/uploads\/2020\/03\/vampirs07.jpg\" data-link=\"https:\/\/www.deixalles81.cat\/index.php\/confessions-dun-vampir\/vampirs07\/\" class=\"wp-image-320\" srcset=\"https:\/\/www.deixalles81.cat\/wp-content\/uploads\/2020\/03\/vampirs07-1024x785.jpg 1024w, https:\/\/www.deixalles81.cat\/wp-content\/uploads\/2020\/03\/vampirs07-300x230.jpg 300w, https:\/\/www.deixalles81.cat\/wp-content\/uploads\/2020\/03\/vampirs07-768x588.jpg 768w, https:\/\/www.deixalles81.cat\/wp-content\/uploads\/2020\/03\/vampirs07-1536x1177.jpg 1536w, https:\/\/www.deixalles81.cat\/wp-content\/uploads\/2020\/03\/vampirs07-2048x1569.jpg 2048w\" sizes=\"auto, (max-width: 1024px) 100vw, 1024px\" \/><\/figure><\/li><li class=\"blocks-gallery-item\"><figure><img loading=\"lazy\" decoding=\"async\" width=\"1024\" height=\"788\" src=\"https:\/\/www.deixalles81.cat\/wp-content\/uploads\/2020\/03\/vampirs08-1024x788.jpg\" alt=\"\" data-id=\"321\" data-full-url=\"https:\/\/www.deixalles81.cat\/wp-content\/uploads\/2020\/03\/vampirs08.jpg\" data-link=\"https:\/\/www.deixalles81.cat\/index.php\/confessions-dun-vampir\/vampirs08\/\" class=\"wp-image-321\" srcset=\"https:\/\/www.deixalles81.cat\/wp-content\/uploads\/2020\/03\/vampirs08-1024x788.jpg 1024w, https:\/\/www.deixalles81.cat\/wp-content\/uploads\/2020\/03\/vampirs08-300x231.jpg 300w, https:\/\/www.deixalles81.cat\/wp-content\/uploads\/2020\/03\/vampirs08-768x591.jpg 768w, https:\/\/www.deixalles81.cat\/wp-content\/uploads\/2020\/03\/vampirs08-1536x1181.jpg 1536w, https:\/\/www.deixalles81.cat\/wp-content\/uploads\/2020\/03\/vampirs08-2048x1575.jpg 2048w\" sizes=\"auto, (max-width: 1024px) 100vw, 1024px\" \/><\/figure><\/li><li class=\"blocks-gallery-item\"><figure><img loading=\"lazy\" decoding=\"async\" width=\"1024\" height=\"784\" src=\"https:\/\/www.deixalles81.cat\/wp-content\/uploads\/2020\/03\/vampirs015-1024x784.jpg\" alt=\"\" data-id=\"328\" data-full-url=\"https:\/\/www.deixalles81.cat\/wp-content\/uploads\/2020\/03\/vampirs015.jpg\" data-link=\"https:\/\/www.deixalles81.cat\/index.php\/confessions-dun-vampir\/vampirs015\/\" class=\"wp-image-328\" srcset=\"https:\/\/www.deixalles81.cat\/wp-content\/uploads\/2020\/03\/vampirs015-1024x784.jpg 1024w, https:\/\/www.deixalles81.cat\/wp-content\/uploads\/2020\/03\/vampirs015-300x230.jpg 300w, https:\/\/www.deixalles81.cat\/wp-content\/uploads\/2020\/03\/vampirs015-768x588.jpg 768w, https:\/\/www.deixalles81.cat\/wp-content\/uploads\/2020\/03\/vampirs015-1536x1176.jpg 1536w, https:\/\/www.deixalles81.cat\/wp-content\/uploads\/2020\/03\/vampirs015-2048x1568.jpg 2048w\" sizes=\"auto, (max-width: 1024px) 100vw, 1024px\" \/><\/figure><\/li><li class=\"blocks-gallery-item\"><figure><img loading=\"lazy\" decoding=\"async\" width=\"1024\" height=\"786\" src=\"https:\/\/www.deixalles81.cat\/wp-content\/uploads\/2020\/03\/vampirs09-1024x786.jpg\" alt=\"\" data-id=\"322\" data-full-url=\"https:\/\/www.deixalles81.cat\/wp-content\/uploads\/2020\/03\/vampirs09.jpg\" data-link=\"https:\/\/www.deixalles81.cat\/index.php\/confessions-dun-vampir\/vampirs09\/\" class=\"wp-image-322\" srcset=\"https:\/\/www.deixalles81.cat\/wp-content\/uploads\/2020\/03\/vampirs09-1024x786.jpg 1024w, https:\/\/www.deixalles81.cat\/wp-content\/uploads\/2020\/03\/vampirs09-300x230.jpg 300w, https:\/\/www.deixalles81.cat\/wp-content\/uploads\/2020\/03\/vampirs09-768x590.jpg 768w, https:\/\/www.deixalles81.cat\/wp-content\/uploads\/2020\/03\/vampirs09-1536x1179.jpg 1536w, https:\/\/www.deixalles81.cat\/wp-content\/uploads\/2020\/03\/vampirs09-2048x1572.jpg 2048w\" sizes=\"auto, (max-width: 1024px) 100vw, 1024px\" \/><\/figure><\/li><li class=\"blocks-gallery-item\"><figure><img loading=\"lazy\" decoding=\"async\" width=\"1024\" height=\"770\" src=\"https:\/\/www.deixalles81.cat\/wp-content\/uploads\/2020\/03\/vampirs10-1024x770.jpg\" alt=\"\" data-id=\"323\" data-full-url=\"https:\/\/www.deixalles81.cat\/wp-content\/uploads\/2020\/03\/vampirs10.jpg\" data-link=\"https:\/\/www.deixalles81.cat\/index.php\/confessions-dun-vampir\/vampirs10\/\" class=\"wp-image-323\" srcset=\"https:\/\/www.deixalles81.cat\/wp-content\/uploads\/2020\/03\/vampirs10-1024x770.jpg 1024w, https:\/\/www.deixalles81.cat\/wp-content\/uploads\/2020\/03\/vampirs10-300x225.jpg 300w, https:\/\/www.deixalles81.cat\/wp-content\/uploads\/2020\/03\/vampirs10-768x577.jpg 768w, https:\/\/www.deixalles81.cat\/wp-content\/uploads\/2020\/03\/vampirs10-1536x1155.jpg 1536w, https:\/\/www.deixalles81.cat\/wp-content\/uploads\/2020\/03\/vampirs10-2048x1539.jpg 2048w\" sizes=\"auto, (max-width: 1024px) 100vw, 1024px\" \/><\/figure><\/li><li class=\"blocks-gallery-item\"><figure><img loading=\"lazy\" decoding=\"async\" width=\"1024\" height=\"788\" src=\"https:\/\/www.deixalles81.cat\/wp-content\/uploads\/2020\/03\/vampirs012-1024x788.jpg\" alt=\"\" data-id=\"325\" data-full-url=\"https:\/\/www.deixalles81.cat\/wp-content\/uploads\/2020\/03\/vampirs012.jpg\" data-link=\"https:\/\/www.deixalles81.cat\/index.php\/confessions-dun-vampir\/vampirs012\/\" class=\"wp-image-325\" srcset=\"https:\/\/www.deixalles81.cat\/wp-content\/uploads\/2020\/03\/vampirs012-1024x788.jpg 1024w, https:\/\/www.deixalles81.cat\/wp-content\/uploads\/2020\/03\/vampirs012-300x231.jpg 300w, https:\/\/www.deixalles81.cat\/wp-content\/uploads\/2020\/03\/vampirs012-768x591.jpg 768w, https:\/\/www.deixalles81.cat\/wp-content\/uploads\/2020\/03\/vampirs012-1536x1181.jpg 1536w, https:\/\/www.deixalles81.cat\/wp-content\/uploads\/2020\/03\/vampirs012-2048x1575.jpg 2048w\" sizes=\"auto, (max-width: 1024px) 100vw, 1024px\" \/><\/figure><\/li><li class=\"blocks-gallery-item\"><figure><img loading=\"lazy\" decoding=\"async\" width=\"752\" height=\"1024\" src=\"https:\/\/www.deixalles81.cat\/wp-content\/uploads\/2020\/03\/vampirs014-752x1024.jpg\" alt=\"\" data-id=\"327\" data-full-url=\"https:\/\/www.deixalles81.cat\/wp-content\/uploads\/2020\/03\/vampirs014.jpg\" data-link=\"https:\/\/www.deixalles81.cat\/index.php\/confessions-dun-vampir\/vampirs014\/\" class=\"wp-image-327\" srcset=\"https:\/\/www.deixalles81.cat\/wp-content\/uploads\/2020\/03\/vampirs014-752x1024.jpg 752w, https:\/\/www.deixalles81.cat\/wp-content\/uploads\/2020\/03\/vampirs014-220x300.jpg 220w, https:\/\/www.deixalles81.cat\/wp-content\/uploads\/2020\/03\/vampirs014-768x1045.jpg 768w, https:\/\/www.deixalles81.cat\/wp-content\/uploads\/2020\/03\/vampirs014-1129x1536.jpg 1129w, https:\/\/www.deixalles81.cat\/wp-content\/uploads\/2020\/03\/vampirs014-1505x2048.jpg 1505w, https:\/\/www.deixalles81.cat\/wp-content\/uploads\/2020\/03\/vampirs014.jpg 1562w\" sizes=\"auto, (max-width: 752px) 100vw, 752px\" \/><\/figure><\/li><li class=\"blocks-gallery-item\"><figure><img loading=\"lazy\" decoding=\"async\" width=\"752\" height=\"1024\" src=\"https:\/\/www.deixalles81.cat\/wp-content\/uploads\/2020\/03\/vampirs04-752x1024.jpg\" alt=\"\" data-id=\"317\" data-full-url=\"https:\/\/www.deixalles81.cat\/wp-content\/uploads\/2020\/03\/vampirs04.jpg\" data-link=\"https:\/\/www.deixalles81.cat\/index.php\/confessions-dun-vampir\/vampirs04\/\" class=\"wp-image-317\" srcset=\"https:\/\/www.deixalles81.cat\/wp-content\/uploads\/2020\/03\/vampirs04-752x1024.jpg 752w, https:\/\/www.deixalles81.cat\/wp-content\/uploads\/2020\/03\/vampirs04-220x300.jpg 220w, https:\/\/www.deixalles81.cat\/wp-content\/uploads\/2020\/03\/vampirs04-768x1046.jpg 768w, https:\/\/www.deixalles81.cat\/wp-content\/uploads\/2020\/03\/vampirs04-1128x1536.jpg 1128w, https:\/\/www.deixalles81.cat\/wp-content\/uploads\/2020\/03\/vampirs04-1504x2048.jpg 1504w, https:\/\/www.deixalles81.cat\/wp-content\/uploads\/2020\/03\/vampirs04.jpg 1561w\" sizes=\"auto, (max-width: 752px) 100vw, 752px\" \/><\/figure><\/li><\/ul><\/figure>\n","protected":false},"excerpt":{"rendered":"<p>de CREACI\u00d3 PR\u00d2PIA SINOPSI: Una periodista col\u00b7lecciona hist\u00f2ries, avui n\u2019ha trobat una de bona, un vampir, potser l\u2019\u00fanic que conserva la seva \u00e0nima humana. De la seva ma s\u2019endinsa en la hist\u00f2ria, coneix la seva vida, des de la Nova Orleans del segle XVIII, passant pel Par\u00eds del XIX fins [&hellip;]<\/p>\n","protected":false},"author":2,"featured_media":0,"parent":0,"menu_order":0,"comment_status":"closed","ping_status":"closed","template":"","meta":{"footnotes":""},"class_list":["post-60","page","type-page","status-publish","hentry"],"_links":{"self":[{"href":"https:\/\/www.deixalles81.cat\/index.php\/wp-json\/wp\/v2\/pages\/60","targetHints":{"allow":["GET"]}}],"collection":[{"href":"https:\/\/www.deixalles81.cat\/index.php\/wp-json\/wp\/v2\/pages"}],"about":[{"href":"https:\/\/www.deixalles81.cat\/index.php\/wp-json\/wp\/v2\/types\/page"}],"author":[{"embeddable":true,"href":"https:\/\/www.deixalles81.cat\/index.php\/wp-json\/wp\/v2\/users\/2"}],"replies":[{"embeddable":true,"href":"https:\/\/www.deixalles81.cat\/index.php\/wp-json\/wp\/v2\/comments?post=60"}],"version-history":[{"count":3,"href":"https:\/\/www.deixalles81.cat\/index.php\/wp-json\/wp\/v2\/pages\/60\/revisions"}],"predecessor-version":[{"id":329,"href":"https:\/\/www.deixalles81.cat\/index.php\/wp-json\/wp\/v2\/pages\/60\/revisions\/329"}],"wp:attachment":[{"href":"https:\/\/www.deixalles81.cat\/index.php\/wp-json\/wp\/v2\/media?parent=60"}],"curies":[{"name":"wp","href":"https:\/\/api.w.org\/{rel}","templated":true}]}}