{"id":68,"date":"2020-02-24T21:57:22","date_gmt":"2020-02-24T21:57:22","guid":{"rendered":"http:\/\/www.deixalles81.cat\/?page_id=68"},"modified":"2020-02-29T15:36:00","modified_gmt":"2020-02-29T15:36:00","slug":"el-florido-pensil","status":"publish","type":"page","link":"https:\/\/www.deixalles81.cat\/index.php\/el-florido-pensil\/","title":{"rendered":"&#8220;El florido pensil&#8221;"},"content":{"rendered":"\n<h4 class=\"has-text-align-right wp-block-heading\">d\u2019ANDR\u00c9S SOPE\u00d1A MONSALVE<\/h4>\n\n\n\n<p class=\"has-large-font-size\"><strong>SINOPSI:<\/strong><\/p>\n\n\n\n<p>Molts tenim records de una altre \u00e8poca altres n\u2019hem sentit a parlar tots ens podem divertir una estona recordant aquella escola que va marcar la vida de tanta gent les classes de matem\u00e0tiques, les de catequesi, ortografia, geografia, i\u2026 formaci\u00f3n del esp\u00edritu nacional\u2026 us sona d\u2019alguna cosa?<\/p>\n\n\n\n<p class=\"has-large-font-size\"><strong>REPARTIMENT: <\/strong><\/p>\n\n\n\n<p>Arn\u00fas &#8212;&#8212;&#8212;&#8212;&#8211; Xavi Capdevila<br>\nRoure &#8212;&#8212;&#8212;&#8212;&#8211; Sergi Capdevila <br>\nBriones &#8212;&#8212;&#8212;&#8212;&#8211; Llu\u00eds Torras<br>\nArgelich &#8212;&#8212;&#8212;&#8212;&#8211; Josep Canet<br>\nPujades &#8212;&#8212;&#8212;&#8212;&#8211; Mar\u00eda Mas <br>\nMaestro Soldevilla &#8212;&#8212;&#8212;&#8212;&#8211; Ernest Sala <\/p>\n\n\n\n<p class=\"has-large-font-size\"><strong>FITXA T\u00c8CNICA:<\/strong><\/p>\n\n\n\n<p>Maquillatge: N\u00faria Cos<br>\nEscenografia: Deixalles 8l<br>\nTramoies: Climent Codina, Francesc Ventura, Joan Petitb\u00f2, Pepe D\u00edaz<br>\nTraspunts: Eva Miralda, Rosa Figueras<br>\nLlum: Pep Filgueira<br>\nSo: Eloi Canet <br>\nDirecci\u00f3 Josep Canet<\/p>\n\n\n\n<p class=\"has-large-font-size\"><strong>L&#8217;OBRA:<\/strong><\/p>\n\n\n\n<p>Els nostres plantejaments a l\u2019hora d\u2019escollir aquesta obra, eren fer una obra divertida, per a tots els p\u00fablics, que ens permet\u00e9s passar una bona estona a tots plegats. \u201cEl Florido Pensil\u201d ja es pot considerar un cl\u00e0ssic de la com\u00e8dia, se\u2019n han fet v\u00e0ries versions: masculina, femenina\u2026 Nosaltres hem fet la nostra, quatre nois i una noia. Aquella inf\u00e0ncia durant el franquisme, aquella escola, aquelles can\u00e7ons\u2026. Els grans recordaran grans moments, tristos o alegres\u2026. entranyables segur\u2026 i els joves\u2026.. Els joves quedaran parats davant aquelles situacions que eren reals\u2026. per\u00f2 avui les veiem fins i tot surrealistes\u2026 Aquell to entre ocre i grog\u00f3s a l\u2019ambient, la m\u00fasica d\u2019un vell piano, aquella bandera, els pupitres, un parell de retrats dels \u201cheroes de la patria\u201d\u2026 I era aix\u00ed, aquella escola era aix\u00ed amb les seves contradiccions, que vistes a dist\u00e0ncia s\u00f3n tant absurdes que es fan divertides. La \u201cformaci\u00f3n del esp\u00edritu nacional\u201d, la catequesis, els mestres\u2026. la fam\u00edlia\u2026. tot estava controlat i condicionat pel r\u00e8gim. Els nens no, continuaven essent nens i fent la seva.<\/p>\n","protected":false},"excerpt":{"rendered":"<p>d\u2019ANDR\u00c9S SOPE\u00d1A MONSALVE SINOPSI: Molts tenim records de una altre \u00e8poca altres n\u2019hem sentit a parlar tots ens podem divertir una estona recordant aquella escola que va marcar la vida de tanta gent les classes de matem\u00e0tiques, les de catequesi, ortografia, geografia, i\u2026 formaci\u00f3n del esp\u00edritu nacional\u2026 us sona d\u2019alguna [&hellip;]<\/p>\n","protected":false},"author":2,"featured_media":0,"parent":0,"menu_order":0,"comment_status":"closed","ping_status":"closed","template":"","meta":{"footnotes":""},"class_list":["post-68","page","type-page","status-publish","hentry"],"_links":{"self":[{"href":"https:\/\/www.deixalles81.cat\/index.php\/wp-json\/wp\/v2\/pages\/68","targetHints":{"allow":["GET"]}}],"collection":[{"href":"https:\/\/www.deixalles81.cat\/index.php\/wp-json\/wp\/v2\/pages"}],"about":[{"href":"https:\/\/www.deixalles81.cat\/index.php\/wp-json\/wp\/v2\/types\/page"}],"author":[{"embeddable":true,"href":"https:\/\/www.deixalles81.cat\/index.php\/wp-json\/wp\/v2\/users\/2"}],"replies":[{"embeddable":true,"href":"https:\/\/www.deixalles81.cat\/index.php\/wp-json\/wp\/v2\/comments?post=68"}],"version-history":[{"count":1,"href":"https:\/\/www.deixalles81.cat\/index.php\/wp-json\/wp\/v2\/pages\/68\/revisions"}],"predecessor-version":[{"id":69,"href":"https:\/\/www.deixalles81.cat\/index.php\/wp-json\/wp\/v2\/pages\/68\/revisions\/69"}],"wp:attachment":[{"href":"https:\/\/www.deixalles81.cat\/index.php\/wp-json\/wp\/v2\/media?parent=68"}],"curies":[{"name":"wp","href":"https:\/\/api.w.org\/{rel}","templated":true}]}}