{"id":686,"date":"2021-10-31T19:17:12","date_gmt":"2021-10-31T19:17:12","guid":{"rendered":"http:\/\/www.deixalles81.cat\/?page_id=686"},"modified":"2022-01-19T10:22:04","modified_gmt":"2022-01-19T10:22:04","slug":"fuita","status":"publish","type":"page","link":"https:\/\/www.deixalles81.cat\/index.php\/fuita\/","title":{"rendered":"&#8220;Fuita&#8221;"},"content":{"rendered":"\n<h4 class=\"has-text-align-right wp-block-heading\">de CREACI\u00d3 PR\u00d2PIA<\/h4>\n\n\n\n<p class=\"has-large-font-size\"><strong>SINOPSI:<\/strong><\/p>\n\n\n\n<p>L&#8217;Isidre Gal\u00ed, fins avui era Conseller d&#8217;Ind\u00fastria i Energia i per un petit error ha hagut de dimitir, nom\u00e9s s&#8217;ha fet construir un xalet a compte de la Generalitat! La Vicenta \u00e9s una pobre dona que es dedica a enredar a la gent venent uns aparells in\u00fatils, el seu marit la \u201ccasca\u201d i el seu pare paral\u00edtic la t\u00e9 lligada a casa. Tots dos es trobaran i s\u00b4enamoraran, el problema ser\u00e0 trencar amb el passat\u2026<\/p>\n\n\n\n<p class=\"has-large-font-size\"><strong>REPARTIMENT:<\/strong><\/p>\n\n\n\n<p>Vicenta &#8212;&#8212;&#8212;&#8212;&#8211; Ruth Cruz<br>Iolanda &#8212;&#8212;&#8212;&#8212;&#8211; N\u00faria Cun\u00ed<br>Isidre Gal\u00ed &#8212;&#8212;&#8212;&#8212;&#8211; Josep Canet<br>Manolo &#8212;&#8212;&#8212;&#8212;&#8211; Sergi Capdevila<br>Mariano &#8212;&#8212;&#8212;&#8212;&#8211; Toni Sans<\/p>\n\n\n\n<p class=\"has-large-font-size\"><strong>FITXA T\u00c8CNICA:<\/strong><\/p>\n\n\n\n<p>Escenografia: Deixalles 81<br>Tramoies: Climent Codina, Pepe D\u00edaz, Joan Petitb\u00f2<br>Il\u00b7luminaci\u00f3: Ernest Sala<br>So: Pau Ibars<br>Traspunt: Eva Miralda, Rosa Figueras<br>Direcci\u00f3: Josep Canet<\/p>\n\n\n\n<figure class=\"wp-block-gallery columns-3 is-cropped wp-block-gallery-1 is-layout-flex wp-block-gallery-is-layout-flex\"><ul class=\"blocks-gallery-grid\"><li class=\"blocks-gallery-item\"><figure><img loading=\"lazy\" decoding=\"async\" width=\"1024\" height=\"683\" src=\"https:\/\/www.deixalles81.cat\/wp-content\/uploads\/2021\/11\/1-1024x683.jpg\" alt=\"\" data-id=\"689\" data-full-url=\"https:\/\/www.deixalles81.cat\/wp-content\/uploads\/2021\/11\/1-scaled.jpg\" data-link=\"https:\/\/www.deixalles81.cat\/index.php\/fuita\/attachment\/1\/\" class=\"wp-image-689\" srcset=\"https:\/\/www.deixalles81.cat\/wp-content\/uploads\/2021\/11\/1-1024x683.jpg 1024w, https:\/\/www.deixalles81.cat\/wp-content\/uploads\/2021\/11\/1-300x200.jpg 300w, https:\/\/www.deixalles81.cat\/wp-content\/uploads\/2021\/11\/1-768x512.jpg 768w, https:\/\/www.deixalles81.cat\/wp-content\/uploads\/2021\/11\/1-1536x1024.jpg 1536w, https:\/\/www.deixalles81.cat\/wp-content\/uploads\/2021\/11\/1-2048x1365.jpg 2048w, https:\/\/www.deixalles81.cat\/wp-content\/uploads\/2021\/11\/1-360x240.jpg 360w\" sizes=\"auto, (max-width: 1024px) 100vw, 1024px\" \/><\/figure><\/li><li class=\"blocks-gallery-item\"><figure><img loading=\"lazy\" decoding=\"async\" width=\"1024\" height=\"683\" src=\"https:\/\/www.deixalles81.cat\/wp-content\/uploads\/2021\/11\/2-1024x683.jpg\" alt=\"\" data-id=\"690\" data-full-url=\"https:\/\/www.deixalles81.cat\/wp-content\/uploads\/2021\/11\/2-scaled.jpg\" data-link=\"https:\/\/www.deixalles81.cat\/index.php\/fuita\/attachment\/2\/\" class=\"wp-image-690\" srcset=\"https:\/\/www.deixalles81.cat\/wp-content\/uploads\/2021\/11\/2-1024x683.jpg 1024w, https:\/\/www.deixalles81.cat\/wp-content\/uploads\/2021\/11\/2-300x200.jpg 300w, https:\/\/www.deixalles81.cat\/wp-content\/uploads\/2021\/11\/2-768x512.jpg 768w, https:\/\/www.deixalles81.cat\/wp-content\/uploads\/2021\/11\/2-1536x1024.jpg 1536w, https:\/\/www.deixalles81.cat\/wp-content\/uploads\/2021\/11\/2-2048x1365.jpg 2048w, https:\/\/www.deixalles81.cat\/wp-content\/uploads\/2021\/11\/2-360x240.jpg 360w\" sizes=\"auto, (max-width: 1024px) 100vw, 1024px\" \/><\/figure><\/li><li class=\"blocks-gallery-item\"><figure><img loading=\"lazy\" decoding=\"async\" width=\"1024\" height=\"683\" src=\"https:\/\/www.deixalles81.cat\/wp-content\/uploads\/2021\/11\/3-1024x683.jpg\" alt=\"\" data-id=\"691\" data-full-url=\"https:\/\/www.deixalles81.cat\/wp-content\/uploads\/2021\/11\/3-scaled.jpg\" data-link=\"https:\/\/www.deixalles81.cat\/index.php\/fuita\/attachment\/3\/\" class=\"wp-image-691\" srcset=\"https:\/\/www.deixalles81.cat\/wp-content\/uploads\/2021\/11\/3-1024x683.jpg 1024w, https:\/\/www.deixalles81.cat\/wp-content\/uploads\/2021\/11\/3-300x200.jpg 300w, https:\/\/www.deixalles81.cat\/wp-content\/uploads\/2021\/11\/3-768x512.jpg 768w, https:\/\/www.deixalles81.cat\/wp-content\/uploads\/2021\/11\/3-1536x1024.jpg 1536w, https:\/\/www.deixalles81.cat\/wp-content\/uploads\/2021\/11\/3-2048x1365.jpg 2048w, https:\/\/www.deixalles81.cat\/wp-content\/uploads\/2021\/11\/3-360x240.jpg 360w\" sizes=\"auto, (max-width: 1024px) 100vw, 1024px\" \/><\/figure><\/li><li class=\"blocks-gallery-item\"><figure><img loading=\"lazy\" decoding=\"async\" width=\"1024\" height=\"683\" src=\"https:\/\/www.deixalles81.cat\/wp-content\/uploads\/2021\/11\/4-1024x683.jpg\" alt=\"\" data-id=\"692\" data-full-url=\"https:\/\/www.deixalles81.cat\/wp-content\/uploads\/2021\/11\/4-scaled.jpg\" data-link=\"https:\/\/www.deixalles81.cat\/index.php\/fuita\/attachment\/4\/\" class=\"wp-image-692\" srcset=\"https:\/\/www.deixalles81.cat\/wp-content\/uploads\/2021\/11\/4-1024x683.jpg 1024w, https:\/\/www.deixalles81.cat\/wp-content\/uploads\/2021\/11\/4-300x200.jpg 300w, https:\/\/www.deixalles81.cat\/wp-content\/uploads\/2021\/11\/4-768x512.jpg 768w, https:\/\/www.deixalles81.cat\/wp-content\/uploads\/2021\/11\/4-1536x1024.jpg 1536w, https:\/\/www.deixalles81.cat\/wp-content\/uploads\/2021\/11\/4-2048x1365.jpg 2048w, https:\/\/www.deixalles81.cat\/wp-content\/uploads\/2021\/11\/4-360x240.jpg 360w\" sizes=\"auto, (max-width: 1024px) 100vw, 1024px\" \/><\/figure><\/li><li class=\"blocks-gallery-item\"><figure><img loading=\"lazy\" decoding=\"async\" width=\"1024\" height=\"683\" src=\"https:\/\/www.deixalles81.cat\/wp-content\/uploads\/2021\/11\/5-1024x683.jpg\" alt=\"\" data-id=\"693\" data-full-url=\"https:\/\/www.deixalles81.cat\/wp-content\/uploads\/2021\/11\/5-scaled.jpg\" data-link=\"https:\/\/www.deixalles81.cat\/index.php\/fuita\/attachment\/5\/\" class=\"wp-image-693\" srcset=\"https:\/\/www.deixalles81.cat\/wp-content\/uploads\/2021\/11\/5-1024x683.jpg 1024w, https:\/\/www.deixalles81.cat\/wp-content\/uploads\/2021\/11\/5-300x200.jpg 300w, https:\/\/www.deixalles81.cat\/wp-content\/uploads\/2021\/11\/5-768x512.jpg 768w, https:\/\/www.deixalles81.cat\/wp-content\/uploads\/2021\/11\/5-1536x1024.jpg 1536w, https:\/\/www.deixalles81.cat\/wp-content\/uploads\/2021\/11\/5-2048x1365.jpg 2048w, https:\/\/www.deixalles81.cat\/wp-content\/uploads\/2021\/11\/5-360x240.jpg 360w\" sizes=\"auto, (max-width: 1024px) 100vw, 1024px\" \/><\/figure><\/li><li class=\"blocks-gallery-item\"><figure><img loading=\"lazy\" decoding=\"async\" width=\"1024\" height=\"683\" src=\"https:\/\/www.deixalles81.cat\/wp-content\/uploads\/2021\/11\/6-1024x683.jpg\" alt=\"\" data-id=\"694\" data-full-url=\"https:\/\/www.deixalles81.cat\/wp-content\/uploads\/2021\/11\/6-scaled.jpg\" data-link=\"https:\/\/www.deixalles81.cat\/index.php\/fuita\/attachment\/6\/\" class=\"wp-image-694\" srcset=\"https:\/\/www.deixalles81.cat\/wp-content\/uploads\/2021\/11\/6-1024x683.jpg 1024w, https:\/\/www.deixalles81.cat\/wp-content\/uploads\/2021\/11\/6-300x200.jpg 300w, https:\/\/www.deixalles81.cat\/wp-content\/uploads\/2021\/11\/6-768x512.jpg 768w, https:\/\/www.deixalles81.cat\/wp-content\/uploads\/2021\/11\/6-1536x1024.jpg 1536w, https:\/\/www.deixalles81.cat\/wp-content\/uploads\/2021\/11\/6-2048x1365.jpg 2048w, https:\/\/www.deixalles81.cat\/wp-content\/uploads\/2021\/11\/6-360x240.jpg 360w\" sizes=\"auto, (max-width: 1024px) 100vw, 1024px\" \/><\/figure><\/li><li class=\"blocks-gallery-item\"><figure><img loading=\"lazy\" decoding=\"async\" width=\"1024\" height=\"683\" src=\"https:\/\/www.deixalles81.cat\/wp-content\/uploads\/2021\/11\/7-1024x683.jpg\" alt=\"\" data-id=\"695\" data-full-url=\"https:\/\/www.deixalles81.cat\/wp-content\/uploads\/2021\/11\/7-scaled.jpg\" data-link=\"https:\/\/www.deixalles81.cat\/index.php\/fuita\/attachment\/7\/\" class=\"wp-image-695\" srcset=\"https:\/\/www.deixalles81.cat\/wp-content\/uploads\/2021\/11\/7-1024x683.jpg 1024w, https:\/\/www.deixalles81.cat\/wp-content\/uploads\/2021\/11\/7-300x200.jpg 300w, https:\/\/www.deixalles81.cat\/wp-content\/uploads\/2021\/11\/7-768x512.jpg 768w, https:\/\/www.deixalles81.cat\/wp-content\/uploads\/2021\/11\/7-1536x1024.jpg 1536w, https:\/\/www.deixalles81.cat\/wp-content\/uploads\/2021\/11\/7-2048x1365.jpg 2048w, https:\/\/www.deixalles81.cat\/wp-content\/uploads\/2021\/11\/7-360x240.jpg 360w\" sizes=\"auto, (max-width: 1024px) 100vw, 1024px\" \/><\/figure><\/li><li class=\"blocks-gallery-item\"><figure><img loading=\"lazy\" decoding=\"async\" width=\"1024\" height=\"683\" src=\"https:\/\/www.deixalles81.cat\/wp-content\/uploads\/2021\/11\/8-1024x683.jpg\" alt=\"\" data-id=\"697\" data-full-url=\"https:\/\/www.deixalles81.cat\/wp-content\/uploads\/2021\/11\/8-scaled.jpg\" data-link=\"https:\/\/www.deixalles81.cat\/index.php\/fuita\/attachment\/8\/\" class=\"wp-image-697\" srcset=\"https:\/\/www.deixalles81.cat\/wp-content\/uploads\/2021\/11\/8-1024x683.jpg 1024w, https:\/\/www.deixalles81.cat\/wp-content\/uploads\/2021\/11\/8-300x200.jpg 300w, https:\/\/www.deixalles81.cat\/wp-content\/uploads\/2021\/11\/8-768x512.jpg 768w, https:\/\/www.deixalles81.cat\/wp-content\/uploads\/2021\/11\/8-1536x1024.jpg 1536w, https:\/\/www.deixalles81.cat\/wp-content\/uploads\/2021\/11\/8-2048x1365.jpg 2048w, https:\/\/www.deixalles81.cat\/wp-content\/uploads\/2021\/11\/8-360x240.jpg 360w\" sizes=\"auto, (max-width: 1024px) 100vw, 1024px\" \/><\/figure><\/li><li class=\"blocks-gallery-item\"><figure><img loading=\"lazy\" decoding=\"async\" width=\"1024\" height=\"683\" src=\"https:\/\/www.deixalles81.cat\/wp-content\/uploads\/2021\/11\/9-1024x683.jpg\" alt=\"\" data-id=\"698\" data-full-url=\"https:\/\/www.deixalles81.cat\/wp-content\/uploads\/2021\/11\/9-scaled.jpg\" data-link=\"https:\/\/www.deixalles81.cat\/index.php\/fuita\/attachment\/9\/\" class=\"wp-image-698\" srcset=\"https:\/\/www.deixalles81.cat\/wp-content\/uploads\/2021\/11\/9-1024x683.jpg 1024w, https:\/\/www.deixalles81.cat\/wp-content\/uploads\/2021\/11\/9-300x200.jpg 300w, https:\/\/www.deixalles81.cat\/wp-content\/uploads\/2021\/11\/9-768x512.jpg 768w, https:\/\/www.deixalles81.cat\/wp-content\/uploads\/2021\/11\/9-1536x1024.jpg 1536w, https:\/\/www.deixalles81.cat\/wp-content\/uploads\/2021\/11\/9-2048x1365.jpg 2048w, https:\/\/www.deixalles81.cat\/wp-content\/uploads\/2021\/11\/9-360x240.jpg 360w\" sizes=\"auto, (max-width: 1024px) 100vw, 1024px\" \/><\/figure><\/li><li class=\"blocks-gallery-item\"><figure><img loading=\"lazy\" decoding=\"async\" width=\"1024\" height=\"683\" src=\"https:\/\/www.deixalles81.cat\/wp-content\/uploads\/2021\/11\/10-1024x683.jpg\" alt=\"\" data-id=\"699\" data-full-url=\"https:\/\/www.deixalles81.cat\/wp-content\/uploads\/2021\/11\/10-scaled.jpg\" data-link=\"https:\/\/www.deixalles81.cat\/index.php\/fuita\/attachment\/10\/\" class=\"wp-image-699\" srcset=\"https:\/\/www.deixalles81.cat\/wp-content\/uploads\/2021\/11\/10-1024x683.jpg 1024w, https:\/\/www.deixalles81.cat\/wp-content\/uploads\/2021\/11\/10-300x200.jpg 300w, https:\/\/www.deixalles81.cat\/wp-content\/uploads\/2021\/11\/10-768x512.jpg 768w, https:\/\/www.deixalles81.cat\/wp-content\/uploads\/2021\/11\/10-1536x1024.jpg 1536w, https:\/\/www.deixalles81.cat\/wp-content\/uploads\/2021\/11\/10-2048x1365.jpg 2048w, https:\/\/www.deixalles81.cat\/wp-content\/uploads\/2021\/11\/10-360x240.jpg 360w\" sizes=\"auto, (max-width: 1024px) 100vw, 1024px\" \/><\/figure><\/li><li class=\"blocks-gallery-item\"><figure><img loading=\"lazy\" decoding=\"async\" width=\"1024\" height=\"683\" src=\"https:\/\/www.deixalles81.cat\/wp-content\/uploads\/2021\/11\/11-1024x683.jpg\" alt=\"\" data-id=\"700\" data-full-url=\"https:\/\/www.deixalles81.cat\/wp-content\/uploads\/2021\/11\/11-scaled.jpg\" data-link=\"https:\/\/www.deixalles81.cat\/index.php\/fuita\/attachment\/11\/\" class=\"wp-image-700\" srcset=\"https:\/\/www.deixalles81.cat\/wp-content\/uploads\/2021\/11\/11-1024x683.jpg 1024w, https:\/\/www.deixalles81.cat\/wp-content\/uploads\/2021\/11\/11-300x200.jpg 300w, https:\/\/www.deixalles81.cat\/wp-content\/uploads\/2021\/11\/11-768x512.jpg 768w, https:\/\/www.deixalles81.cat\/wp-content\/uploads\/2021\/11\/11-1536x1024.jpg 1536w, https:\/\/www.deixalles81.cat\/wp-content\/uploads\/2021\/11\/11-2048x1365.jpg 2048w, https:\/\/www.deixalles81.cat\/wp-content\/uploads\/2021\/11\/11-360x240.jpg 360w\" sizes=\"auto, (max-width: 1024px) 100vw, 1024px\" \/><\/figure><\/li><li class=\"blocks-gallery-item\"><figure><img loading=\"lazy\" decoding=\"async\" width=\"1024\" height=\"683\" src=\"https:\/\/www.deixalles81.cat\/wp-content\/uploads\/2021\/11\/12-1024x683.jpg\" alt=\"\" data-id=\"701\" data-full-url=\"https:\/\/www.deixalles81.cat\/wp-content\/uploads\/2021\/11\/12-scaled.jpg\" data-link=\"https:\/\/www.deixalles81.cat\/index.php\/fuita\/attachment\/12\/\" class=\"wp-image-701\" srcset=\"https:\/\/www.deixalles81.cat\/wp-content\/uploads\/2021\/11\/12-1024x683.jpg 1024w, https:\/\/www.deixalles81.cat\/wp-content\/uploads\/2021\/11\/12-300x200.jpg 300w, https:\/\/www.deixalles81.cat\/wp-content\/uploads\/2021\/11\/12-768x512.jpg 768w, https:\/\/www.deixalles81.cat\/wp-content\/uploads\/2021\/11\/12-1536x1024.jpg 1536w, https:\/\/www.deixalles81.cat\/wp-content\/uploads\/2021\/11\/12-2048x1365.jpg 2048w, https:\/\/www.deixalles81.cat\/wp-content\/uploads\/2021\/11\/12-360x240.jpg 360w\" sizes=\"auto, (max-width: 1024px) 100vw, 1024px\" \/><\/figure><\/li><\/ul><\/figure>\n\n\n\n<p>Podeu visualitzar l&#8217;obra clicant <a href=\"https:\/\/www.youtube.com\/watch?v=DpVdgCLoDPo\">aqu\u00ed<\/a>.<\/p>\n","protected":false},"excerpt":{"rendered":"<p>de CREACI\u00d3 PR\u00d2PIA SINOPSI: L&#8217;Isidre Gal\u00ed, fins avui era Conseller d&#8217;Ind\u00fastria i Energia i per un petit error ha hagut de dimitir, nom\u00e9s s&#8217;ha fet construir un xalet a compte de la Generalitat! La Vicenta \u00e9s una pobre dona que es dedica a enredar a la gent venent uns aparells [&hellip;]<\/p>\n","protected":false},"author":2,"featured_media":0,"parent":0,"menu_order":0,"comment_status":"closed","ping_status":"closed","template":"","meta":{"footnotes":""},"class_list":["post-686","page","type-page","status-publish","hentry"],"_links":{"self":[{"href":"https:\/\/www.deixalles81.cat\/index.php\/wp-json\/wp\/v2\/pages\/686","targetHints":{"allow":["GET"]}}],"collection":[{"href":"https:\/\/www.deixalles81.cat\/index.php\/wp-json\/wp\/v2\/pages"}],"about":[{"href":"https:\/\/www.deixalles81.cat\/index.php\/wp-json\/wp\/v2\/types\/page"}],"author":[{"embeddable":true,"href":"https:\/\/www.deixalles81.cat\/index.php\/wp-json\/wp\/v2\/users\/2"}],"replies":[{"embeddable":true,"href":"https:\/\/www.deixalles81.cat\/index.php\/wp-json\/wp\/v2\/comments?post=686"}],"version-history":[{"count":3,"href":"https:\/\/www.deixalles81.cat\/index.php\/wp-json\/wp\/v2\/pages\/686\/revisions"}],"predecessor-version":[{"id":773,"href":"https:\/\/www.deixalles81.cat\/index.php\/wp-json\/wp\/v2\/pages\/686\/revisions\/773"}],"wp:attachment":[{"href":"https:\/\/www.deixalles81.cat\/index.php\/wp-json\/wp\/v2\/media?parent=686"}],"curies":[{"name":"wp","href":"https:\/\/api.w.org\/{rel}","templated":true}]}}