{"id":705,"date":"2021-11-08T12:37:53","date_gmt":"2021-11-08T12:37:53","guid":{"rendered":"http:\/\/www.deixalles81.cat\/?page_id=705"},"modified":"2022-01-19T10:21:00","modified_gmt":"2022-01-19T10:21:00","slug":"el-diari-danna-frank","status":"publish","type":"page","link":"https:\/\/www.deixalles81.cat\/index.php\/el-diari-danna-frank\/","title":{"rendered":"&#8220;El diari d&#8217;Anna Frank&#8221;"},"content":{"rendered":"\n<h4 class=\"has-text-align-right wp-block-heading\">de RAFAEL AGUILAR<\/h4>\n\n\n\n<p class=\"has-large-font-size\"><strong>SINOPSI:<\/strong><\/p>\n\n\n\n<p>El \u201cDiari d\u00b4Anna Frank\u201d reflexa la forma de pensar i de viure d\u2019una nena: Anna Frank. Ella \u00e9s jueva i es va veure obligada a conviure durant dos anys en el redu\u00eft espai d\u00b4unes golfes per refugiar-se de la persecuci\u00f3 nazi. La conviv\u00e8ncia s\u2019organitza a base d&#8217;horaris, sacrificis, torns\u2026 i sobre tot por, angoixa de ser descoberts. Dins d\u2019aquest ambient, Anna viu el despertar de l\u00b4adolesc\u00e8ncia amb la rebel\u00b7lia pr\u00f2pia d\u2019una generaci\u00f3 que creu que pot millorar el m\u00f3n. Per\u00f2 sobretot, Anna vol transmetre el seu ideal \u201cJo crec, malgrat tot, que les persones s\u00f3n bones en el fons del seu cor\u201d.<\/p>\n\n\n\n<p class=\"has-large-font-size\"><strong>REPARTIMENT:<\/strong><\/p>\n\n\n\n<p>ANNA FRANK &#8212;&#8212;&#8212;&#8212;- Magal\u00ed Verge<br>OTTO FRANK &#8212;&#8212;&#8212;&#8211; Sergi Capdevila<br>EDITH FRANK &#8212;&#8212;&#8212;&#8212; Maria Mas<br>MARGOT FRANK &#8212;&#8212;&#8212;&#8212; Nina Claveria<br>PETER VAN DAAN &#8212;&#8212;&#8212;&#8211; Adri\u00e0 Capdevila<br>KERL VAN DAAN &#8212;&#8212;&#8212;&#8212;- Xavi Capdevila<br>LIEFJ VAN DAAN &#8212;&#8212;&#8212;&#8212;- Anna Segal\u00e9s<br>ALBERT DUSSEL &#8212;&#8212;&#8212;&#8212; Brian Petitb\u00f2<br>OLGA VAN JORDAAN &#8212;&#8212;- Queralt Segal\u00e9s<br>MIEP &#8212;&#8212;&#8212;&#8212;&#8212;- C\u00e8lia Mur<br>Oficials GESTAPO&#8212;&#8212;&#8212;&#8211;Xavier Serrats i Lloren\u00e7 Baqu\u00e9s<\/p>\n\n\n\n<p class=\"has-large-font-size\"><strong>FITXA T\u00c8CNICA:<\/strong><\/p>\n\n\n\n<p>Escenografia: Deixalles 81<br>Tramoies: Climent Codina, Pepe D\u00edaz, Joan Petitb\u00f2<br>Traspunts: Queralt Segal\u00e9s, Rosita Figueras<br>Il\u00b7luminaci\u00f3: Pau Ibars<br>So: Ernest Sala<br>T\u00e8cnica vocal dels actors: N\u00faria Dardiny\u00e0<br>Direcci\u00f3: Josep Canet<\/p>\n\n\n\n<p class=\"has-large-font-size\"><strong>L&#8217;OBRA:<\/strong><\/p>\n\n\n\n<p>Els nostres plantejaments a l\u2019hora d\u2019escollir aquesta obra de teatre, eren tornar al teatre m\u00e9s cl\u00e0ssic, a les emocions m\u00e9s tendres i, a la vegada, convidar a la reflexi\u00f3. Aconseguir que al sortir del teatre el p\u00fablic tingui la oportunitat de reflexionar sobre el m\u00f3n actual, sobre les situacions tr\u00e0giques que es van repetint i repetint al llarg de la hist\u00f2ria. Situacions que l\u2019experi\u00e8ncia ens hauria d\u2019haver ensenyat a no repetir-les, per\u00f2 que tristament veiem cada dia.<\/p>\n\n\n\n<p>El diari d\u2019Anna Frank compleix amb escreix aquestes premisses. Ens transporta una vegada m\u00e9s a l\u2019Europa ocupada pels nazis, als anys m\u00e9s foscos de la nostra hist\u00f2ria. Ens recorda el patiment i l\u2019angoixa que van patir milions de jueus que es van veure perseguits i exterminats nom\u00e9s per aix\u00f2: per ser jueus. Per\u00f2 tamb\u00e9 ens transmet esperan\u00e7a, la que Anna Frank ens va deixar escrita al seu diari. Anna es podia haver tornat ro\u00ed, podia haver tornat als homes tot l\u2019odi que havia rebut, i enlloc d\u2019aix\u00f2, el seu diari \u00e9s un cant a l\u2019alegria i a l\u2019esperan\u00e7a.<\/p>\n\n\n\n<figure class=\"wp-block-gallery columns-3 is-cropped wp-block-gallery-1 is-layout-flex wp-block-gallery-is-layout-flex\"><ul class=\"blocks-gallery-grid\"><li class=\"blocks-gallery-item\"><figure><img loading=\"lazy\" decoding=\"async\" width=\"1024\" height=\"768\" src=\"https:\/\/www.deixalles81.cat\/wp-content\/uploads\/2021\/11\/IMG_1301-1024x768.jpg\" alt=\"\" data-id=\"709\" data-full-url=\"https:\/\/www.deixalles81.cat\/wp-content\/uploads\/2021\/11\/IMG_1301-scaled.jpg\" data-link=\"https:\/\/www.deixalles81.cat\/index.php\/el-diari-danna-frank\/img_1301\/\" class=\"wp-image-709\" srcset=\"https:\/\/www.deixalles81.cat\/wp-content\/uploads\/2021\/11\/IMG_1301-1024x768.jpg 1024w, https:\/\/www.deixalles81.cat\/wp-content\/uploads\/2021\/11\/IMG_1301-300x225.jpg 300w, https:\/\/www.deixalles81.cat\/wp-content\/uploads\/2021\/11\/IMG_1301-768x576.jpg 768w, https:\/\/www.deixalles81.cat\/wp-content\/uploads\/2021\/11\/IMG_1301-1536x1152.jpg 1536w, https:\/\/www.deixalles81.cat\/wp-content\/uploads\/2021\/11\/IMG_1301-2048x1536.jpg 2048w\" sizes=\"auto, (max-width: 1024px) 100vw, 1024px\" \/><\/figure><\/li><li class=\"blocks-gallery-item\"><figure><img loading=\"lazy\" decoding=\"async\" width=\"1024\" height=\"768\" src=\"https:\/\/www.deixalles81.cat\/wp-content\/uploads\/2021\/11\/IMG_1303-1024x768.jpg\" alt=\"\" data-id=\"710\" data-full-url=\"https:\/\/www.deixalles81.cat\/wp-content\/uploads\/2021\/11\/IMG_1303-scaled.jpg\" data-link=\"https:\/\/www.deixalles81.cat\/index.php\/el-diari-danna-frank\/img_1303\/\" class=\"wp-image-710\" srcset=\"https:\/\/www.deixalles81.cat\/wp-content\/uploads\/2021\/11\/IMG_1303-1024x768.jpg 1024w, https:\/\/www.deixalles81.cat\/wp-content\/uploads\/2021\/11\/IMG_1303-300x225.jpg 300w, https:\/\/www.deixalles81.cat\/wp-content\/uploads\/2021\/11\/IMG_1303-768x576.jpg 768w, https:\/\/www.deixalles81.cat\/wp-content\/uploads\/2021\/11\/IMG_1303-1536x1152.jpg 1536w, https:\/\/www.deixalles81.cat\/wp-content\/uploads\/2021\/11\/IMG_1303-2048x1536.jpg 2048w\" sizes=\"auto, (max-width: 1024px) 100vw, 1024px\" \/><\/figure><\/li><li class=\"blocks-gallery-item\"><figure><img loading=\"lazy\" decoding=\"async\" width=\"1024\" height=\"768\" src=\"https:\/\/www.deixalles81.cat\/wp-content\/uploads\/2021\/11\/IMG_1306-1024x768.jpg\" alt=\"\" data-id=\"711\" data-full-url=\"https:\/\/www.deixalles81.cat\/wp-content\/uploads\/2021\/11\/IMG_1306-scaled.jpg\" data-link=\"https:\/\/www.deixalles81.cat\/index.php\/el-diari-danna-frank\/img_1306\/\" class=\"wp-image-711\" srcset=\"https:\/\/www.deixalles81.cat\/wp-content\/uploads\/2021\/11\/IMG_1306-1024x768.jpg 1024w, https:\/\/www.deixalles81.cat\/wp-content\/uploads\/2021\/11\/IMG_1306-300x225.jpg 300w, https:\/\/www.deixalles81.cat\/wp-content\/uploads\/2021\/11\/IMG_1306-768x576.jpg 768w, https:\/\/www.deixalles81.cat\/wp-content\/uploads\/2021\/11\/IMG_1306-1536x1152.jpg 1536w, https:\/\/www.deixalles81.cat\/wp-content\/uploads\/2021\/11\/IMG_1306-2048x1536.jpg 2048w\" sizes=\"auto, (max-width: 1024px) 100vw, 1024px\" \/><\/figure><\/li><li class=\"blocks-gallery-item\"><figure><img loading=\"lazy\" decoding=\"async\" width=\"1024\" height=\"768\" src=\"https:\/\/www.deixalles81.cat\/wp-content\/uploads\/2021\/11\/IMG_1309-1024x768.jpg\" alt=\"\" data-id=\"712\" data-full-url=\"https:\/\/www.deixalles81.cat\/wp-content\/uploads\/2021\/11\/IMG_1309-scaled.jpg\" data-link=\"https:\/\/www.deixalles81.cat\/index.php\/el-diari-danna-frank\/img_1309\/\" class=\"wp-image-712\" srcset=\"https:\/\/www.deixalles81.cat\/wp-content\/uploads\/2021\/11\/IMG_1309-1024x768.jpg 1024w, https:\/\/www.deixalles81.cat\/wp-content\/uploads\/2021\/11\/IMG_1309-300x225.jpg 300w, https:\/\/www.deixalles81.cat\/wp-content\/uploads\/2021\/11\/IMG_1309-768x576.jpg 768w, https:\/\/www.deixalles81.cat\/wp-content\/uploads\/2021\/11\/IMG_1309-1536x1152.jpg 1536w, https:\/\/www.deixalles81.cat\/wp-content\/uploads\/2021\/11\/IMG_1309-2048x1536.jpg 2048w\" sizes=\"auto, (max-width: 1024px) 100vw, 1024px\" \/><\/figure><\/li><li class=\"blocks-gallery-item\"><figure><img loading=\"lazy\" decoding=\"async\" width=\"1024\" height=\"768\" src=\"https:\/\/www.deixalles81.cat\/wp-content\/uploads\/2021\/11\/IMG_1311-1024x768.jpg\" alt=\"\" data-id=\"713\" data-full-url=\"https:\/\/www.deixalles81.cat\/wp-content\/uploads\/2021\/11\/IMG_1311-scaled.jpg\" data-link=\"https:\/\/www.deixalles81.cat\/index.php\/el-diari-danna-frank\/img_1311\/\" class=\"wp-image-713\" srcset=\"https:\/\/www.deixalles81.cat\/wp-content\/uploads\/2021\/11\/IMG_1311-1024x768.jpg 1024w, https:\/\/www.deixalles81.cat\/wp-content\/uploads\/2021\/11\/IMG_1311-300x225.jpg 300w, https:\/\/www.deixalles81.cat\/wp-content\/uploads\/2021\/11\/IMG_1311-768x576.jpg 768w, https:\/\/www.deixalles81.cat\/wp-content\/uploads\/2021\/11\/IMG_1311-1536x1152.jpg 1536w, https:\/\/www.deixalles81.cat\/wp-content\/uploads\/2021\/11\/IMG_1311-2048x1536.jpg 2048w\" sizes=\"auto, (max-width: 1024px) 100vw, 1024px\" \/><\/figure><\/li><li class=\"blocks-gallery-item\"><figure><img loading=\"lazy\" decoding=\"async\" width=\"1024\" height=\"768\" src=\"https:\/\/www.deixalles81.cat\/wp-content\/uploads\/2021\/11\/IMG_1312-1024x768.jpg\" alt=\"\" data-id=\"714\" data-full-url=\"https:\/\/www.deixalles81.cat\/wp-content\/uploads\/2021\/11\/IMG_1312-scaled.jpg\" data-link=\"https:\/\/www.deixalles81.cat\/index.php\/el-diari-danna-frank\/img_1312\/\" class=\"wp-image-714\" srcset=\"https:\/\/www.deixalles81.cat\/wp-content\/uploads\/2021\/11\/IMG_1312-1024x768.jpg 1024w, https:\/\/www.deixalles81.cat\/wp-content\/uploads\/2021\/11\/IMG_1312-300x225.jpg 300w, https:\/\/www.deixalles81.cat\/wp-content\/uploads\/2021\/11\/IMG_1312-768x576.jpg 768w, https:\/\/www.deixalles81.cat\/wp-content\/uploads\/2021\/11\/IMG_1312-1536x1152.jpg 1536w, https:\/\/www.deixalles81.cat\/wp-content\/uploads\/2021\/11\/IMG_1312-2048x1536.jpg 2048w\" sizes=\"auto, (max-width: 1024px) 100vw, 1024px\" \/><\/figure><\/li><li class=\"blocks-gallery-item\"><figure><img loading=\"lazy\" decoding=\"async\" width=\"1024\" height=\"768\" src=\"https:\/\/www.deixalles81.cat\/wp-content\/uploads\/2021\/11\/IMG_1314-1024x768.jpg\" alt=\"\" data-id=\"715\" data-full-url=\"https:\/\/www.deixalles81.cat\/wp-content\/uploads\/2021\/11\/IMG_1314-scaled.jpg\" data-link=\"https:\/\/www.deixalles81.cat\/index.php\/el-diari-danna-frank\/img_1314\/\" class=\"wp-image-715\" srcset=\"https:\/\/www.deixalles81.cat\/wp-content\/uploads\/2021\/11\/IMG_1314-1024x768.jpg 1024w, https:\/\/www.deixalles81.cat\/wp-content\/uploads\/2021\/11\/IMG_1314-300x225.jpg 300w, https:\/\/www.deixalles81.cat\/wp-content\/uploads\/2021\/11\/IMG_1314-768x576.jpg 768w, https:\/\/www.deixalles81.cat\/wp-content\/uploads\/2021\/11\/IMG_1314-1536x1152.jpg 1536w, https:\/\/www.deixalles81.cat\/wp-content\/uploads\/2021\/11\/IMG_1314-2048x1536.jpg 2048w\" sizes=\"auto, (max-width: 1024px) 100vw, 1024px\" \/><\/figure><\/li><li class=\"blocks-gallery-item\"><figure><img loading=\"lazy\" decoding=\"async\" width=\"1024\" height=\"768\" src=\"https:\/\/www.deixalles81.cat\/wp-content\/uploads\/2021\/11\/IMG_1317-1024x768.jpg\" alt=\"\" data-id=\"716\" data-full-url=\"https:\/\/www.deixalles81.cat\/wp-content\/uploads\/2021\/11\/IMG_1317-scaled.jpg\" data-link=\"https:\/\/www.deixalles81.cat\/index.php\/el-diari-danna-frank\/img_1317\/\" class=\"wp-image-716\" srcset=\"https:\/\/www.deixalles81.cat\/wp-content\/uploads\/2021\/11\/IMG_1317-1024x768.jpg 1024w, https:\/\/www.deixalles81.cat\/wp-content\/uploads\/2021\/11\/IMG_1317-300x225.jpg 300w, https:\/\/www.deixalles81.cat\/wp-content\/uploads\/2021\/11\/IMG_1317-768x576.jpg 768w, https:\/\/www.deixalles81.cat\/wp-content\/uploads\/2021\/11\/IMG_1317-1536x1152.jpg 1536w, https:\/\/www.deixalles81.cat\/wp-content\/uploads\/2021\/11\/IMG_1317-2048x1536.jpg 2048w\" sizes=\"auto, (max-width: 1024px) 100vw, 1024px\" \/><\/figure><\/li><li class=\"blocks-gallery-item\"><figure><img loading=\"lazy\" decoding=\"async\" width=\"1024\" height=\"768\" src=\"https:\/\/www.deixalles81.cat\/wp-content\/uploads\/2021\/11\/IMG_1318-1024x768.jpg\" alt=\"\" data-id=\"717\" data-full-url=\"https:\/\/www.deixalles81.cat\/wp-content\/uploads\/2021\/11\/IMG_1318-scaled.jpg\" data-link=\"https:\/\/www.deixalles81.cat\/index.php\/el-diari-danna-frank\/img_1318\/\" class=\"wp-image-717\" srcset=\"https:\/\/www.deixalles81.cat\/wp-content\/uploads\/2021\/11\/IMG_1318-1024x768.jpg 1024w, https:\/\/www.deixalles81.cat\/wp-content\/uploads\/2021\/11\/IMG_1318-300x225.jpg 300w, https:\/\/www.deixalles81.cat\/wp-content\/uploads\/2021\/11\/IMG_1318-768x576.jpg 768w, https:\/\/www.deixalles81.cat\/wp-content\/uploads\/2021\/11\/IMG_1318-1536x1152.jpg 1536w, https:\/\/www.deixalles81.cat\/wp-content\/uploads\/2021\/11\/IMG_1318-2048x1536.jpg 2048w\" sizes=\"auto, (max-width: 1024px) 100vw, 1024px\" \/><\/figure><\/li><li class=\"blocks-gallery-item\"><figure><img loading=\"lazy\" decoding=\"async\" width=\"1024\" height=\"768\" src=\"https:\/\/www.deixalles81.cat\/wp-content\/uploads\/2021\/11\/IMG_1320-1024x768.jpg\" alt=\"\" data-id=\"718\" data-full-url=\"https:\/\/www.deixalles81.cat\/wp-content\/uploads\/2021\/11\/IMG_1320-scaled.jpg\" data-link=\"https:\/\/www.deixalles81.cat\/index.php\/el-diari-danna-frank\/img_1320\/\" class=\"wp-image-718\" srcset=\"https:\/\/www.deixalles81.cat\/wp-content\/uploads\/2021\/11\/IMG_1320-1024x768.jpg 1024w, https:\/\/www.deixalles81.cat\/wp-content\/uploads\/2021\/11\/IMG_1320-300x225.jpg 300w, https:\/\/www.deixalles81.cat\/wp-content\/uploads\/2021\/11\/IMG_1320-768x576.jpg 768w, https:\/\/www.deixalles81.cat\/wp-content\/uploads\/2021\/11\/IMG_1320-1536x1152.jpg 1536w, https:\/\/www.deixalles81.cat\/wp-content\/uploads\/2021\/11\/IMG_1320-2048x1536.jpg 2048w\" sizes=\"auto, (max-width: 1024px) 100vw, 1024px\" \/><\/figure><\/li><li class=\"blocks-gallery-item\"><figure><img loading=\"lazy\" decoding=\"async\" width=\"1024\" height=\"768\" src=\"https:\/\/www.deixalles81.cat\/wp-content\/uploads\/2021\/11\/IMG_1323-1024x768.jpg\" alt=\"\" data-id=\"719\" data-full-url=\"https:\/\/www.deixalles81.cat\/wp-content\/uploads\/2021\/11\/IMG_1323-scaled.jpg\" data-link=\"https:\/\/www.deixalles81.cat\/index.php\/el-diari-danna-frank\/img_1323\/\" class=\"wp-image-719\" srcset=\"https:\/\/www.deixalles81.cat\/wp-content\/uploads\/2021\/11\/IMG_1323-1024x768.jpg 1024w, https:\/\/www.deixalles81.cat\/wp-content\/uploads\/2021\/11\/IMG_1323-300x225.jpg 300w, https:\/\/www.deixalles81.cat\/wp-content\/uploads\/2021\/11\/IMG_1323-768x576.jpg 768w, https:\/\/www.deixalles81.cat\/wp-content\/uploads\/2021\/11\/IMG_1323-1536x1152.jpg 1536w, https:\/\/www.deixalles81.cat\/wp-content\/uploads\/2021\/11\/IMG_1323-2048x1536.jpg 2048w\" sizes=\"auto, (max-width: 1024px) 100vw, 1024px\" \/><\/figure><\/li><li class=\"blocks-gallery-item\"><figure><img loading=\"lazy\" decoding=\"async\" width=\"1024\" height=\"768\" src=\"https:\/\/www.deixalles81.cat\/wp-content\/uploads\/2021\/11\/IMG_1328-1024x768.jpg\" alt=\"\" data-id=\"720\" data-full-url=\"https:\/\/www.deixalles81.cat\/wp-content\/uploads\/2021\/11\/IMG_1328-scaled.jpg\" data-link=\"https:\/\/www.deixalles81.cat\/index.php\/el-diari-danna-frank\/img_1328\/\" class=\"wp-image-720\" srcset=\"https:\/\/www.deixalles81.cat\/wp-content\/uploads\/2021\/11\/IMG_1328-1024x768.jpg 1024w, https:\/\/www.deixalles81.cat\/wp-content\/uploads\/2021\/11\/IMG_1328-300x225.jpg 300w, https:\/\/www.deixalles81.cat\/wp-content\/uploads\/2021\/11\/IMG_1328-768x576.jpg 768w, https:\/\/www.deixalles81.cat\/wp-content\/uploads\/2021\/11\/IMG_1328-1536x1152.jpg 1536w, https:\/\/www.deixalles81.cat\/wp-content\/uploads\/2021\/11\/IMG_1328-2048x1536.jpg 2048w\" sizes=\"auto, (max-width: 1024px) 100vw, 1024px\" \/><\/figure><\/li><li class=\"blocks-gallery-item\"><figure><img loading=\"lazy\" decoding=\"async\" width=\"1024\" height=\"768\" src=\"https:\/\/www.deixalles81.cat\/wp-content\/uploads\/2021\/11\/IMG_1333-1024x768.jpg\" alt=\"\" data-id=\"721\" data-full-url=\"https:\/\/www.deixalles81.cat\/wp-content\/uploads\/2021\/11\/IMG_1333-scaled.jpg\" data-link=\"https:\/\/www.deixalles81.cat\/index.php\/el-diari-danna-frank\/img_1333\/\" class=\"wp-image-721\" srcset=\"https:\/\/www.deixalles81.cat\/wp-content\/uploads\/2021\/11\/IMG_1333-1024x768.jpg 1024w, https:\/\/www.deixalles81.cat\/wp-content\/uploads\/2021\/11\/IMG_1333-300x225.jpg 300w, https:\/\/www.deixalles81.cat\/wp-content\/uploads\/2021\/11\/IMG_1333-768x576.jpg 768w, https:\/\/www.deixalles81.cat\/wp-content\/uploads\/2021\/11\/IMG_1333-1536x1152.jpg 1536w, https:\/\/www.deixalles81.cat\/wp-content\/uploads\/2021\/11\/IMG_1333-2048x1536.jpg 2048w\" sizes=\"auto, (max-width: 1024px) 100vw, 1024px\" \/><\/figure><\/li><li class=\"blocks-gallery-item\"><figure><img loading=\"lazy\" decoding=\"async\" width=\"1024\" height=\"768\" src=\"https:\/\/www.deixalles81.cat\/wp-content\/uploads\/2021\/11\/IMG_1335-1024x768.jpg\" alt=\"\" data-id=\"722\" data-full-url=\"https:\/\/www.deixalles81.cat\/wp-content\/uploads\/2021\/11\/IMG_1335-scaled.jpg\" data-link=\"https:\/\/www.deixalles81.cat\/index.php\/el-diari-danna-frank\/img_1335\/\" class=\"wp-image-722\" srcset=\"https:\/\/www.deixalles81.cat\/wp-content\/uploads\/2021\/11\/IMG_1335-1024x768.jpg 1024w, https:\/\/www.deixalles81.cat\/wp-content\/uploads\/2021\/11\/IMG_1335-300x225.jpg 300w, https:\/\/www.deixalles81.cat\/wp-content\/uploads\/2021\/11\/IMG_1335-768x576.jpg 768w, https:\/\/www.deixalles81.cat\/wp-content\/uploads\/2021\/11\/IMG_1335-1536x1152.jpg 1536w, https:\/\/www.deixalles81.cat\/wp-content\/uploads\/2021\/11\/IMG_1335-2048x1536.jpg 2048w\" sizes=\"auto, (max-width: 1024px) 100vw, 1024px\" \/><\/figure><\/li><li class=\"blocks-gallery-item\"><figure><img loading=\"lazy\" decoding=\"async\" width=\"1024\" height=\"768\" src=\"https:\/\/www.deixalles81.cat\/wp-content\/uploads\/2021\/11\/IMG_1338-1024x768.jpg\" alt=\"\" data-id=\"723\" data-full-url=\"https:\/\/www.deixalles81.cat\/wp-content\/uploads\/2021\/11\/IMG_1338-scaled.jpg\" data-link=\"https:\/\/www.deixalles81.cat\/index.php\/el-diari-danna-frank\/img_1338\/\" class=\"wp-image-723\" srcset=\"https:\/\/www.deixalles81.cat\/wp-content\/uploads\/2021\/11\/IMG_1338-1024x768.jpg 1024w, https:\/\/www.deixalles81.cat\/wp-content\/uploads\/2021\/11\/IMG_1338-300x225.jpg 300w, https:\/\/www.deixalles81.cat\/wp-content\/uploads\/2021\/11\/IMG_1338-768x576.jpg 768w, https:\/\/www.deixalles81.cat\/wp-content\/uploads\/2021\/11\/IMG_1338-1536x1152.jpg 1536w, https:\/\/www.deixalles81.cat\/wp-content\/uploads\/2021\/11\/IMG_1338-2048x1536.jpg 2048w\" sizes=\"auto, (max-width: 1024px) 100vw, 1024px\" \/><\/figure><\/li><li class=\"blocks-gallery-item\"><figure><img loading=\"lazy\" decoding=\"async\" width=\"1024\" height=\"768\" src=\"https:\/\/www.deixalles81.cat\/wp-content\/uploads\/2021\/11\/IMG_1343-1024x768.jpg\" alt=\"\" data-id=\"724\" data-full-url=\"https:\/\/www.deixalles81.cat\/wp-content\/uploads\/2021\/11\/IMG_1343-scaled.jpg\" data-link=\"https:\/\/www.deixalles81.cat\/index.php\/el-diari-danna-frank\/img_1343\/\" class=\"wp-image-724\" srcset=\"https:\/\/www.deixalles81.cat\/wp-content\/uploads\/2021\/11\/IMG_1343-1024x768.jpg 1024w, https:\/\/www.deixalles81.cat\/wp-content\/uploads\/2021\/11\/IMG_1343-300x225.jpg 300w, https:\/\/www.deixalles81.cat\/wp-content\/uploads\/2021\/11\/IMG_1343-768x576.jpg 768w, https:\/\/www.deixalles81.cat\/wp-content\/uploads\/2021\/11\/IMG_1343-1536x1152.jpg 1536w, https:\/\/www.deixalles81.cat\/wp-content\/uploads\/2021\/11\/IMG_1343-2048x1536.jpg 2048w\" sizes=\"auto, (max-width: 1024px) 100vw, 1024px\" \/><\/figure><\/li><li class=\"blocks-gallery-item\"><figure><img loading=\"lazy\" decoding=\"async\" width=\"1024\" height=\"768\" src=\"https:\/\/www.deixalles81.cat\/wp-content\/uploads\/2021\/11\/IMG_1347-1024x768.jpg\" alt=\"\" data-id=\"725\" data-full-url=\"https:\/\/www.deixalles81.cat\/wp-content\/uploads\/2021\/11\/IMG_1347-scaled.jpg\" data-link=\"https:\/\/www.deixalles81.cat\/index.php\/el-diari-danna-frank\/img_1347\/\" class=\"wp-image-725\" srcset=\"https:\/\/www.deixalles81.cat\/wp-content\/uploads\/2021\/11\/IMG_1347-1024x768.jpg 1024w, https:\/\/www.deixalles81.cat\/wp-content\/uploads\/2021\/11\/IMG_1347-300x225.jpg 300w, https:\/\/www.deixalles81.cat\/wp-content\/uploads\/2021\/11\/IMG_1347-768x576.jpg 768w, https:\/\/www.deixalles81.cat\/wp-content\/uploads\/2021\/11\/IMG_1347-1536x1152.jpg 1536w, https:\/\/www.deixalles81.cat\/wp-content\/uploads\/2021\/11\/IMG_1347-2048x1536.jpg 2048w\" sizes=\"auto, (max-width: 1024px) 100vw, 1024px\" \/><\/figure><\/li><li class=\"blocks-gallery-item\"><figure><img loading=\"lazy\" decoding=\"async\" width=\"1024\" height=\"768\" src=\"https:\/\/www.deixalles81.cat\/wp-content\/uploads\/2021\/11\/IMG_1359-1024x768.jpg\" alt=\"\" data-id=\"726\" data-full-url=\"https:\/\/www.deixalles81.cat\/wp-content\/uploads\/2021\/11\/IMG_1359-scaled.jpg\" data-link=\"https:\/\/www.deixalles81.cat\/index.php\/el-diari-danna-frank\/img_1359\/\" class=\"wp-image-726\" srcset=\"https:\/\/www.deixalles81.cat\/wp-content\/uploads\/2021\/11\/IMG_1359-1024x768.jpg 1024w, https:\/\/www.deixalles81.cat\/wp-content\/uploads\/2021\/11\/IMG_1359-300x225.jpg 300w, https:\/\/www.deixalles81.cat\/wp-content\/uploads\/2021\/11\/IMG_1359-768x576.jpg 768w, https:\/\/www.deixalles81.cat\/wp-content\/uploads\/2021\/11\/IMG_1359-1536x1152.jpg 1536w, https:\/\/www.deixalles81.cat\/wp-content\/uploads\/2021\/11\/IMG_1359-2048x1536.jpg 2048w\" sizes=\"auto, (max-width: 1024px) 100vw, 1024px\" \/><\/figure><\/li><li class=\"blocks-gallery-item\"><figure><img loading=\"lazy\" decoding=\"async\" width=\"1024\" height=\"768\" src=\"https:\/\/www.deixalles81.cat\/wp-content\/uploads\/2021\/11\/IMG_1367-1024x768.jpg\" alt=\"\" data-id=\"727\" data-full-url=\"https:\/\/www.deixalles81.cat\/wp-content\/uploads\/2021\/11\/IMG_1367-scaled.jpg\" data-link=\"https:\/\/www.deixalles81.cat\/index.php\/el-diari-danna-frank\/img_1367\/\" class=\"wp-image-727\" srcset=\"https:\/\/www.deixalles81.cat\/wp-content\/uploads\/2021\/11\/IMG_1367-1024x768.jpg 1024w, https:\/\/www.deixalles81.cat\/wp-content\/uploads\/2021\/11\/IMG_1367-300x225.jpg 300w, https:\/\/www.deixalles81.cat\/wp-content\/uploads\/2021\/11\/IMG_1367-768x576.jpg 768w, https:\/\/www.deixalles81.cat\/wp-content\/uploads\/2021\/11\/IMG_1367-1536x1152.jpg 1536w, https:\/\/www.deixalles81.cat\/wp-content\/uploads\/2021\/11\/IMG_1367-2048x1536.jpg 2048w\" sizes=\"auto, (max-width: 1024px) 100vw, 1024px\" \/><\/figure><\/li><li class=\"blocks-gallery-item\"><figure><img loading=\"lazy\" decoding=\"async\" width=\"1024\" height=\"768\" src=\"https:\/\/www.deixalles81.cat\/wp-content\/uploads\/2021\/11\/IMG_1377-1024x768.jpg\" alt=\"\" data-id=\"728\" data-full-url=\"https:\/\/www.deixalles81.cat\/wp-content\/uploads\/2021\/11\/IMG_1377-scaled.jpg\" data-link=\"https:\/\/www.deixalles81.cat\/index.php\/el-diari-danna-frank\/img_1377\/\" class=\"wp-image-728\" srcset=\"https:\/\/www.deixalles81.cat\/wp-content\/uploads\/2021\/11\/IMG_1377-1024x768.jpg 1024w, https:\/\/www.deixalles81.cat\/wp-content\/uploads\/2021\/11\/IMG_1377-300x225.jpg 300w, https:\/\/www.deixalles81.cat\/wp-content\/uploads\/2021\/11\/IMG_1377-768x576.jpg 768w, https:\/\/www.deixalles81.cat\/wp-content\/uploads\/2021\/11\/IMG_1377-1536x1152.jpg 1536w, https:\/\/www.deixalles81.cat\/wp-content\/uploads\/2021\/11\/IMG_1377-2048x1536.jpg 2048w\" sizes=\"auto, (max-width: 1024px) 100vw, 1024px\" \/><\/figure><\/li><\/ul><\/figure>\n\n\n\n<p>Podeu visualitzar l&#8217;obra clicant <a href=\"https:\/\/www.youtube.com\/watch?v=WLpbTWIUj-8\">aqu\u00ed<\/a>.<\/p>\n","protected":false},"excerpt":{"rendered":"<p>de RAFAEL AGUILAR SINOPSI: El \u201cDiari d\u00b4Anna Frank\u201d reflexa la forma de pensar i de viure d\u2019una nena: Anna Frank. Ella \u00e9s jueva i es va veure obligada a conviure durant dos anys en el redu\u00eft espai d\u00b4unes golfes per refugiar-se de la persecuci\u00f3 nazi. La conviv\u00e8ncia s\u2019organitza a base [&hellip;]<\/p>\n","protected":false},"author":2,"featured_media":0,"parent":0,"menu_order":0,"comment_status":"closed","ping_status":"closed","template":"","meta":{"footnotes":""},"class_list":["post-705","page","type-page","status-publish","hentry"],"_links":{"self":[{"href":"https:\/\/www.deixalles81.cat\/index.php\/wp-json\/wp\/v2\/pages\/705","targetHints":{"allow":["GET"]}}],"collection":[{"href":"https:\/\/www.deixalles81.cat\/index.php\/wp-json\/wp\/v2\/pages"}],"about":[{"href":"https:\/\/www.deixalles81.cat\/index.php\/wp-json\/wp\/v2\/types\/page"}],"author":[{"embeddable":true,"href":"https:\/\/www.deixalles81.cat\/index.php\/wp-json\/wp\/v2\/users\/2"}],"replies":[{"embeddable":true,"href":"https:\/\/www.deixalles81.cat\/index.php\/wp-json\/wp\/v2\/comments?post=705"}],"version-history":[{"count":3,"href":"https:\/\/www.deixalles81.cat\/index.php\/wp-json\/wp\/v2\/pages\/705\/revisions"}],"predecessor-version":[{"id":772,"href":"https:\/\/www.deixalles81.cat\/index.php\/wp-json\/wp\/v2\/pages\/705\/revisions\/772"}],"wp:attachment":[{"href":"https:\/\/www.deixalles81.cat\/index.php\/wp-json\/wp\/v2\/media?parent=705"}],"curies":[{"name":"wp","href":"https:\/\/api.w.org\/{rel}","templated":true}]}}