{"id":72,"date":"2020-02-24T22:04:00","date_gmt":"2020-02-24T22:04:00","guid":{"rendered":"http:\/\/www.deixalles81.cat\/?page_id=72"},"modified":"2020-02-29T15:37:00","modified_gmt":"2020-02-29T15:37:00","slug":"tot-es-jazz","status":"publish","type":"page","link":"https:\/\/www.deixalles81.cat\/index.php\/tot-es-jazz\/","title":{"rendered":"&#8220;Tot \u00e9s jazz&#8221;"},"content":{"rendered":"\n<h4 class=\"has-text-align-right wp-block-heading\">de CREACI\u00d3 PR\u00d2PIA<\/h4>\n\n\n\n<p class=\"has-large-font-size\"><strong>SINOPSI:<\/strong><\/p>\n\n\n\n<p>I ens tornem a posar davant d\u2019un musical, d\u2019un espectacle amb maj\u00fascules. I ho fem amb il\u00b7lusi\u00f3 i moltes ganes de fer-vos passar una tarda molt agradable. Per\u00f2 ho farem a la nostra manera, fent una adaptaci\u00f3 d\u2019un text conegut, combinant la interpretaci\u00f3 m\u00e9s cl\u00e0ssica amb la m\u00fasica i les imatges. Tot plegat per aconseguir fer una petita reflexi\u00f3 sobre el m\u00f3n que ens envolta; sense renunciar mai a l\u2019espectacle. Esteu preparats?? Doncs endavant amb el Jazz\u2026<\/p>\n\n\n\n<p class=\"has-large-font-size\"><strong>REPARTIMENT:<\/strong><\/p>\n\n\n\n<p>Roxie &#8212;&#8212;&#8212;&#8212;&#8211; Marina Palau<br>\nVelma &#8212;&#8212;&#8212;&#8212;&#8211; Ona Sanz<br>\nBilly &#8212;&#8212;&#8212;&#8212;&#8211; Sergi Guiteras<br>\nAmos &#8212;&#8212;&#8212;&#8212;&#8211; Pau Cardona<br>\nMamma &#8212;&#8212;&#8212;&#8212;&#8211; Queralt D\u00edaz <br>\nKitty &#8212;&#8212;&#8212;&#8212;&#8211; Eul\u00e0lia Filgueira <br>\nM.Sunshine &#8212;&#8212;&#8212;&#8212;&#8211; Laura Cuevas<br>\nFoggarty &#8212;&#8212;&#8212;&#8212;&#8211; Brian Petitb\u00f2<br>\nSpeaker &#8212;&#8212;&#8212;&#8212;&#8211; Maksim Lleonart<br>\nFred &#8212;&#8212;&#8212;&#8212;&#8211; Eric Gil<br>\nJutge &#8212;&#8212;&#8212;&#8212;&#8211; Oriol Tarras\u00f3n<br>\nLiz &#8212;&#8212;&#8212;&#8212;&#8211; Carla Canet<br>\nJune &#8212;&#8212;&#8212;&#8212;&#8211; Andrea Torres<br>\nMona &#8212;&#8212;&#8212;&#8212;&#8211; Ainhoa S\u00e1nchez<br>\nHunyak &#8212;&#8212;&#8212;&#8212;&#8211; Marta Codina<br>\nAnnie &#8212;&#8212;&#8212;&#8212;&#8211; Lucia Gonz\u00e1lez<\/p>\n\n\n\n<p class=\"has-large-font-size\"><strong>FITXA T\u00c8CNICA:<\/strong><\/p>\n\n\n\n<p>Tramoies: Francesc Ventura, Joan Petitb\u00f2, Pepe D\u00edaz, Pep Filgueira<br>\nRegidor: Climent Codina<br>\nTraspunts: Eva Miralda, Rosa Figueras<br>\nMaquillatge: N\u00faria Cos<br>\nIl\u00b7luminaci\u00f3: Eloi Canet<br>\nSo: Pau Ibars <br>\nImatges: Oriol Tarras\u00f3n <br>\nCoreografia: Elena Rosa<br>\nDirecci\u00f3 Musical: N\u00faria Dardiny\u00e0<br>\nDirecci\u00f3: Josep Canet<\/p>\n\n\n\n<p class=\"has-large-font-size\"><strong>L&#8217;OBRA:<\/strong><\/p>\n","protected":false},"excerpt":{"rendered":"<p>de CREACI\u00d3 PR\u00d2PIA SINOPSI: I ens tornem a posar davant d\u2019un musical, d\u2019un espectacle amb maj\u00fascules. I ho fem amb il\u00b7lusi\u00f3 i moltes ganes de fer-vos passar una tarda molt agradable. Per\u00f2 ho farem a la nostra manera, fent una adaptaci\u00f3 d\u2019un text conegut, combinant la interpretaci\u00f3 m\u00e9s cl\u00e0ssica amb [&hellip;]<\/p>\n","protected":false},"author":2,"featured_media":0,"parent":0,"menu_order":0,"comment_status":"closed","ping_status":"closed","template":"","meta":{"footnotes":""},"class_list":["post-72","page","type-page","status-publish","hentry"],"_links":{"self":[{"href":"https:\/\/www.deixalles81.cat\/index.php\/wp-json\/wp\/v2\/pages\/72","targetHints":{"allow":["GET"]}}],"collection":[{"href":"https:\/\/www.deixalles81.cat\/index.php\/wp-json\/wp\/v2\/pages"}],"about":[{"href":"https:\/\/www.deixalles81.cat\/index.php\/wp-json\/wp\/v2\/types\/page"}],"author":[{"embeddable":true,"href":"https:\/\/www.deixalles81.cat\/index.php\/wp-json\/wp\/v2\/users\/2"}],"replies":[{"embeddable":true,"href":"https:\/\/www.deixalles81.cat\/index.php\/wp-json\/wp\/v2\/comments?post=72"}],"version-history":[{"count":1,"href":"https:\/\/www.deixalles81.cat\/index.php\/wp-json\/wp\/v2\/pages\/72\/revisions"}],"predecessor-version":[{"id":73,"href":"https:\/\/www.deixalles81.cat\/index.php\/wp-json\/wp\/v2\/pages\/72\/revisions\/73"}],"wp:attachment":[{"href":"https:\/\/www.deixalles81.cat\/index.php\/wp-json\/wp\/v2\/media?parent=72"}],"curies":[{"name":"wp","href":"https:\/\/api.w.org\/{rel}","templated":true}]}}