{"id":736,"date":"2022-01-09T13:51:17","date_gmt":"2022-01-09T13:51:17","guid":{"rendered":"http:\/\/www.deixalles81.cat\/?page_id=736"},"modified":"2022-01-19T10:06:09","modified_gmt":"2022-01-19T10:06:09","slug":"40-anys-fent-teatre","status":"publish","type":"page","link":"https:\/\/www.deixalles81.cat\/index.php\/40-anys-fent-teatre\/","title":{"rendered":"40 anys fent teatre"},"content":{"rendered":"\n<p>Aquest any hem celebrat els 40 anys del nostre grup de teatre, i no ho podiem fer d&#8217;una altra manera que fent el que m\u00e9s ens agrada, fent teatre!!! Actors i actrius, papes i mames, tramoies i t\u00e8cnics, grans i petits&#8230; ning\u00fa es va voler perdre la nostra particular festa del teatre: un cap de setmana sencer veient i fent teatre!!! Per\u00f2 aix\u00f2 no \u00e9s tot, els actes de celebraci\u00f3 de l&#8217;aniversari han durat tota la tardor, des de la festa major del nostre poble al Setembre amb la representaci\u00f3 de &#8220;Fuita&#8221; fins al desembre de 2021, amb 4 representacions d'&#8221;Els Pastorets&#8221;.<\/p>\n\n\n\n<figure class=\"wp-block-gallery columns-1 is-cropped wp-block-gallery-1 is-layout-flex wp-block-gallery-is-layout-flex\"><ul class=\"blocks-gallery-grid\"><li class=\"blocks-gallery-item\"><figure><img loading=\"lazy\" decoding=\"async\" width=\"724\" height=\"1024\" src=\"https:\/\/www.deixalles81.cat\/wp-content\/uploads\/2022\/01\/CARTELL_40-anys-deixalles-copia-724x1024.jpg\" alt=\"\" data-id=\"746\" data-full-url=\"https:\/\/www.deixalles81.cat\/wp-content\/uploads\/2022\/01\/CARTELL_40-anys-deixalles-copia.jpg\" data-link=\"https:\/\/www.deixalles81.cat\/index.php\/40-anys-fent-teatre\/cartell_40-anys-deixalles\/\" class=\"wp-image-746\" srcset=\"https:\/\/www.deixalles81.cat\/wp-content\/uploads\/2022\/01\/CARTELL_40-anys-deixalles-copia-724x1024.jpg 724w, https:\/\/www.deixalles81.cat\/wp-content\/uploads\/2022\/01\/CARTELL_40-anys-deixalles-copia-212x300.jpg 212w, https:\/\/www.deixalles81.cat\/wp-content\/uploads\/2022\/01\/CARTELL_40-anys-deixalles-copia-768x1086.jpg 768w, https:\/\/www.deixalles81.cat\/wp-content\/uploads\/2022\/01\/CARTELL_40-anys-deixalles-copia.jpg 842w\" sizes=\"auto, (max-width: 724px) 100vw, 724px\" \/><\/figure><\/li><\/ul><\/figure>\n\n\n\n<p>El cap de setmana del 23 i 24 d&#8217;octubre ha estat l&#8217;acte central de la nostra celebraci\u00f3: 12 obres de micro teatre, un curtmetratge i dues grans estrenes van omplir el Casal Cultural Codinenc i el Centre C\u00edvic de Sant Feliu de Codines; sense oblidar-nos de l&#8217;exposici\u00f3 de fotos que omple el vest\u00edbul i el primer pis del Casal!!!<\/p>\n\n\n\n<figure class=\"wp-block-gallery columns-1 is-cropped wp-block-gallery-2 is-layout-flex wp-block-gallery-is-layout-flex\"><ul class=\"blocks-gallery-grid\"><li class=\"blocks-gallery-item\"><figure><img loading=\"lazy\" decoding=\"async\" width=\"1024\" height=\"724\" src=\"https:\/\/www.deixalles81.cat\/wp-content\/uploads\/2022\/01\/triptic-1024x724.jpeg\" alt=\"\" data-id=\"766\" data-full-url=\"https:\/\/www.deixalles81.cat\/wp-content\/uploads\/2022\/01\/triptic.jpeg\" data-link=\"https:\/\/www.deixalles81.cat\/index.php\/40-anys-fent-teatre\/triptic-2\/\" class=\"wp-image-766\" srcset=\"https:\/\/www.deixalles81.cat\/wp-content\/uploads\/2022\/01\/triptic-1024x724.jpeg 1024w, https:\/\/www.deixalles81.cat\/wp-content\/uploads\/2022\/01\/triptic-300x212.jpeg 300w, https:\/\/www.deixalles81.cat\/wp-content\/uploads\/2022\/01\/triptic-768x543.jpeg 768w, https:\/\/www.deixalles81.cat\/wp-content\/uploads\/2022\/01\/triptic-1536x1086.jpeg 1536w, https:\/\/www.deixalles81.cat\/wp-content\/uploads\/2022\/01\/triptic.jpeg 1600w\" sizes=\"auto, (max-width: 1024px) 100vw, 1024px\" \/><\/figure><\/li><\/ul><\/figure>\n\n\n\n<hr class=\"wp-block-separator is-style-default\"\/>\n\n\n\n<div class=\"wp-block-image\"><figure class=\"alignright size-large is-resized\"><img loading=\"lazy\" decoding=\"async\" src=\"https:\/\/www.deixalles81.cat\/wp-content\/uploads\/2022\/01\/dissabte-tarda-logos-707x1024.jpeg\" alt=\"\" class=\"wp-image-754\" width=\"243\" height=\"351\" srcset=\"https:\/\/www.deixalles81.cat\/wp-content\/uploads\/2022\/01\/dissabte-tarda-logos-707x1024.jpeg 707w, https:\/\/www.deixalles81.cat\/wp-content\/uploads\/2022\/01\/dissabte-tarda-logos-207x300.jpeg 207w, https:\/\/www.deixalles81.cat\/wp-content\/uploads\/2022\/01\/dissabte-tarda-logos-768x1113.jpeg 768w, https:\/\/www.deixalles81.cat\/wp-content\/uploads\/2022\/01\/dissabte-tarda-logos-1060x1536.jpeg 1060w, https:\/\/www.deixalles81.cat\/wp-content\/uploads\/2022\/01\/dissabte-tarda-logos.jpeg 1104w\" sizes=\"auto, (max-width: 243px) 100vw, 243px\" \/><\/figure><\/div>\n\n\n\n<p><\/p>\n\n\n\n<p><\/p>\n\n\n\n<p>La festa va comen\u00e7ar el dissabte 23 d\u2019octubre a primera hora de la tarda, al Centre C\u00edvic. La nostra secci\u00f3 infantil va inaugurar la celebraci\u00f3 amb \u201cL\u2019atrapasomnis\u201d, una entranyable hist\u00f2ria sobre l\u2019Ari i el seu amic imaginari, l\u2019Uri, que ens parla dels somnis i les pors que tenim a mida que ens anem fent grans. Una obra representada per nenes i joves de 4 a 16 anys que van deixar el llist\u00f3 molt alt!!!<\/p>\n\n\n\n<p>Seguint amb la secci\u00f3 jove, van representar \u201cLas cloquetas\u201d i \u201cTarz\u00e1n en casa\u201d, dos fragment de l\u2019obra \u201cMareig\u201d amb els que no vam poder parar de riure!!! I per acabar la tarda, es va projectar el curtmetratge de \u201cCookies\u201d, una obra representada uns anys abans pels mateixos nois i noies i que vam poder gravar durant l\u2019estiu. Una manera completament diferent de fer teatre!!!<\/p>\n\n\n\n<p><\/p>\n\n\n\n<p><\/p>\n\n\n\n<p>Despr\u00e9s d&#8217;un breu descans per carregar les piles, vam seguir amb la sessi\u00f3 de nit, 5 representacions curtes de tem\u00e0tica molt diversa.<\/p>\n\n\n\n<div class=\"wp-block-image\"><figure class=\"alignleft size-large is-resized\"><img loading=\"lazy\" decoding=\"async\" src=\"https:\/\/www.deixalles81.cat\/wp-content\/uploads\/2022\/01\/dissabte-nit-logos-756x1024.jpeg\" alt=\"\" class=\"wp-image-755\" width=\"242\" height=\"328\" srcset=\"https:\/\/www.deixalles81.cat\/wp-content\/uploads\/2022\/01\/dissabte-nit-logos-756x1024.jpeg 756w, https:\/\/www.deixalles81.cat\/wp-content\/uploads\/2022\/01\/dissabte-nit-logos-221x300.jpeg 221w, https:\/\/www.deixalles81.cat\/wp-content\/uploads\/2022\/01\/dissabte-nit-logos-768x1040.jpeg 768w, https:\/\/www.deixalles81.cat\/wp-content\/uploads\/2022\/01\/dissabte-nit-logos-1134x1536.jpeg 1134w, https:\/\/www.deixalles81.cat\/wp-content\/uploads\/2022\/01\/dissabte-nit-logos.jpeg 1181w\" sizes=\"auto, (max-width: 242px) 100vw, 242px\" \/><\/figure><\/div>\n\n\n\n<p>Comen\u00e7ant per &#8220;Les petites coses&#8221;, un fragment representat per 5 dones veteranes del nostre grup que han tornat a pujar a l&#8217;escenari despr\u00e9s d&#8217;uns quants anys, per riure i fer-nos riure a tots amb la seva particular conversa sobre els homes. Tot seguit, una part de la seccu\u00f3 jove ens va representar &#8220;Estupendaaa&#8221;, un fragment de l&#8217;obra &#8220;Aix\u00f2 no \u00e9s vida&#8221; on una jove ens explica la seva vida acompanyada de quatre paletes moooolt atents. I per seguir amb les rialles, &#8220;Home sweet home&#8221;, barrejant actors de diverses edats per representar una fam\u00edlia una mica oblidadissa al menjador de casa seva.  Vam continuar amb &#8220;Aquell petit tu&#8221;, una altra representaci\u00f3 feta per dones que feia temps que no pujaven a l&#8217;escenari, per\u00f2 van aconseguir que ens ho pass\u00e9ssim d&#8217;all\u00f2 m\u00e9s b\u00e9 parlant dels seus fills. Semblava que no hagu\u00e9ssin deixat de fer teatre!!!<\/p>\n\n\n\n<p>I per acabar, &#8220;Ella&#8221;, obra representada per tres membres actius del grup que tracta sobre la viol\u00e8ncia de g\u00e8nere. Un text colpidor, dur, i uns actors que ens van posar la pell de gallina amb la seva representaci\u00f3!!!<\/p>\n\n\n\n<p><\/p>\n\n\n\n<div class=\"wp-block-image\"><figure class=\"alignright size-large is-resized\"><img loading=\"lazy\" decoding=\"async\" src=\"https:\/\/www.deixalles81.cat\/wp-content\/uploads\/2022\/01\/Claymoore-logos-707x1024.jpeg\" alt=\"\" class=\"wp-image-756\" width=\"249\" height=\"360\" srcset=\"https:\/\/www.deixalles81.cat\/wp-content\/uploads\/2022\/01\/Claymoore-logos-707x1024.jpeg 707w, https:\/\/www.deixalles81.cat\/wp-content\/uploads\/2022\/01\/Claymoore-logos-207x300.jpeg 207w, https:\/\/www.deixalles81.cat\/wp-content\/uploads\/2022\/01\/Claymoore-logos-768x1113.jpeg 768w, https:\/\/www.deixalles81.cat\/wp-content\/uploads\/2022\/01\/Claymoore-logos-1060x1536.jpeg 1060w, https:\/\/www.deixalles81.cat\/wp-content\/uploads\/2022\/01\/Claymoore-logos.jpeg 1104w\" sizes=\"auto, (max-width: 249px) 100vw, 249px\" \/><\/figure><\/div>\n\n\n\n<p><\/p>\n\n\n\n<p>La festa va seguir el diumenge 24 d&#8217;octubre, a les 10 del mat\u00ed, amb l&#8217;estrena d&#8217;una de les dues obres de gran format: &#8220;Claymoore&#8221; , de creaci\u00f3 pr\u00f2pia; representada per joves del grup de 16 a 21 anys.<\/p>\n\n\n\n<p>\u201cClaymoore\u201d \u00e9s la hist\u00f2ria d\u00b4una noia que no sap el que li passa, \u00e9s l\u2019adolesc\u00e8ncia mal portada, \u00e9s la incomunicaci\u00f3 amb uns pares que no volen acceptar els problemes de la seva filla i quedar malament davant els seus amics. Aquesta noia, la Clara, es veu tancada a Claymoore, un hospital psiqui\u00e0tric on coneixer\u00e0 altres noies, amb problemes molt m\u00e9s greus i a Lisa, una soci\u00f2pata que gaudeix sent la l\u00edder de les pacients i creant problemes al personal de l\u2019hospital. Aqu\u00ed, la Clara intentar\u00e0 trobar-se a ella mateixa.<\/p>\n\n\n\n<p>Una obra dura, que tracta temes dif\u00edcils com les malalties mentals i el su\u00efcidi, amb la que els nostres joves actors ens van deixar els nervis a flor de pell i el cor accelerat. Una molt bona interpretaci\u00f3 per comen\u00e7ar el dia!!!<\/p>\n\n\n\n<p><\/p>\n\n\n\n<div class=\"wp-block-image\"><figure class=\"alignleft size-large is-resized\"><img loading=\"lazy\" decoding=\"async\" src=\"https:\/\/www.deixalles81.cat\/wp-content\/uploads\/2022\/01\/diumenge-mati-logos-707x1024.jpeg\" alt=\"\" class=\"wp-image-757\" width=\"241\" height=\"350\" srcset=\"https:\/\/www.deixalles81.cat\/wp-content\/uploads\/2022\/01\/diumenge-mati-logos-707x1024.jpeg 707w, https:\/\/www.deixalles81.cat\/wp-content\/uploads\/2022\/01\/diumenge-mati-logos-207x300.jpeg 207w, https:\/\/www.deixalles81.cat\/wp-content\/uploads\/2022\/01\/diumenge-mati-logos-768x1113.jpeg 768w, https:\/\/www.deixalles81.cat\/wp-content\/uploads\/2022\/01\/diumenge-mati-logos-1060x1536.jpeg 1060w, https:\/\/www.deixalles81.cat\/wp-content\/uploads\/2022\/01\/diumenge-mati-logos.jpeg 1104w\" sizes=\"auto, (max-width: 241px) 100vw, 241px\" \/><\/figure><\/div>\n\n\n\n<p><\/p>\n\n\n\n<p>Seguidament, un altre grup de petites representacions c\u00f2miques fetes per diversos grups de joves i no tan joves del grup. Comen\u00e7ant per &#8220;El catecisme&#8221; un fragment de l&#8217;obra &#8220;El florido pensil&#8221;, on 4 adults fent-se passar per nens ens expliquen de manera c\u00f2mica les seves experi\u00e8ncies a l&#8217;escola cristiana durant el franquisme. Tot seguit veiem &#8220;Vida de creient&#8221; de la m\u00e0 dels joves del grup, fragment de l&#8217;obra &#8220;Tu, aix\u00ed, no surts de casa!&#8221; on una noia ens explica la seva vida dedicada a la religi\u00f3, i la fam\u00edlia i amics que l&#8217;envolten.<\/p>\n\n\n\n<p>I els dos \u00faltims fragments van ser representats per jovent que havia estat tota la vida al nostre grup, que hem anat veient com cr\u00e9ixer com a persones i que han tornat a casa per aquest aniversari. Primer, &#8220;Al final tothom mor&#8221;, una hist\u00f2ria de viatges temporals que t&#8217;atrapa fins al final. I despr\u00e9s, &#8220;Vernissatge&#8221;, on veiem una parella que rep la visita d&#8217;una amiga a la que no v\u00e8ien des de feia temps i a la que li expliquen la seva meravellosa vida.<\/p>\n\n\n\n<p><\/p>\n\n\n\n<div class=\"wp-block-image\"><figure class=\"alignright size-large is-resized\"><img loading=\"lazy\" decoding=\"async\" src=\"https:\/\/www.deixalles81.cat\/wp-content\/uploads\/2022\/01\/anna-frank-logos-707x1024.jpeg\" alt=\"\" class=\"wp-image-758\" width=\"244\" height=\"353\" srcset=\"https:\/\/www.deixalles81.cat\/wp-content\/uploads\/2022\/01\/anna-frank-logos-707x1024.jpeg 707w, https:\/\/www.deixalles81.cat\/wp-content\/uploads\/2022\/01\/anna-frank-logos-207x300.jpeg 207w, https:\/\/www.deixalles81.cat\/wp-content\/uploads\/2022\/01\/anna-frank-logos-768x1113.jpeg 768w, https:\/\/www.deixalles81.cat\/wp-content\/uploads\/2022\/01\/anna-frank-logos-1060x1536.jpeg 1060w, https:\/\/www.deixalles81.cat\/wp-content\/uploads\/2022\/01\/anna-frank-logos.jpeg 1104w\" sizes=\"auto, (max-width: 244px) 100vw, 244px\" \/><\/figure><\/div>\n\n\n\n<p><\/p>\n\n\n\n<p>I per acabar aquest cap de setmana tan emocionant, tan nostre, l&#8217;estrena de la segona obra de gran format de la festa: &#8220;El diari d&#8217;Anna Frank&#8221;, de Rafael Aguilar representada per actors i actrius del grup de diverses edats.<\/p>\n\n\n\n<p>El \u201cDiari d\u00b4Anna Frank\u201d reflexa la forma de pensar i de viure d\u2019una nena: Anna Frank. Ella \u00e9s jueva i es va veure obligada a conviure durant dos anys en el redu\u00eft espai d&#8217;unes golfes per refugiar-se de la persecuci\u00f3 nazi. La conviv\u00e8ncia s\u2019organitza a base d&#8217;horaris, sacrificis, torns\u2026 i sobre tot por, angoixa de ser descoberts. Dins d\u2019aquest ambient, Anna viu el despertar de l&#8217;adolesc\u00e8ncia amb la rebel\u00b7lia pr\u00f2pia d\u2019una generaci\u00f3 que creu que pot millorar el m\u00f3n. Per\u00f2 sobretot, Anna vol transmetre el seu ideal \u201cJo crec, malgrat tot, que les persones s\u00f3n bones en el fons del seu cor\u201d.<\/p>\n\n\n\n<p>Una representaci\u00f3 que ens va emocionar a tots, que ens va fer caure la llagrimeta i que ens va fer reflexionar sobre aquesta hist\u00f2ria d&#8217;angoixa i de por per\u00f2, sobretot, d&#8217;esperan\u00e7a.<\/p>\n\n\n\n<hr class=\"wp-block-separator\"\/>\n\n\n\n<p>Per\u00f2 durant aquest cap de setmana de celebraci\u00f3 no nom\u00e9s vam fer teatre. El mateix diumenge vam celebrar un dinar de germanor tots els membres del grups, des del m\u00e9s petit de la secci\u00f3 infantil fins al m\u00e9s veter\u00e0 de tots, t\u00e8cnics i tramoies, papes i mames, tothom qui \u00e9s o havia estat al grup Deixalles 81 era benvingut. I despr\u00e9s del dinar, una estona de micr\u00f2fon obert per qu\u00e8 tothom qui vulgu\u00e9s expliqu\u00e9s alguna an\u00e8cdota o batalleta viscuda al grup: rere cortines, bolos, trobades, concursos&#8230; Perqu\u00e8 all\u00e0 on anem, ja sigui per bo o per dolent, el nostre grup crida l&#8217;atenci\u00f3, i ben b\u00e9 que ens ho passem!!!!<\/p>\n\n\n\n<hr class=\"wp-block-separator\"\/>\n\n\n\n<p>40 anys ens han donat per molt a can Deixalles: des de la fundaci\u00f3 del grup, l&#8217;any 1981, hem fet: <\/p>\n\n\n\n<ul class=\"wp-block-list\"><li>86 estrenes de obres de gran format<\/li><li>20 festivals infantils, que han fet un total de 85 &#8220;obretes&#8221;<\/li><li>8 &#8220;revistes&#8221; o espectacles de varietats<\/li><li>1 espectacle de pallassos<\/li><li>40 Pastorets &#8220;grans&#8221;<\/li><li>20 Pastorets infantils<\/li><li>8 mostres juvenils, de les quals n&#8217;hem organitzat 7<\/li><li>17 mostres infantils, de les quals n&#8217;hem organitzat 5<\/li><li>m\u00e9s de 300 &#8220;bolos&#8221; o sortides a fora<\/li><li>m\u00e9s de 110 pobles o ciutats visitats per tot Catalunya, inclosos un a Mallorca i un a la Catalunya Nord<\/li><\/ul>\n\n\n\n<p>I per recordar totes aquestes representacions, hem fet una exposici\u00f3 de fotos i trofeus al Casal Cultural Codinenc, un recorregut per la hist\u00f2ria del nostre grup, amb collages de cadascuna de les obres que omplen el vest\u00edbul i la sala d&#8217;exposicions del Casal. Tamb\u00e9 hem exposat alguns dels premis guanyats  en concursos d&#8217;arreu de Catalunya i fora de la mateixa; i l&#8217;arxiu complet de programes i cartells de totes les estrenes i bolos realitzats pel grup!!!<\/p>\n","protected":false},"excerpt":{"rendered":"<p>Aquest any hem celebrat els 40 anys del nostre grup de teatre, i no ho podiem fer d&#8217;una altra manera que fent el que m\u00e9s ens agrada, fent teatre!!! Actors i actrius, papes i mames, tramoies i t\u00e8cnics, grans i petits&#8230; ning\u00fa es va voler perdre la nostra particular festa [&hellip;]<\/p>\n","protected":false},"author":2,"featured_media":0,"parent":0,"menu_order":0,"comment_status":"closed","ping_status":"closed","template":"","meta":{"footnotes":""},"class_list":["post-736","page","type-page","status-publish","hentry"],"_links":{"self":[{"href":"https:\/\/www.deixalles81.cat\/index.php\/wp-json\/wp\/v2\/pages\/736","targetHints":{"allow":["GET"]}}],"collection":[{"href":"https:\/\/www.deixalles81.cat\/index.php\/wp-json\/wp\/v2\/pages"}],"about":[{"href":"https:\/\/www.deixalles81.cat\/index.php\/wp-json\/wp\/v2\/types\/page"}],"author":[{"embeddable":true,"href":"https:\/\/www.deixalles81.cat\/index.php\/wp-json\/wp\/v2\/users\/2"}],"replies":[{"embeddable":true,"href":"https:\/\/www.deixalles81.cat\/index.php\/wp-json\/wp\/v2\/comments?post=736"}],"version-history":[{"count":10,"href":"https:\/\/www.deixalles81.cat\/index.php\/wp-json\/wp\/v2\/pages\/736\/revisions"}],"predecessor-version":[{"id":768,"href":"https:\/\/www.deixalles81.cat\/index.php\/wp-json\/wp\/v2\/pages\/736\/revisions\/768"}],"wp:attachment":[{"href":"https:\/\/www.deixalles81.cat\/index.php\/wp-json\/wp\/v2\/media?parent=736"}],"curies":[{"name":"wp","href":"https:\/\/api.w.org\/{rel}","templated":true}]}}