{"id":798,"date":"2022-04-10T08:11:47","date_gmt":"2022-04-10T08:11:47","guid":{"rendered":"https:\/\/www.deixalles81.cat\/?page_id=798"},"modified":"2022-09-07T09:57:28","modified_gmt":"2022-09-07T09:57:28","slug":"killer","status":"publish","type":"page","link":"https:\/\/www.deixalles81.cat\/index.php\/killer\/","title":{"rendered":"&#8220;Killer&#8221;"},"content":{"rendered":"\n<h4 class=\"has-text-align-right wp-block-heading\">de GUILLEM CLUA I XAVIER MESTRES<\/h4>\n\n\n\n<p class=\"has-large-font-size\"><strong>SINOPSI:<\/strong><\/p>\n\n\n\n<p>Esteu preparats per con\u00e8ixer al Pau Moira? L&#8217;assass\u00ed en s\u00e8rie catal\u00e0 que passar\u00e0 als annals de la hist\u00f2ria. 157 morts. \u00c9s un psic\u00f2pata? \u00c9s un malalt? Qui \u00e9s Pau Moira? Ell mateix ens ho explicar\u00e0. Ens aclarir\u00e0 tots els dubtes. Far\u00e0 un rep\u00e0s de tota la seva vida. Compartir\u00e0 amb nosaltres totes les seves pors. Les seves alegries. Els seus sentiments. Perqu\u00e8&#8230; quins sentiments pot tenir un assass\u00ed?<\/p>\n\n\n\n<p class=\"has-large-font-size\"><strong>REPARTIMENT:<\/strong><\/p>\n\n\n\n<p>Pau Moira &#8212;&#8212;&#8212;&#8212;&#8211; Pau Cardona<br><br>Piano &#8212;&#8212;&#8212;&#8212;&#8211; Ernest Sala<br>Viol\u00ed &#8212;&#8212;&#8212;&#8212;&#8211; Pau Ibars<br>Contrabaix &#8212;&#8212;&#8212;&#8212;&#8211; Abril Candelas<br>Clarinet &#8212;&#8212;&#8212;&#8212;&#8211; Queralt Segal\u00e9s<br>Percussi\u00f3 &#8212;&#8212;&#8212;&#8212;&#8211; Brian Petitb\u00f2<\/p>\n\n\n\n<p class=\"has-large-font-size\"><strong>FITXA T\u00c8CNICA:<\/strong><\/p>\n\n\n\n<p>Escenografia: Deixalles 81<br>Il\u00b7luminaci\u00f3: Eloi Canet<br>So: Queralt D\u00edaz<\/p>\n\n\n\n<p>Direcci\u00f3 musical: N\u00faria Dardiny\u00e0<br>Direcci\u00f3 art\u00edstica: Josep Canet<\/p>\n\n\n\n<p class=\"has-large-font-size\"><strong>L&#8217;OBRA<\/strong>:<\/p>\n\n\n\n<p>Benvinguts a &#8220;Killer&#8221;, el primer musical amb m\u00fasica en directe del nostre grup de teatre. No compteu trobar-vos davant un musical convencional. No. Killer \u00e9s una hist\u00f2ria \u00edntima, una explicaci\u00f3 raonada de la particular relaci\u00f3 que t\u00e9 Pau Moira amb la mort. \u00c9s un musical molt teatral, fet a la nostra mida, per la gent del nostre grup, tal i com ens agraden els nostres espectacles. Molt &#8220;a la nostra&#8221;&#8230; Una feinada a nivell musical i actoral, una muntanya russa que us transportar\u00e0 a trav\u00e9s del thriller cap a la com\u00e8dia, cap a les situacions absurdes i, finalment, al drama. El drama personal de qui es fe dir Killer; l&#8217;abominable, el repudiable, el temible&#8230; assass\u00ed?<\/p>\n\n\n\n<figure class=\"wp-block-gallery has-nested-images columns-default is-cropped wp-block-gallery-1 is-layout-flex wp-block-gallery-is-layout-flex\">\n<figure class=\"wp-block-image size-large\"><img loading=\"lazy\" decoding=\"async\" width=\"1024\" height=\"683\" data-id=\"838\" src=\"https:\/\/www.deixalles81.cat\/wp-content\/uploads\/2022\/09\/killer_40-1024x683.jpg\" alt=\"\" class=\"wp-image-838\" srcset=\"https:\/\/www.deixalles81.cat\/wp-content\/uploads\/2022\/09\/killer_40-1024x683.jpg 1024w, https:\/\/www.deixalles81.cat\/wp-content\/uploads\/2022\/09\/killer_40-300x200.jpg 300w, https:\/\/www.deixalles81.cat\/wp-content\/uploads\/2022\/09\/killer_40-768x512.jpg 768w, https:\/\/www.deixalles81.cat\/wp-content\/uploads\/2022\/09\/killer_40-1536x1024.jpg 1536w, https:\/\/www.deixalles81.cat\/wp-content\/uploads\/2022\/09\/killer_40-2048x1365.jpg 2048w, https:\/\/www.deixalles81.cat\/wp-content\/uploads\/2022\/09\/killer_40-360x240.jpg 360w\" sizes=\"auto, (max-width: 1024px) 100vw, 1024px\" \/><\/figure>\n\n\n\n<figure class=\"wp-block-image size-large\"><img loading=\"lazy\" decoding=\"async\" width=\"1024\" height=\"683\" data-id=\"839\" src=\"https:\/\/www.deixalles81.cat\/wp-content\/uploads\/2022\/09\/killer_44-1024x683.jpg\" alt=\"\" class=\"wp-image-839\" srcset=\"https:\/\/www.deixalles81.cat\/wp-content\/uploads\/2022\/09\/killer_44-1024x683.jpg 1024w, https:\/\/www.deixalles81.cat\/wp-content\/uploads\/2022\/09\/killer_44-300x200.jpg 300w, https:\/\/www.deixalles81.cat\/wp-content\/uploads\/2022\/09\/killer_44-768x512.jpg 768w, https:\/\/www.deixalles81.cat\/wp-content\/uploads\/2022\/09\/killer_44-1536x1024.jpg 1536w, https:\/\/www.deixalles81.cat\/wp-content\/uploads\/2022\/09\/killer_44-2048x1365.jpg 2048w, https:\/\/www.deixalles81.cat\/wp-content\/uploads\/2022\/09\/killer_44-360x240.jpg 360w\" sizes=\"auto, (max-width: 1024px) 100vw, 1024px\" \/><\/figure>\n\n\n\n<figure class=\"wp-block-image size-large\"><img loading=\"lazy\" decoding=\"async\" width=\"1024\" height=\"683\" data-id=\"833\" src=\"https:\/\/www.deixalles81.cat\/wp-content\/uploads\/2022\/09\/killer_48-1024x683.jpg\" alt=\"\" class=\"wp-image-833\" srcset=\"https:\/\/www.deixalles81.cat\/wp-content\/uploads\/2022\/09\/killer_48-1024x683.jpg 1024w, https:\/\/www.deixalles81.cat\/wp-content\/uploads\/2022\/09\/killer_48-300x200.jpg 300w, https:\/\/www.deixalles81.cat\/wp-content\/uploads\/2022\/09\/killer_48-768x512.jpg 768w, https:\/\/www.deixalles81.cat\/wp-content\/uploads\/2022\/09\/killer_48-1536x1024.jpg 1536w, https:\/\/www.deixalles81.cat\/wp-content\/uploads\/2022\/09\/killer_48-2048x1365.jpg 2048w, https:\/\/www.deixalles81.cat\/wp-content\/uploads\/2022\/09\/killer_48-360x240.jpg 360w\" sizes=\"auto, (max-width: 1024px) 100vw, 1024px\" \/><\/figure>\n\n\n\n<figure class=\"wp-block-image size-large\"><img loading=\"lazy\" decoding=\"async\" width=\"1024\" height=\"683\" data-id=\"843\" src=\"https:\/\/www.deixalles81.cat\/wp-content\/uploads\/2022\/09\/killer_51-1024x683.jpg\" alt=\"\" class=\"wp-image-843\" srcset=\"https:\/\/www.deixalles81.cat\/wp-content\/uploads\/2022\/09\/killer_51-1024x683.jpg 1024w, https:\/\/www.deixalles81.cat\/wp-content\/uploads\/2022\/09\/killer_51-300x200.jpg 300w, https:\/\/www.deixalles81.cat\/wp-content\/uploads\/2022\/09\/killer_51-768x512.jpg 768w, https:\/\/www.deixalles81.cat\/wp-content\/uploads\/2022\/09\/killer_51-1536x1024.jpg 1536w, https:\/\/www.deixalles81.cat\/wp-content\/uploads\/2022\/09\/killer_51-2048x1365.jpg 2048w, https:\/\/www.deixalles81.cat\/wp-content\/uploads\/2022\/09\/killer_51-360x240.jpg 360w\" sizes=\"auto, (max-width: 1024px) 100vw, 1024px\" \/><\/figure>\n\n\n\n<figure class=\"wp-block-image size-large\"><img loading=\"lazy\" decoding=\"async\" width=\"1024\" height=\"683\" data-id=\"835\" src=\"https:\/\/www.deixalles81.cat\/wp-content\/uploads\/2022\/09\/killer_53-1024x683.jpg\" alt=\"\" class=\"wp-image-835\" srcset=\"https:\/\/www.deixalles81.cat\/wp-content\/uploads\/2022\/09\/killer_53-1024x683.jpg 1024w, https:\/\/www.deixalles81.cat\/wp-content\/uploads\/2022\/09\/killer_53-300x200.jpg 300w, https:\/\/www.deixalles81.cat\/wp-content\/uploads\/2022\/09\/killer_53-768x512.jpg 768w, https:\/\/www.deixalles81.cat\/wp-content\/uploads\/2022\/09\/killer_53-1536x1024.jpg 1536w, https:\/\/www.deixalles81.cat\/wp-content\/uploads\/2022\/09\/killer_53-2048x1365.jpg 2048w, https:\/\/www.deixalles81.cat\/wp-content\/uploads\/2022\/09\/killer_53-360x240.jpg 360w\" sizes=\"auto, (max-width: 1024px) 100vw, 1024px\" \/><\/figure>\n\n\n\n<figure class=\"wp-block-image size-large\"><img loading=\"lazy\" decoding=\"async\" width=\"1024\" height=\"683\" data-id=\"842\" src=\"https:\/\/www.deixalles81.cat\/wp-content\/uploads\/2022\/09\/killer_54-1024x683.jpg\" alt=\"\" class=\"wp-image-842\" srcset=\"https:\/\/www.deixalles81.cat\/wp-content\/uploads\/2022\/09\/killer_54-1024x683.jpg 1024w, https:\/\/www.deixalles81.cat\/wp-content\/uploads\/2022\/09\/killer_54-300x200.jpg 300w, https:\/\/www.deixalles81.cat\/wp-content\/uploads\/2022\/09\/killer_54-768x512.jpg 768w, https:\/\/www.deixalles81.cat\/wp-content\/uploads\/2022\/09\/killer_54-1536x1024.jpg 1536w, https:\/\/www.deixalles81.cat\/wp-content\/uploads\/2022\/09\/killer_54-2048x1365.jpg 2048w, https:\/\/www.deixalles81.cat\/wp-content\/uploads\/2022\/09\/killer_54-360x240.jpg 360w\" sizes=\"auto, (max-width: 1024px) 100vw, 1024px\" \/><\/figure>\n\n\n\n<figure class=\"wp-block-image size-large\"><img loading=\"lazy\" decoding=\"async\" width=\"1024\" height=\"683\" data-id=\"836\" src=\"https:\/\/www.deixalles81.cat\/wp-content\/uploads\/2022\/09\/killer_58-1024x683.jpg\" alt=\"\" class=\"wp-image-836\" srcset=\"https:\/\/www.deixalles81.cat\/wp-content\/uploads\/2022\/09\/killer_58-1024x683.jpg 1024w, https:\/\/www.deixalles81.cat\/wp-content\/uploads\/2022\/09\/killer_58-300x200.jpg 300w, https:\/\/www.deixalles81.cat\/wp-content\/uploads\/2022\/09\/killer_58-768x512.jpg 768w, https:\/\/www.deixalles81.cat\/wp-content\/uploads\/2022\/09\/killer_58-1536x1024.jpg 1536w, https:\/\/www.deixalles81.cat\/wp-content\/uploads\/2022\/09\/killer_58-2048x1365.jpg 2048w, https:\/\/www.deixalles81.cat\/wp-content\/uploads\/2022\/09\/killer_58-360x240.jpg 360w\" sizes=\"auto, (max-width: 1024px) 100vw, 1024px\" \/><\/figure>\n\n\n\n<figure class=\"wp-block-image size-large\"><img loading=\"lazy\" decoding=\"async\" width=\"1024\" height=\"683\" data-id=\"834\" src=\"https:\/\/www.deixalles81.cat\/wp-content\/uploads\/2022\/09\/killer_61-1024x683.jpg\" alt=\"\" class=\"wp-image-834\" srcset=\"https:\/\/www.deixalles81.cat\/wp-content\/uploads\/2022\/09\/killer_61-1024x683.jpg 1024w, https:\/\/www.deixalles81.cat\/wp-content\/uploads\/2022\/09\/killer_61-300x200.jpg 300w, https:\/\/www.deixalles81.cat\/wp-content\/uploads\/2022\/09\/killer_61-768x512.jpg 768w, https:\/\/www.deixalles81.cat\/wp-content\/uploads\/2022\/09\/killer_61-1536x1024.jpg 1536w, https:\/\/www.deixalles81.cat\/wp-content\/uploads\/2022\/09\/killer_61-2048x1365.jpg 2048w, https:\/\/www.deixalles81.cat\/wp-content\/uploads\/2022\/09\/killer_61-360x240.jpg 360w\" sizes=\"auto, (max-width: 1024px) 100vw, 1024px\" \/><\/figure>\n\n\n\n<figure class=\"wp-block-image size-large\"><img loading=\"lazy\" decoding=\"async\" width=\"1024\" height=\"683\" data-id=\"841\" src=\"https:\/\/www.deixalles81.cat\/wp-content\/uploads\/2022\/09\/killer_63-1024x683.jpg\" alt=\"\" class=\"wp-image-841\" srcset=\"https:\/\/www.deixalles81.cat\/wp-content\/uploads\/2022\/09\/killer_63-1024x683.jpg 1024w, https:\/\/www.deixalles81.cat\/wp-content\/uploads\/2022\/09\/killer_63-300x200.jpg 300w, https:\/\/www.deixalles81.cat\/wp-content\/uploads\/2022\/09\/killer_63-768x512.jpg 768w, https:\/\/www.deixalles81.cat\/wp-content\/uploads\/2022\/09\/killer_63-1536x1024.jpg 1536w, https:\/\/www.deixalles81.cat\/wp-content\/uploads\/2022\/09\/killer_63-2048x1365.jpg 2048w, https:\/\/www.deixalles81.cat\/wp-content\/uploads\/2022\/09\/killer_63-360x240.jpg 360w\" sizes=\"auto, (max-width: 1024px) 100vw, 1024px\" \/><\/figure>\n\n\n\n<figure class=\"wp-block-image size-large\"><img loading=\"lazy\" decoding=\"async\" width=\"1024\" height=\"683\" data-id=\"840\" src=\"https:\/\/www.deixalles81.cat\/wp-content\/uploads\/2022\/09\/killer_68-1024x683.jpg\" alt=\"\" class=\"wp-image-840\" srcset=\"https:\/\/www.deixalles81.cat\/wp-content\/uploads\/2022\/09\/killer_68-1024x683.jpg 1024w, https:\/\/www.deixalles81.cat\/wp-content\/uploads\/2022\/09\/killer_68-300x200.jpg 300w, https:\/\/www.deixalles81.cat\/wp-content\/uploads\/2022\/09\/killer_68-768x512.jpg 768w, https:\/\/www.deixalles81.cat\/wp-content\/uploads\/2022\/09\/killer_68-1536x1024.jpg 1536w, https:\/\/www.deixalles81.cat\/wp-content\/uploads\/2022\/09\/killer_68-2048x1365.jpg 2048w, https:\/\/www.deixalles81.cat\/wp-content\/uploads\/2022\/09\/killer_68-360x240.jpg 360w\" sizes=\"auto, (max-width: 1024px) 100vw, 1024px\" \/><\/figure>\n\n\n\n<figure class=\"wp-block-image size-large\"><img loading=\"lazy\" decoding=\"async\" width=\"1024\" height=\"683\" data-id=\"837\" src=\"https:\/\/www.deixalles81.cat\/wp-content\/uploads\/2022\/09\/killer_69-1024x683.jpg\" alt=\"\" class=\"wp-image-837\" srcset=\"https:\/\/www.deixalles81.cat\/wp-content\/uploads\/2022\/09\/killer_69-1024x683.jpg 1024w, https:\/\/www.deixalles81.cat\/wp-content\/uploads\/2022\/09\/killer_69-300x200.jpg 300w, https:\/\/www.deixalles81.cat\/wp-content\/uploads\/2022\/09\/killer_69-768x512.jpg 768w, https:\/\/www.deixalles81.cat\/wp-content\/uploads\/2022\/09\/killer_69-1536x1024.jpg 1536w, https:\/\/www.deixalles81.cat\/wp-content\/uploads\/2022\/09\/killer_69-2048x1365.jpg 2048w, https:\/\/www.deixalles81.cat\/wp-content\/uploads\/2022\/09\/killer_69-360x240.jpg 360w\" sizes=\"auto, (max-width: 1024px) 100vw, 1024px\" \/><\/figure>\n<\/figure>\n\n\n\n<p>Podeu visualitzar l&#8217;obra clicant <a href=\"https:\/\/www.youtube.com\/watch?v=ZrgHT2FC7ps\">aqu\u00ed<\/a>.<\/p>\n","protected":false},"excerpt":{"rendered":"<p>de GUILLEM CLUA I XAVIER MESTRES SINOPSI: Esteu preparats per con\u00e8ixer al Pau Moira? L&#8217;assass\u00ed en s\u00e8rie catal\u00e0 que passar\u00e0 als annals de la hist\u00f2ria. 157 morts. \u00c9s un psic\u00f2pata? \u00c9s un malalt? Qui \u00e9s Pau Moira? Ell mateix ens ho explicar\u00e0. Ens aclarir\u00e0 tots els dubtes. Far\u00e0 un rep\u00e0s [&hellip;]<\/p>\n","protected":false},"author":2,"featured_media":0,"parent":0,"menu_order":0,"comment_status":"closed","ping_status":"closed","template":"","meta":{"footnotes":""},"class_list":["post-798","page","type-page","status-publish","hentry"],"_links":{"self":[{"href":"https:\/\/www.deixalles81.cat\/index.php\/wp-json\/wp\/v2\/pages\/798","targetHints":{"allow":["GET"]}}],"collection":[{"href":"https:\/\/www.deixalles81.cat\/index.php\/wp-json\/wp\/v2\/pages"}],"about":[{"href":"https:\/\/www.deixalles81.cat\/index.php\/wp-json\/wp\/v2\/types\/page"}],"author":[{"embeddable":true,"href":"https:\/\/www.deixalles81.cat\/index.php\/wp-json\/wp\/v2\/users\/2"}],"replies":[{"embeddable":true,"href":"https:\/\/www.deixalles81.cat\/index.php\/wp-json\/wp\/v2\/comments?post=798"}],"version-history":[{"count":3,"href":"https:\/\/www.deixalles81.cat\/index.php\/wp-json\/wp\/v2\/pages\/798\/revisions"}],"predecessor-version":[{"id":844,"href":"https:\/\/www.deixalles81.cat\/index.php\/wp-json\/wp\/v2\/pages\/798\/revisions\/844"}],"wp:attachment":[{"href":"https:\/\/www.deixalles81.cat\/index.php\/wp-json\/wp\/v2\/media?parent=798"}],"curies":[{"name":"wp","href":"https:\/\/api.w.org\/{rel}","templated":true}]}}