{"id":879,"date":"2023-01-30T20:33:25","date_gmt":"2023-01-30T20:33:25","guid":{"rendered":"https:\/\/www.deixalles81.cat\/?page_id=879"},"modified":"2023-01-30T20:33:26","modified_gmt":"2023-01-30T20:33:26","slug":"invasio","status":"publish","type":"page","link":"https:\/\/www.deixalles81.cat\/index.php\/invasio\/","title":{"rendered":"&#8220;Invasi\u00f3&#8221;"},"content":{"rendered":"\n<h4 class=\"has-text-align-right wp-block-heading\">de GUILLEM CLUA<\/h4>\n\n\n\n<p class=\"has-large-font-size\"><strong>SINOPSI:<\/strong><\/p>\n\n\n\n<p>Sota l&#8217;aparen\u00e7a d&#8217;una hist\u00f2ria de ci\u00e8ncia-ficci\u00f3 situada en una Espanya futurista col\u00b7lonitzada per alien\u00edgenes, 3 hist\u00f2ries s&#8217;entrellacen per conformar una visi\u00f3 de la joventut i la guerra, que transcendeix espai i temps. Els vuit personatges de l&#8217;obra (dos presoners, tres soldats de l&#8217;ex\u00e8rcit espanyol i tres membres d&#8217;una mil\u00edcia rebel) intenten superar situacions impossibles i tots troben en l&#8217;amor l&#8217;\u00fanic ant\u00eddot a un m\u00f3n embogit..<\/p>\n\n\n\n<p class=\"has-large-font-size\"><strong>REPARTIMENT:<\/strong><\/p>\n\n\n\n<p>Iker &#8212;&#8212;&#8212;&#8212;&#8211; Marc Serrats<br>Himar &#8212;&#8212;&#8212;&#8212;&#8211; Cesc Blancafort<br>Eli &#8212;&#8212;&#8212;&#8212;&#8211; Judith Rodr\u00edguez<br>Carol &#8212;&#8212;&#8212;&#8212;&#8211; Mireia Garcia<br>Julio &#8212;&#8212;&#8212;&#8212;&#8211; Joel Puig<br>Iris &#8212;&#8212;&#8212;&#8212;&#8211; Anna Ortega<br>Artur &#8212;&#8212;&#8212;&#8212;&#8211; Eloi Canet<br>Maria &#8212;&#8212;&#8212;&#8212;&#8211; Clara Molina<br><\/p>\n\n\n\n<p class=\"has-large-font-size\"><strong>FITXA T\u00c8CNICA:<\/strong><\/p>\n\n\n\n<p>Escenografia: Deixalles 81<br>Traspunts: Eva Miralda, Rosita Figueras<br>Tramoies: Climent Codina, Pepe D\u00edaz, Joan Petitb\u00f2, Pere Segal\u00e9s<br>Il\u00b7luminaci\u00f3: Jan Puig<br>So: Queralt D\u00edaz, Carla Canet<br>Coach vocal: N\u00faria Dardiny\u00e0<br>Direcci\u00f3: Josep Canet<\/p>\n\n\n\n<p class=\"has-large-font-size\"><strong>L&#8217;OBRA<\/strong>:<\/p>\n\n\n\n<p><\/p>\n","protected":false},"excerpt":{"rendered":"<p>de GUILLEM CLUA SINOPSI: Sota l&#8217;aparen\u00e7a d&#8217;una hist\u00f2ria de ci\u00e8ncia-ficci\u00f3 situada en una Espanya futurista col\u00b7lonitzada per alien\u00edgenes, 3 hist\u00f2ries s&#8217;entrellacen per conformar una visi\u00f3 de la joventut i la guerra, que transcendeix espai i temps. Els vuit personatges de l&#8217;obra (dos presoners, tres soldats de l&#8217;ex\u00e8rcit espanyol i tres [&hellip;]<\/p>\n","protected":false},"author":2,"featured_media":0,"parent":0,"menu_order":0,"comment_status":"closed","ping_status":"closed","template":"","meta":{"footnotes":""},"class_list":["post-879","page","type-page","status-publish","hentry"],"_links":{"self":[{"href":"https:\/\/www.deixalles81.cat\/index.php\/wp-json\/wp\/v2\/pages\/879","targetHints":{"allow":["GET"]}}],"collection":[{"href":"https:\/\/www.deixalles81.cat\/index.php\/wp-json\/wp\/v2\/pages"}],"about":[{"href":"https:\/\/www.deixalles81.cat\/index.php\/wp-json\/wp\/v2\/types\/page"}],"author":[{"embeddable":true,"href":"https:\/\/www.deixalles81.cat\/index.php\/wp-json\/wp\/v2\/users\/2"}],"replies":[{"embeddable":true,"href":"https:\/\/www.deixalles81.cat\/index.php\/wp-json\/wp\/v2\/comments?post=879"}],"version-history":[{"count":1,"href":"https:\/\/www.deixalles81.cat\/index.php\/wp-json\/wp\/v2\/pages\/879\/revisions"}],"predecessor-version":[{"id":880,"href":"https:\/\/www.deixalles81.cat\/index.php\/wp-json\/wp\/v2\/pages\/879\/revisions\/880"}],"wp:attachment":[{"href":"https:\/\/www.deixalles81.cat\/index.php\/wp-json\/wp\/v2\/media?parent=879"}],"curies":[{"name":"wp","href":"https:\/\/api.w.org\/{rel}","templated":true}]}}