{"id":886,"date":"2023-05-19T08:11:48","date_gmt":"2023-05-19T08:11:48","guid":{"rendered":"https:\/\/www.deixalles81.cat\/?page_id=886"},"modified":"2023-07-15T20:40:30","modified_gmt":"2023-07-15T20:40:30","slug":"polvorons","status":"publish","type":"page","link":"https:\/\/www.deixalles81.cat\/index.php\/polvorons\/","title":{"rendered":"&#8220;Polvorons&#8221;"},"content":{"rendered":"\n<h4 class=\"wp-block-heading has-text-align-right\">de JUAN CARLOS MESTRE<\/h4>\n\n\n\n<p class=\"has-large-font-size\"><strong>SINOPSI:<\/strong><\/p>\n\n\n\n<p>\u201cPer qu\u00e8 sempre et quedes amb els diners del pot?\u201d Un sopar amb les teves millors amigues, qu\u00e8 pot sortir malament? La Marta \u00e9s una mica lleugereta de cascos, la M\u00f2nica \u00e9s una dona centrada i amb car\u00e0cter, la Violeta creu que la resposta est\u00e0 en l\u2019univers i la Paqui\u2026 b\u00e9, la Paqui \u00e9s molta Paqui. S\u2019estimen, queden sovint i formen una petita fam\u00edlia, pels bons i els mals moments. Per\u00f2 qu\u00e8 passa quan l\u2019amistat dep\u00e8n tant del que es diu como del que no es diu? Com diu la M\u00f2nica\u2026 \u201cTotes tenim les nostres cosetes.\u201d<\/p>\n\n\n\n<p class=\"has-large-font-size\"><strong>REPARTIMENT:<\/strong><\/p>\n\n\n\n<p>Paqui &#8212;&#8212;&#8212;&#8212;&#8211; Ruth Cruz<br>Marta &#8212;&#8212;&#8212;&#8212;&#8211; Marta Cruz<br>Violeta &#8212;&#8212;&#8212;&#8212;&#8211; Anna Segal\u00e9s<br>M\u00f2nica &#8212;&#8212;&#8212;&#8212;&#8211; Maria Mas<\/p>\n\n\n\n<p class=\"has-large-font-size\"><strong>FITXA T\u00c8CNICA:<\/strong><\/p>\n\n\n\n<p>Escenografia: Deixalles 81<br>Tramoies: Climent Codina, Pepe D\u00edaz, Joan Petitb\u00f2<br>Il\u00b7luminaci\u00f3: Ernest Sala<br>So: Pau Ibars<br>Traspunt: Eva Miralda, Rosa Figueras<br>Direcci\u00f3: Josep Canet<\/p>\n\n\n\n<p><\/p>\n\n\n\n<p>Podeu visualitzar l\u2019obra clicant <a href=\"https:\/\/www.youtube.com\/watch?v=lz7OSKgSMUc\">aqu\u00ed<\/a>.<\/p>\n","protected":false},"excerpt":{"rendered":"<p>de JUAN CARLOS MESTRE SINOPSI: \u201cPer qu\u00e8 sempre et quedes amb els diners del pot?\u201d Un sopar amb les teves millors amigues, qu\u00e8 pot sortir malament? La Marta \u00e9s una mica lleugereta de cascos, la M\u00f2nica \u00e9s una dona centrada i amb car\u00e0cter, la Violeta creu que la resposta est\u00e0 [&hellip;]<\/p>\n","protected":false},"author":2,"featured_media":0,"parent":0,"menu_order":0,"comment_status":"closed","ping_status":"closed","template":"","meta":{"footnotes":""},"class_list":["post-886","page","type-page","status-publish","hentry"],"_links":{"self":[{"href":"https:\/\/www.deixalles81.cat\/index.php\/wp-json\/wp\/v2\/pages\/886","targetHints":{"allow":["GET"]}}],"collection":[{"href":"https:\/\/www.deixalles81.cat\/index.php\/wp-json\/wp\/v2\/pages"}],"about":[{"href":"https:\/\/www.deixalles81.cat\/index.php\/wp-json\/wp\/v2\/types\/page"}],"author":[{"embeddable":true,"href":"https:\/\/www.deixalles81.cat\/index.php\/wp-json\/wp\/v2\/users\/2"}],"replies":[{"embeddable":true,"href":"https:\/\/www.deixalles81.cat\/index.php\/wp-json\/wp\/v2\/comments?post=886"}],"version-history":[{"count":2,"href":"https:\/\/www.deixalles81.cat\/index.php\/wp-json\/wp\/v2\/pages\/886\/revisions"}],"predecessor-version":[{"id":898,"href":"https:\/\/www.deixalles81.cat\/index.php\/wp-json\/wp\/v2\/pages\/886\/revisions\/898"}],"wp:attachment":[{"href":"https:\/\/www.deixalles81.cat\/index.php\/wp-json\/wp\/v2\/media?parent=886"}],"curies":[{"name":"wp","href":"https:\/\/api.w.org\/{rel}","templated":true}]}}