{"id":943,"date":"2023-11-15T08:28:57","date_gmt":"2023-11-15T08:28:57","guid":{"rendered":"https:\/\/www.deixalles81.cat\/?page_id=943"},"modified":"2024-02-07T09:18:47","modified_gmt":"2024-02-07T09:18:47","slug":"el-tramit","status":"publish","type":"page","link":"https:\/\/www.deixalles81.cat\/index.php\/el-tramit\/","title":{"rendered":"&#8220;El tr\u00e0mit&#8221;"},"content":{"rendered":"\n<h4 class=\"wp-block-heading has-text-align-right\">de FERNANDO TRIAS DE BES<\/h4>\n\n\n\n<p class=\"has-large-font-size\"><strong>SINOPSI:<\/strong><\/p>\n\n\n\n<p>El Sr. Buix\u00f3 acaba de vendre la seva Roomba al Wallapop. Per celebrar-ho, es compra un gelat\u2026 i de cop es desperta en un b\u00fanquer del CNI on tres &#8220;honorables&#8221; cient\u00edfics el volen peritar, per complir amb un tr\u00e0mit\u2026 Qu\u00e8 hi havia dins el seu gelat de stratchiatella?<\/p>\n\n\n\n<p class=\"has-large-font-size\"><strong>REPARTIMENT:<\/strong><\/p>\n\n\n\n<p>Dr. Ribes &#8212;&#8212;&#8212;&#8212;&#8211; Xavi Capdevila<br>Dra. Sala &#8212;&#8212;&#8212;&#8212;&#8211; Maria Mas<br>Dr. Sancho &#8212;&#8212;&#8212;&#8212;&#8211; Eloi Falguera<br>Saturnino &#8212;&#8212;&#8212;&#8212;&#8211; Sergi Capdevila<br>Sr. Susqueda &#8212;&#8212;&#8212;&#8212;&#8211; Josep Canet<br>Paquita &#8212;&#8212;&#8212;&#8212;&#8211; Marina Serra<\/p>\n\n\n\n<p class=\"has-large-font-size\"><strong>FITXA T\u00c8CNICA:<\/strong><\/p>\n\n\n\n<p>Escenografia: Deixalles 81<br>Tramoies: Climent Codina, Pepe D\u00edaz, Joan Petitb\u00f2, Pere Segal\u00e9s<br>Il\u00b7luminaci\u00f3: Ernest Sala<br>So: Pau Ibars<br>Traspunt: Eva Miralda, Rosa Figueras<br>Direcci\u00f3: Josep Canet<\/p>\n\n\n\n<figure class=\"wp-block-gallery has-nested-images columns-default is-cropped wp-block-gallery-1 is-layout-flex wp-block-gallery-is-layout-flex\">\n<figure class=\"wp-block-image size-large\"><img loading=\"lazy\" decoding=\"async\" width=\"1024\" height=\"678\" data-id=\"948\" src=\"https:\/\/www.deixalles81.cat\/wp-content\/uploads\/2023\/11\/Imagen10-1024x678.jpg\" alt=\"\" class=\"wp-image-948\" srcset=\"https:\/\/www.deixalles81.cat\/wp-content\/uploads\/2023\/11\/Imagen10-1024x678.jpg 1024w, https:\/\/www.deixalles81.cat\/wp-content\/uploads\/2023\/11\/Imagen10-300x199.jpg 300w, https:\/\/www.deixalles81.cat\/wp-content\/uploads\/2023\/11\/Imagen10-768x509.jpg 768w, https:\/\/www.deixalles81.cat\/wp-content\/uploads\/2023\/11\/Imagen10-1536x1018.jpg 1536w, https:\/\/www.deixalles81.cat\/wp-content\/uploads\/2023\/11\/Imagen10.jpg 1612w\" sizes=\"auto, (max-width: 1024px) 100vw, 1024px\" \/><\/figure>\n\n\n\n<figure class=\"wp-block-image size-large\"><img loading=\"lazy\" decoding=\"async\" width=\"1024\" height=\"677\" data-id=\"953\" src=\"https:\/\/www.deixalles81.cat\/wp-content\/uploads\/2023\/11\/Imagen9-1024x677.jpg\" alt=\"\" class=\"wp-image-953\" srcset=\"https:\/\/www.deixalles81.cat\/wp-content\/uploads\/2023\/11\/Imagen9-1024x677.jpg 1024w, https:\/\/www.deixalles81.cat\/wp-content\/uploads\/2023\/11\/Imagen9-300x198.jpg 300w, https:\/\/www.deixalles81.cat\/wp-content\/uploads\/2023\/11\/Imagen9-768x508.jpg 768w, https:\/\/www.deixalles81.cat\/wp-content\/uploads\/2023\/11\/Imagen9-1536x1016.jpg 1536w, https:\/\/www.deixalles81.cat\/wp-content\/uploads\/2023\/11\/Imagen9.jpg 1628w\" sizes=\"auto, (max-width: 1024px) 100vw, 1024px\" \/><\/figure>\n\n\n\n<figure class=\"wp-block-image size-large\"><img loading=\"lazy\" decoding=\"async\" width=\"1024\" height=\"678\" data-id=\"945\" src=\"https:\/\/www.deixalles81.cat\/wp-content\/uploads\/2023\/11\/Imagen7-1024x678.jpg\" alt=\"\" class=\"wp-image-945\" srcset=\"https:\/\/www.deixalles81.cat\/wp-content\/uploads\/2023\/11\/Imagen7-1024x678.jpg 1024w, https:\/\/www.deixalles81.cat\/wp-content\/uploads\/2023\/11\/Imagen7-300x199.jpg 300w, https:\/\/www.deixalles81.cat\/wp-content\/uploads\/2023\/11\/Imagen7-768x509.jpg 768w, https:\/\/www.deixalles81.cat\/wp-content\/uploads\/2023\/11\/Imagen7-1536x1017.jpg 1536w, https:\/\/www.deixalles81.cat\/wp-content\/uploads\/2023\/11\/Imagen7.jpg 1625w\" sizes=\"auto, (max-width: 1024px) 100vw, 1024px\" \/><\/figure>\n\n\n\n<figure class=\"wp-block-image size-large\"><img loading=\"lazy\" decoding=\"async\" width=\"1024\" height=\"678\" data-id=\"946\" src=\"https:\/\/www.deixalles81.cat\/wp-content\/uploads\/2023\/11\/Imagen8-1024x678.jpg\" alt=\"\" class=\"wp-image-946\" srcset=\"https:\/\/www.deixalles81.cat\/wp-content\/uploads\/2023\/11\/Imagen8-1024x678.jpg 1024w, https:\/\/www.deixalles81.cat\/wp-content\/uploads\/2023\/11\/Imagen8-300x199.jpg 300w, https:\/\/www.deixalles81.cat\/wp-content\/uploads\/2023\/11\/Imagen8-768x509.jpg 768w, https:\/\/www.deixalles81.cat\/wp-content\/uploads\/2023\/11\/Imagen8-1536x1017.jpg 1536w, https:\/\/www.deixalles81.cat\/wp-content\/uploads\/2023\/11\/Imagen8.jpg 1626w\" sizes=\"auto, (max-width: 1024px) 100vw, 1024px\" \/><\/figure>\n\n\n\n<figure class=\"wp-block-image size-large\"><img loading=\"lazy\" decoding=\"async\" width=\"1024\" height=\"678\" data-id=\"949\" src=\"https:\/\/www.deixalles81.cat\/wp-content\/uploads\/2023\/11\/Imagen6-1024x678.jpg\" alt=\"\" class=\"wp-image-949\" srcset=\"https:\/\/www.deixalles81.cat\/wp-content\/uploads\/2023\/11\/Imagen6-1024x678.jpg 1024w, https:\/\/www.deixalles81.cat\/wp-content\/uploads\/2023\/11\/Imagen6-300x199.jpg 300w, https:\/\/www.deixalles81.cat\/wp-content\/uploads\/2023\/11\/Imagen6-768x509.jpg 768w, https:\/\/www.deixalles81.cat\/wp-content\/uploads\/2023\/11\/Imagen6-1536x1018.jpg 1536w, https:\/\/www.deixalles81.cat\/wp-content\/uploads\/2023\/11\/Imagen6.jpg 1603w\" sizes=\"auto, (max-width: 1024px) 100vw, 1024px\" \/><\/figure>\n\n\n\n<figure class=\"wp-block-image size-large\"><img loading=\"lazy\" decoding=\"async\" width=\"1024\" height=\"678\" data-id=\"952\" src=\"https:\/\/www.deixalles81.cat\/wp-content\/uploads\/2023\/11\/Imagen5-1024x678.jpg\" alt=\"\" class=\"wp-image-952\" srcset=\"https:\/\/www.deixalles81.cat\/wp-content\/uploads\/2023\/11\/Imagen5-1024x678.jpg 1024w, https:\/\/www.deixalles81.cat\/wp-content\/uploads\/2023\/11\/Imagen5-300x199.jpg 300w, https:\/\/www.deixalles81.cat\/wp-content\/uploads\/2023\/11\/Imagen5-768x509.jpg 768w, https:\/\/www.deixalles81.cat\/wp-content\/uploads\/2023\/11\/Imagen5-1536x1018.jpg 1536w, https:\/\/www.deixalles81.cat\/wp-content\/uploads\/2023\/11\/Imagen5.jpg 1612w\" sizes=\"auto, (max-width: 1024px) 100vw, 1024px\" \/><\/figure>\n\n\n\n<figure class=\"wp-block-image size-large\"><img loading=\"lazy\" decoding=\"async\" width=\"1024\" height=\"678\" data-id=\"944\" src=\"https:\/\/www.deixalles81.cat\/wp-content\/uploads\/2023\/11\/Imagen3-1024x678.jpg\" alt=\"\" class=\"wp-image-944\" srcset=\"https:\/\/www.deixalles81.cat\/wp-content\/uploads\/2023\/11\/Imagen3-1024x678.jpg 1024w, https:\/\/www.deixalles81.cat\/wp-content\/uploads\/2023\/11\/Imagen3-300x199.jpg 300w, https:\/\/www.deixalles81.cat\/wp-content\/uploads\/2023\/11\/Imagen3-768x508.jpg 768w, https:\/\/www.deixalles81.cat\/wp-content\/uploads\/2023\/11\/Imagen3-1536x1017.jpg 1536w, https:\/\/www.deixalles81.cat\/wp-content\/uploads\/2023\/11\/Imagen3.jpg 1603w\" sizes=\"auto, (max-width: 1024px) 100vw, 1024px\" \/><\/figure>\n\n\n\n<figure class=\"wp-block-image size-large\"><img loading=\"lazy\" decoding=\"async\" width=\"1024\" height=\"679\" data-id=\"947\" src=\"https:\/\/www.deixalles81.cat\/wp-content\/uploads\/2023\/11\/Imagen2-1024x679.jpg\" alt=\"\" class=\"wp-image-947\" srcset=\"https:\/\/www.deixalles81.cat\/wp-content\/uploads\/2023\/11\/Imagen2-1024x679.jpg 1024w, https:\/\/www.deixalles81.cat\/wp-content\/uploads\/2023\/11\/Imagen2-300x199.jpg 300w, https:\/\/www.deixalles81.cat\/wp-content\/uploads\/2023\/11\/Imagen2-768x509.jpg 768w, https:\/\/www.deixalles81.cat\/wp-content\/uploads\/2023\/11\/Imagen2-1536x1018.jpg 1536w, https:\/\/www.deixalles81.cat\/wp-content\/uploads\/2023\/11\/Imagen2-360x240.jpg 360w, https:\/\/www.deixalles81.cat\/wp-content\/uploads\/2023\/11\/Imagen2.jpg 1589w\" sizes=\"auto, (max-width: 1024px) 100vw, 1024px\" \/><\/figure>\n\n\n\n<figure class=\"wp-block-image size-large\"><img loading=\"lazy\" decoding=\"async\" width=\"1024\" height=\"679\" data-id=\"951\" src=\"https:\/\/www.deixalles81.cat\/wp-content\/uploads\/2023\/11\/Imagen1-1024x679.jpg\" alt=\"\" class=\"wp-image-951\" srcset=\"https:\/\/www.deixalles81.cat\/wp-content\/uploads\/2023\/11\/Imagen1-1024x679.jpg 1024w, https:\/\/www.deixalles81.cat\/wp-content\/uploads\/2023\/11\/Imagen1-300x199.jpg 300w, https:\/\/www.deixalles81.cat\/wp-content\/uploads\/2023\/11\/Imagen1-768x509.jpg 768w, https:\/\/www.deixalles81.cat\/wp-content\/uploads\/2023\/11\/Imagen1-1536x1018.jpg 1536w, https:\/\/www.deixalles81.cat\/wp-content\/uploads\/2023\/11\/Imagen1-360x240.jpg 360w, https:\/\/www.deixalles81.cat\/wp-content\/uploads\/2023\/11\/Imagen1.jpg 1589w\" sizes=\"auto, (max-width: 1024px) 100vw, 1024px\" \/><\/figure>\n\n\n\n<figure class=\"wp-block-image size-large\"><img loading=\"lazy\" decoding=\"async\" width=\"1024\" height=\"678\" data-id=\"950\" src=\"https:\/\/www.deixalles81.cat\/wp-content\/uploads\/2023\/11\/Imagen4-1024x678.jpg\" alt=\"\" class=\"wp-image-950\" srcset=\"https:\/\/www.deixalles81.cat\/wp-content\/uploads\/2023\/11\/Imagen4-1024x678.jpg 1024w, https:\/\/www.deixalles81.cat\/wp-content\/uploads\/2023\/11\/Imagen4-300x199.jpg 300w, https:\/\/www.deixalles81.cat\/wp-content\/uploads\/2023\/11\/Imagen4-768x508.jpg 768w, https:\/\/www.deixalles81.cat\/wp-content\/uploads\/2023\/11\/Imagen4-1536x1017.jpg 1536w, https:\/\/www.deixalles81.cat\/wp-content\/uploads\/2023\/11\/Imagen4.jpg 1609w\" sizes=\"auto, (max-width: 1024px) 100vw, 1024px\" \/><\/figure>\n<\/figure>\n\n\n\n<p>Podeu visualitzar l\u2019obra clicant\u00a0<a href=\"https:\/\/www.youtube.com\/watch?v=7QOFpag4OjE\">aqu\u00ed<\/a>.<\/p>\n","protected":false},"excerpt":{"rendered":"<p>de FERNANDO TRIAS DE BES SINOPSI: El Sr. Buix\u00f3 acaba de vendre la seva Roomba al Wallapop. Per celebrar-ho, es compra un gelat\u2026 i de cop es desperta en un b\u00fanquer del CNI on tres &#8220;honorables&#8221; cient\u00edfics el volen peritar, per complir amb un tr\u00e0mit\u2026 Qu\u00e8 hi havia dins el [&hellip;]<\/p>\n","protected":false},"author":2,"featured_media":0,"parent":0,"menu_order":0,"comment_status":"closed","ping_status":"closed","template":"","meta":{"footnotes":""},"class_list":["post-943","page","type-page","status-publish","hentry"],"_links":{"self":[{"href":"https:\/\/www.deixalles81.cat\/index.php\/wp-json\/wp\/v2\/pages\/943","targetHints":{"allow":["GET"]}}],"collection":[{"href":"https:\/\/www.deixalles81.cat\/index.php\/wp-json\/wp\/v2\/pages"}],"about":[{"href":"https:\/\/www.deixalles81.cat\/index.php\/wp-json\/wp\/v2\/types\/page"}],"author":[{"embeddable":true,"href":"https:\/\/www.deixalles81.cat\/index.php\/wp-json\/wp\/v2\/users\/2"}],"replies":[{"embeddable":true,"href":"https:\/\/www.deixalles81.cat\/index.php\/wp-json\/wp\/v2\/comments?post=943"}],"version-history":[{"count":2,"href":"https:\/\/www.deixalles81.cat\/index.php\/wp-json\/wp\/v2\/pages\/943\/revisions"}],"predecessor-version":[{"id":966,"href":"https:\/\/www.deixalles81.cat\/index.php\/wp-json\/wp\/v2\/pages\/943\/revisions\/966"}],"wp:attachment":[{"href":"https:\/\/www.deixalles81.cat\/index.php\/wp-json\/wp\/v2\/media?parent=943"}],"curies":[{"name":"wp","href":"https:\/\/api.w.org\/{rel}","templated":true}]}}